{"id":369,"date":"2017-06-15T13:11:36","date_gmt":"2017-06-15T10:11:36","guid":{"rendered":"http:\/\/fil.ee\/uus\/?post_type=product&#038;p=369"},"modified":"2025-09-21T23:32:39","modified_gmt":"2025-09-21T20:32:39","slug":"petu","status":"publish","type":"product","link":"https:\/\/fil.ee\/uus\/toode\/petu\/","title":{"rendered":"Petu"},"content":{"rendered":"<p style=\"text-align: justify;\"><span style=\"font-family: 'comic sans ms', sans-serif;\">2016. aasta 15. detsembril ilmus meie kirjastuselt tore lasteraamat \u201cPetu\u201d, mille autor on Margit Peterson. Raamat on A5 formaadis, k\u00f5vade kaantega ja selles on 40 lehek\u00fclge. Toimetas Anneli Sihvart, k\u00fcljendas Vallo Hallik ja illustreeris Signe Lauk.<\/span><\/p>\n<p style=\"text-align: justify;\"><span style=\"font-family: 'comic sans ms', sans-serif;\"><strong>Autoripoolne tutvustus:<\/strong><\/span><br \/>\n<span style=\"font-family: 'comic sans ms', sans-serif;\">Minu esimene lasteraamat k\u00f5neleb maalaste elust 70.-tel, kuhu ei kuulunud arvutid ega elektroonilised m\u00e4ngud. See on raamat teie vanavanemate lapsep\u00f5lvest. Raamatule tuleb ka j\u00e4rg PETU L\u00c4HEB KOOLI.<\/span><\/p>\n","protected":false},"excerpt":{"rendered":"<p>2016. aasta 15. detsembril ilmus meie kirjastuselt tore lasteraamat \u201cPetu\u201d, mille autor on Margit Peterson. Raamat on A5 formaadis, k\u00f5vade kaantega ja selles on 40 lehek\u00fclge. Toimetas Anneli Sihvart, k\u00fcljendas Vallo Hallik ja illustreeris Signe Lauk. Autoripoolne tutvustus: Minu esimene lasteraamat k\u00f5neleb maalaste elust 70.-tel, kuhu ei kuulunud arvutid ega elektroonilised m\u00e4ngud. See on raamat [&hellip;]<\/p>\n","protected":false},"featured_media":131,"comment_status":"open","ping_status":"closed","template":"","meta":[],"product_brand":[],"product_cat":[22],"product_tag":[],"class_list":{"0":"post-369","1":"product","2":"type-product","3":"status-publish","4":"has-post-thumbnail","6":"product_cat-lastele","8":"first","9":"instock","10":"sale","11":"taxable","12":"shipping-taxable","13":"purchasable","14":"product-type-simple"},"_links":{"self":[{"href":"https:\/\/fil.ee\/uus\/wp-json\/wp\/v2\/product\/369","targetHints":{"allow":["GET"]}}],"collection":[{"href":"https:\/\/fil.ee\/uus\/wp-json\/wp\/v2\/product"}],"about":[{"href":"https:\/\/fil.ee\/uus\/wp-json\/wp\/v2\/types\/product"}],"replies":[{"embeddable":true,"href":"https:\/\/fil.ee\/uus\/wp-json\/wp\/v2\/comments?post=369"}],"wp:featuredmedia":[{"embeddable":true,"href":"https:\/\/fil.ee\/uus\/wp-json\/wp\/v2\/media\/131"}],"wp:attachment":[{"href":"https:\/\/fil.ee\/uus\/wp-json\/wp\/v2\/media?parent=369"}],"wp:term":[{"taxonomy":"product_brand","embeddable":true,"href":"https:\/\/fil.ee\/uus\/wp-json\/wp\/v2\/product_brand?post=369"},{"taxonomy":"product_cat","embeddable":true,"href":"https:\/\/fil.ee\/uus\/wp-json\/wp\/v2\/product_cat?post=369"},{"taxonomy":"product_tag","embeddable":true,"href":"https:\/\/fil.ee\/uus\/wp-json\/wp\/v2\/product_tag?post=369"}],"curies":[{"name":"wp","href":"https:\/\/api.w.org\/{rel}","templated":true}]}}