{"id":368,"date":"2017-06-15T13:09:40","date_gmt":"2017-06-15T10:09:40","guid":{"rendered":"http:\/\/fil.ee\/uus\/?post_type=product&#038;p=368"},"modified":"2023-01-31T03:35:45","modified_gmt":"2023-01-31T01:35:45","slug":"riigi-teataja-nr-1","status":"publish","type":"product","link":"https:\/\/fil.ee\/uus\/toode\/riigi-teataja-nr-1\/","title":{"rendered":"Riigi Teataja Nr. 1"},"content":{"rendered":"<p style=\"text-align: justify;\"><span style=\"font-family: 'comic sans ms', sans-serif;\">2016. aasta 14. novembril ilmus meie kirjastuselt Libauudiste sarja esimene raamat \u201c<strong>Riigi Teataja Nr. 1<\/strong>\u201c, mille autor on Rohke Debelakk. Raamat on m\u00f5\u00f5dus 11\u00d721 cm, pehmete kaantega ja selles on 52 lehek\u00fclge. Kaaned kujundas Sigrid Kink ja toimetas Heli Hallik.<\/span><\/p>\n<p style=\"text-align: justify;\"><span style=\"font-family: 'comic sans ms', sans-serif;\"><strong>Autoripoolne tutvustus:<\/strong><\/span><br \/>\n<span style=\"font-family: 'comic sans ms', sans-serif;\">L\u00fchike kroonika perioodist Eesti Vabariigis, mida tulevikus ajaloo\u00f5pikuis hakatakse nimetama \u201cpeenh\u00e4\u00e4lestamise ajastuks\u201d. Riigi ja inimese areng Eesti aladel on j\u00f5udnud l\u00f5pule ja lakanud. T\u00e4iuslik Riik ja t\u00e4iuslik Inimene on valmis.<\/span><\/p>\n","protected":false},"excerpt":{"rendered":"<p>2016. aasta 14. novembril ilmus meie kirjastuselt Libauudiste sarja esimene raamat \u201cRiigi Teataja Nr. 1\u201c, mille autor on Rohke Debelakk. Raamat on m\u00f5\u00f5dus 11\u00d721 cm, pehmete kaantega ja selles on 52 lehek\u00fclge. Kaaned kujundas Sigrid Kink ja toimetas Heli Hallik. Autoripoolne tutvustus: L\u00fchike kroonika perioodist Eesti Vabariigis, mida tulevikus ajaloo\u00f5pikuis hakatakse nimetama \u201cpeenh\u00e4\u00e4lestamise ajastuks\u201d. Riigi [&hellip;]<\/p>\n","protected":false},"featured_media":160,"comment_status":"open","ping_status":"closed","template":"","meta":[],"product_brand":[],"product_cat":[18],"product_tag":[],"class_list":{"0":"post-368","1":"product","2":"type-product","3":"status-publish","4":"has-post-thumbnail","6":"product_cat-huumor","8":"first","9":"instock","10":"taxable","11":"shipping-taxable","12":"purchasable","13":"product-type-simple"},"_links":{"self":[{"href":"https:\/\/fil.ee\/uus\/wp-json\/wp\/v2\/product\/368","targetHints":{"allow":["GET"]}}],"collection":[{"href":"https:\/\/fil.ee\/uus\/wp-json\/wp\/v2\/product"}],"about":[{"href":"https:\/\/fil.ee\/uus\/wp-json\/wp\/v2\/types\/product"}],"replies":[{"embeddable":true,"href":"https:\/\/fil.ee\/uus\/wp-json\/wp\/v2\/comments?post=368"}],"wp:featuredmedia":[{"embeddable":true,"href":"https:\/\/fil.ee\/uus\/wp-json\/wp\/v2\/media\/160"}],"wp:attachment":[{"href":"https:\/\/fil.ee\/uus\/wp-json\/wp\/v2\/media?parent=368"}],"wp:term":[{"taxonomy":"product_brand","embeddable":true,"href":"https:\/\/fil.ee\/uus\/wp-json\/wp\/v2\/product_brand?post=368"},{"taxonomy":"product_cat","embeddable":true,"href":"https:\/\/fil.ee\/uus\/wp-json\/wp\/v2\/product_cat?post=368"},{"taxonomy":"product_tag","embeddable":true,"href":"https:\/\/fil.ee\/uus\/wp-json\/wp\/v2\/product_tag?post=368"}],"curies":[{"name":"wp","href":"https:\/\/api.w.org\/{rel}","templated":true}]}}