{"id":367,"date":"2017-06-15T13:06:19","date_gmt":"2017-06-15T10:06:19","guid":{"rendered":"http:\/\/fil.ee\/uus\/?post_type=product&#038;p=367"},"modified":"2023-01-31T03:33:57","modified_gmt":"2023-01-31T01:33:57","slug":"valge-hundi-kroonikad-ohutsooni-hundid","status":"publish","type":"product","link":"https:\/\/fil.ee\/uus\/toode\/valge-hundi-kroonikad-ohutsooni-hundid\/","title":{"rendered":"Valge hundi kroonikad \u2013 Ohutsooni hundid"},"content":{"rendered":"<p style=\"text-align: justify;\"><span style=\"font-family: 'comic sans ms', sans-serif;\">2016. aasta 19. oktoobril ilmus meie kirjastuselt ulmeromaan \u201c<strong>Valge hundi kroonikad<\/strong>\u201d alapealkirjaga \u201c<strong>Ohutsooni hundid<\/strong>\u201d, mille autor on Akuma V. Raamat on A5 formaadis, pehmete kaantega ja selles on 376 lehek\u00fclge. Kaaned kujundas Sigrid Kink ja toimetas Heli Hallik.<\/span><\/p>\n<p style=\"text-align: justify;\"><span style=\"font-family: 'comic sans ms', sans-serif;\"><strong>Autoripoolne tutvustus:<\/strong><\/span><br \/>\n<span style=\"font-family: 'comic sans ms', sans-serif;\">Tegu on sarja \u201cValge hundi kroonikad\u201d esimese raamatuga. Lugu keskendub teismelise t\u00fcdruku teekonnale l\u00e4bi teismeea kirjutiste, mis \u00fchel hetkel hakkavad elama oma elu, t\u00f5mmates t\u00fctarlapse tema igap\u00e4evareaalsusest seiklustesse, mis leiavad aset erinevates dimensioonides ja paralleelreaalsustes. Seiklused on v\u00fcrtsitatud v\u00f5itluskunstide, maagia, loominimeste ja paljude huvitavate ning keeruliste tegelastega. Samuti on kaunilt kirjeldatud meeskonna areng ja koost\u00f6\u00f6, inimeste vahelised suhetes\u00f5lmed ning eneseotsingud.<\/span><\/p>\n","protected":false},"excerpt":{"rendered":"<p>2016. aasta 19. oktoobril ilmus meie kirjastuselt ulmeromaan \u201cValge hundi kroonikad\u201d alapealkirjaga \u201cOhutsooni hundid\u201d, mille autor on Akuma V. Raamat on A5 formaadis, pehmete kaantega ja selles on 376 lehek\u00fclge. Kaaned kujundas Sigrid Kink ja toimetas Heli Hallik. Autoripoolne tutvustus: Tegu on sarja \u201cValge hundi kroonikad\u201d esimese raamatuga. Lugu keskendub teismelise t\u00fcdruku teekonnale l\u00e4bi teismeea [&hellip;]<\/p>\n","protected":false},"featured_media":204,"comment_status":"open","ping_status":"closed","template":"","meta":[],"product_brand":[],"product_cat":[19,288],"product_tag":[],"class_list":{"0":"post-367","1":"product","2":"type-product","3":"status-publish","4":"has-post-thumbnail","6":"product_cat-ilukirjandus","7":"product_cat-noortele","9":"first","10":"instock","11":"taxable","12":"shipping-taxable","13":"purchasable","14":"product-type-simple"},"_links":{"self":[{"href":"https:\/\/fil.ee\/uus\/wp-json\/wp\/v2\/product\/367","targetHints":{"allow":["GET"]}}],"collection":[{"href":"https:\/\/fil.ee\/uus\/wp-json\/wp\/v2\/product"}],"about":[{"href":"https:\/\/fil.ee\/uus\/wp-json\/wp\/v2\/types\/product"}],"replies":[{"embeddable":true,"href":"https:\/\/fil.ee\/uus\/wp-json\/wp\/v2\/comments?post=367"}],"wp:featuredmedia":[{"embeddable":true,"href":"https:\/\/fil.ee\/uus\/wp-json\/wp\/v2\/media\/204"}],"wp:attachment":[{"href":"https:\/\/fil.ee\/uus\/wp-json\/wp\/v2\/media?parent=367"}],"wp:term":[{"taxonomy":"product_brand","embeddable":true,"href":"https:\/\/fil.ee\/uus\/wp-json\/wp\/v2\/product_brand?post=367"},{"taxonomy":"product_cat","embeddable":true,"href":"https:\/\/fil.ee\/uus\/wp-json\/wp\/v2\/product_cat?post=367"},{"taxonomy":"product_tag","embeddable":true,"href":"https:\/\/fil.ee\/uus\/wp-json\/wp\/v2\/product_tag?post=367"}],"curies":[{"name":"wp","href":"https:\/\/api.w.org\/{rel}","templated":true}]}}