{"id":363,"date":"2017-06-15T12:44:59","date_gmt":"2017-06-15T09:44:59","guid":{"rendered":"http:\/\/fil.ee\/uus\/?post_type=product&#038;p=363"},"modified":"2023-01-31T03:29:27","modified_gmt":"2023-01-31T01:29:27","slug":"kutsumata-vestlus","status":"publish","type":"product","link":"https:\/\/fil.ee\/uus\/toode\/kutsumata-vestlus\/","title":{"rendered":"Kutsumata vestlus"},"content":{"rendered":"<p style=\"text-align: justify;\"><span style=\"font-family: 'comic sans ms', sans-serif;\">2016. aasta 12. augustil ilmus autori Anett Tuisk esimene luulekogu \u201c<strong>Kutsumata vestlus<\/strong>\u201c. Raamat on A6 formaadis, pehmete kaantega ja selles on 20 lehek\u00fclge. Toimetas Jaak K\u00e4nd.<\/span><\/p>\n<p style=\"text-align: justify;\"><span style=\"font-family: 'comic sans ms', sans-serif;\"><strong>Autoripoolne tutvustus:<\/strong><\/span><br \/>\n<span style=\"font-family: 'comic sans ms', sans-serif;\">V\u00e4ike luulekogu s\u00fcndis h\u00e4maras toas, veel h\u00e4maramal ajal. K\u00f5ik kirjapandu on kirjutatud tuginedes \u00fchele ainsale emotsioonile, mis oli \u00fcmberl\u00fckkamatu ning n\u00fc\u00fcdseks kordumatu. Kes oleks arvanud, et mitteluuletaja v\u00f5ib \u00fchel p\u00e4eval natuke luuletaja olla.<\/span><\/p>\n","protected":false},"excerpt":{"rendered":"<p>2016. aasta 12. augustil ilmus autori Anett Tuisk esimene luulekogu \u201cKutsumata vestlus\u201c. Raamat on A6 formaadis, pehmete kaantega ja selles on 20 lehek\u00fclge. Toimetas Jaak K\u00e4nd. Autoripoolne tutvustus: V\u00e4ike luulekogu s\u00fcndis h\u00e4maras toas, veel h\u00e4maramal ajal. K\u00f5ik kirjapandu on kirjutatud tuginedes \u00fchele ainsale emotsioonile, mis oli \u00fcmberl\u00fckkamatu ning n\u00fc\u00fcdseks kordumatu. Kes oleks arvanud, et mitteluuletaja [&hellip;]<\/p>\n","protected":false},"featured_media":156,"comment_status":"open","ping_status":"closed","template":"","meta":[],"product_brand":[],"product_cat":[23],"product_tag":[],"class_list":{"0":"post-363","1":"product","2":"type-product","3":"status-publish","4":"has-post-thumbnail","6":"product_cat-luule","8":"first","9":"instock","10":"taxable","11":"shipping-taxable","12":"purchasable","13":"product-type-simple"},"_links":{"self":[{"href":"https:\/\/fil.ee\/uus\/wp-json\/wp\/v2\/product\/363","targetHints":{"allow":["GET"]}}],"collection":[{"href":"https:\/\/fil.ee\/uus\/wp-json\/wp\/v2\/product"}],"about":[{"href":"https:\/\/fil.ee\/uus\/wp-json\/wp\/v2\/types\/product"}],"replies":[{"embeddable":true,"href":"https:\/\/fil.ee\/uus\/wp-json\/wp\/v2\/comments?post=363"}],"wp:featuredmedia":[{"embeddable":true,"href":"https:\/\/fil.ee\/uus\/wp-json\/wp\/v2\/media\/156"}],"wp:attachment":[{"href":"https:\/\/fil.ee\/uus\/wp-json\/wp\/v2\/media?parent=363"}],"wp:term":[{"taxonomy":"product_brand","embeddable":true,"href":"https:\/\/fil.ee\/uus\/wp-json\/wp\/v2\/product_brand?post=363"},{"taxonomy":"product_cat","embeddable":true,"href":"https:\/\/fil.ee\/uus\/wp-json\/wp\/v2\/product_cat?post=363"},{"taxonomy":"product_tag","embeddable":true,"href":"https:\/\/fil.ee\/uus\/wp-json\/wp\/v2\/product_tag?post=363"}],"curies":[{"name":"wp","href":"https:\/\/api.w.org\/{rel}","templated":true}]}}