{"id":362,"date":"2017-06-15T12:43:25","date_gmt":"2017-06-15T09:43:25","guid":{"rendered":"http:\/\/fil.ee\/uus\/?post_type=product&#038;p=362"},"modified":"2023-01-31T03:27:44","modified_gmt":"2023-01-31T01:27:44","slug":"selgelt-nagija","status":"publish","type":"product","link":"https:\/\/fil.ee\/uus\/toode\/selgelt-nagija\/","title":{"rendered":"Selgelt n\u00e4gija"},"content":{"rendered":"<p style=\"text-align: justify;\"><span style=\"font-family: 'comic sans ms', sans-serif;\">2016. aasta 14. juulil ilmus uus krimiromaan Silja Vaher \u201c<strong>Selgelt n\u00e4gija<\/strong>\u201c. Raamat on A5 formaadis, k\u00f5vade kaantega ja selles on 280 lehek\u00fclge. Toimetas S. M. Rattiste.<\/span><\/p>\n<p style=\"text-align: justify;\"><span style=\"font-family: 'comic sans ms', sans-serif;\"><strong>Autoripoolne tutvustus:<\/strong><\/span><br \/>\n<span style=\"font-family: 'comic sans ms', sans-serif;\">J\u00e4rg autori esikteosele \u201cPatune\u201d, kus j\u00e4tkuvad Reelika ja Peebu p\u00f5nevad seiklused ning ilmub uusi p\u00f5nevaid tegelasi. Pole \u00fchtegi h\u00e4da, mille vastu ei aitaks pehmed k\u00f5rvad, soojad silmad, m\u00e4rg nina ja s\u00f5bralik saba! Selgeltn\u00e4gemine. Must Hunt, kellel on oma osa lapser\u00f6\u00f6vis. L\u00f5gismadu pererahva \u00f5uemurul. Hobune l\u00e4heb omap\u00e4i kilomeetrite taha s\u00f5pra otsima. Armunud naise k\u00e4ttemaks. M\u00f5rv klassikokkutulekul. Ahistajate k\u00fc\u00fcsi sattunud r\u00f6\u00f6vitud lapsed salap\u00e4rases kloostris ja nende p\u00e4\u00e4semine \u2026<\/span><\/p>\n","protected":false},"excerpt":{"rendered":"<p>2016. aasta 14. juulil ilmus uus krimiromaan Silja Vaher \u201cSelgelt n\u00e4gija\u201c. Raamat on A5 formaadis, k\u00f5vade kaantega ja selles on 280 lehek\u00fclge. Toimetas S. M. Rattiste. Autoripoolne tutvustus: J\u00e4rg autori esikteosele \u201cPatune\u201d, kus j\u00e4tkuvad Reelika ja Peebu p\u00f5nevad seiklused ning ilmub uusi p\u00f5nevaid tegelasi. Pole \u00fchtegi h\u00e4da, mille vastu ei aitaks pehmed k\u00f5rvad, soojad silmad, [&hellip;]<\/p>\n","protected":false},"featured_media":134,"comment_status":"open","ping_status":"closed","template":"","meta":[],"product_brand":[],"product_cat":[19,21],"product_tag":[],"class_list":{"0":"post-362","1":"product","2":"type-product","3":"status-publish","4":"has-post-thumbnail","6":"product_cat-ilukirjandus","7":"product_cat-kriminaalromaan","9":"first","10":"instock","11":"taxable","12":"shipping-taxable","13":"purchasable","14":"product-type-simple"},"_links":{"self":[{"href":"https:\/\/fil.ee\/uus\/wp-json\/wp\/v2\/product\/362","targetHints":{"allow":["GET"]}}],"collection":[{"href":"https:\/\/fil.ee\/uus\/wp-json\/wp\/v2\/product"}],"about":[{"href":"https:\/\/fil.ee\/uus\/wp-json\/wp\/v2\/types\/product"}],"replies":[{"embeddable":true,"href":"https:\/\/fil.ee\/uus\/wp-json\/wp\/v2\/comments?post=362"}],"wp:featuredmedia":[{"embeddable":true,"href":"https:\/\/fil.ee\/uus\/wp-json\/wp\/v2\/media\/134"}],"wp:attachment":[{"href":"https:\/\/fil.ee\/uus\/wp-json\/wp\/v2\/media?parent=362"}],"wp:term":[{"taxonomy":"product_brand","embeddable":true,"href":"https:\/\/fil.ee\/uus\/wp-json\/wp\/v2\/product_brand?post=362"},{"taxonomy":"product_cat","embeddable":true,"href":"https:\/\/fil.ee\/uus\/wp-json\/wp\/v2\/product_cat?post=362"},{"taxonomy":"product_tag","embeddable":true,"href":"https:\/\/fil.ee\/uus\/wp-json\/wp\/v2\/product_tag?post=362"}],"curies":[{"name":"wp","href":"https:\/\/api.w.org\/{rel}","templated":true}]}}