{"id":358,"date":"2017-06-15T12:37:06","date_gmt":"2017-06-15T09:37:06","guid":{"rendered":"http:\/\/fil.ee\/uus\/?post_type=product&#038;p=358"},"modified":"2023-01-31T03:16:45","modified_gmt":"2023-01-31T01:16:45","slug":"taisring-iii","status":"publish","type":"product","link":"https:\/\/fil.ee\/uus\/toode\/taisring-iii\/","title":{"rendered":"T\u00e4isring III"},"content":{"rendered":"<p style=\"text-align: justify;\"><span style=\"font-family: 'comic sans ms', sans-serif;\">2016. aasta 25. aprillil ilmus triloogia kolmas ehk viimane osa \u201cT\u00e4isring III\u201d, mille autor on Kati Saara Vatmann. Raamat on A5 formaadis, pehmete kaantega ja selles on 304 lehek\u00fclge.<\/span><\/p>\n<div class=\"text_exposed_show\">\n<p style=\"text-align: justify;\"><strong><span style=\"font-family: 'comic sans ms', sans-serif;\">Raamatu tutvustus:<\/span><\/strong><br \/>\n<span style=\"font-family: 'comic sans ms', sans-serif;\">T\u00e4isring III peidab oma kaante vahel kahe esimese T\u00e4isringi (n\u00e4idendi ja romaani) saamis- ja loomislugu, sama n\u00e4idendi suvetuuri kirjeldust ning paraja portsu elutarkusi.<\/span><\/p>\n<\/div>\n","protected":false},"excerpt":{"rendered":"<p>2016. aasta 25. aprillil ilmus triloogia kolmas ehk viimane osa \u201cT\u00e4isring III\u201d, mille autor on Kati Saara Vatmann. Raamat on A5 formaadis, pehmete kaantega ja selles on 304 lehek\u00fclge. Raamatu tutvustus: T\u00e4isring III peidab oma kaante vahel kahe esimese T\u00e4isringi (n\u00e4idendi ja romaani) saamis- ja loomislugu, sama n\u00e4idendi suvetuuri kirjeldust ning paraja portsu elutarkusi.<\/p>\n","protected":false},"featured_media":194,"comment_status":"open","ping_status":"closed","template":"","meta":[],"product_brand":[],"product_cat":[19],"product_tag":[],"class_list":{"0":"post-358","1":"product","2":"type-product","3":"status-publish","4":"has-post-thumbnail","6":"product_cat-ilukirjandus","8":"first","9":"instock","10":"taxable","11":"shipping-taxable","12":"purchasable","13":"product-type-simple"},"_links":{"self":[{"href":"https:\/\/fil.ee\/uus\/wp-json\/wp\/v2\/product\/358","targetHints":{"allow":["GET"]}}],"collection":[{"href":"https:\/\/fil.ee\/uus\/wp-json\/wp\/v2\/product"}],"about":[{"href":"https:\/\/fil.ee\/uus\/wp-json\/wp\/v2\/types\/product"}],"replies":[{"embeddable":true,"href":"https:\/\/fil.ee\/uus\/wp-json\/wp\/v2\/comments?post=358"}],"wp:featuredmedia":[{"embeddable":true,"href":"https:\/\/fil.ee\/uus\/wp-json\/wp\/v2\/media\/194"}],"wp:attachment":[{"href":"https:\/\/fil.ee\/uus\/wp-json\/wp\/v2\/media?parent=358"}],"wp:term":[{"taxonomy":"product_brand","embeddable":true,"href":"https:\/\/fil.ee\/uus\/wp-json\/wp\/v2\/product_brand?post=358"},{"taxonomy":"product_cat","embeddable":true,"href":"https:\/\/fil.ee\/uus\/wp-json\/wp\/v2\/product_cat?post=358"},{"taxonomy":"product_tag","embeddable":true,"href":"https:\/\/fil.ee\/uus\/wp-json\/wp\/v2\/product_tag?post=358"}],"curies":[{"name":"wp","href":"https:\/\/api.w.org\/{rel}","templated":true}]}}