{"id":353,"date":"2017-06-15T12:08:53","date_gmt":"2017-06-15T09:08:53","guid":{"rendered":"http:\/\/fil.ee\/uus\/?post_type=product&#038;p=353"},"modified":"2023-01-29T22:36:01","modified_gmt":"2023-01-29T20:36:01","slug":"oode-tutar","status":"publish","type":"product","link":"https:\/\/fil.ee\/uus\/toode\/oode-tutar\/","title":{"rendered":"\u00d6\u00f6de t\u00fctar"},"content":{"rendered":"<p style=\"text-align: justify;\"><span style=\"font-family: 'comic sans ms', sans-serif;\">2015. aasta 10. detsembril ilmus meie kirjastuselt luulekogu \u201c<strong>\u00d6\u00f6de t\u00fctar<\/strong>\u201c, mis on Margit Petersoni neljas luulekogu. Raamat on A6 formaadis, k\u00f5vade kaantega ning selles on 160 lehek\u00fclge.<\/span><\/p>\n<p style=\"text-align: justify;\"><span style=\"font-family: 'comic sans ms', sans-serif;\"><strong>Poetess Anneli Lamp kirjutab:<\/strong><\/span><br \/>\n<span style=\"font-family: 'comic sans ms', sans-serif;\">Margiti luule \u00e4iutab sind koduses talutares, kannab v\u00f5\u00f5rastele maadele, viib muinasjuttu. Heidetud s\u00f5na v\u00f5i kujund tabab alati t\u00e4pselt. Otse hinge. See v\u00f5ib tulla v\u00e4ga kaugetest algaegadest ja kanda endas T\u00e4iuslikku Tarkust v\u00f5i \u00dclemlaulu v\u00f5i Loomise Lugu v\u00f5i veel midagi, mida tunned, kuid millel pole nime.<\/span><\/p>\n","protected":false},"excerpt":{"rendered":"<p>2015. aasta 10. detsembril ilmus meie kirjastuselt luulekogu \u201c\u00d6\u00f6de t\u00fctar\u201c, mis on Margit Petersoni neljas luulekogu. Raamat on A6 formaadis, k\u00f5vade kaantega ning selles on 160 lehek\u00fclge. Poetess Anneli Lamp kirjutab: Margiti luule \u00e4iutab sind koduses talutares, kannab v\u00f5\u00f5rastele maadele, viib muinasjuttu. Heidetud s\u00f5na v\u00f5i kujund tabab alati t\u00e4pselt. Otse hinge. See v\u00f5ib tulla v\u00e4ga [&hellip;]<\/p>\n","protected":false},"featured_media":172,"comment_status":"open","ping_status":"closed","template":"","meta":[],"product_brand":[],"product_cat":[23],"product_tag":[],"class_list":{"0":"post-353","1":"product","2":"type-product","3":"status-publish","4":"has-post-thumbnail","6":"product_cat-luule","8":"first","9":"instock","10":"taxable","11":"shipping-taxable","12":"purchasable","13":"product-type-simple"},"_links":{"self":[{"href":"https:\/\/fil.ee\/uus\/wp-json\/wp\/v2\/product\/353","targetHints":{"allow":["GET"]}}],"collection":[{"href":"https:\/\/fil.ee\/uus\/wp-json\/wp\/v2\/product"}],"about":[{"href":"https:\/\/fil.ee\/uus\/wp-json\/wp\/v2\/types\/product"}],"replies":[{"embeddable":true,"href":"https:\/\/fil.ee\/uus\/wp-json\/wp\/v2\/comments?post=353"}],"wp:featuredmedia":[{"embeddable":true,"href":"https:\/\/fil.ee\/uus\/wp-json\/wp\/v2\/media\/172"}],"wp:attachment":[{"href":"https:\/\/fil.ee\/uus\/wp-json\/wp\/v2\/media?parent=353"}],"wp:term":[{"taxonomy":"product_brand","embeddable":true,"href":"https:\/\/fil.ee\/uus\/wp-json\/wp\/v2\/product_brand?post=353"},{"taxonomy":"product_cat","embeddable":true,"href":"https:\/\/fil.ee\/uus\/wp-json\/wp\/v2\/product_cat?post=353"},{"taxonomy":"product_tag","embeddable":true,"href":"https:\/\/fil.ee\/uus\/wp-json\/wp\/v2\/product_tag?post=353"}],"curies":[{"name":"wp","href":"https:\/\/api.w.org\/{rel}","templated":true}]}}