{"id":352,"date":"2017-06-15T12:07:08","date_gmt":"2017-06-15T09:07:08","guid":{"rendered":"http:\/\/fil.ee\/uus\/?post_type=product&#038;p=352"},"modified":"2024-09-19T09:38:48","modified_gmt":"2024-09-19T06:38:48","slug":"iga-paev-iga-aasta","status":"publish","type":"product","link":"https:\/\/fil.ee\/uus\/toode\/iga-paev-iga-aasta\/","title":{"rendered":"Iga p\u00e4ev, iga aasta"},"content":{"rendered":"<p style=\"text-align: justify;\"><span style=\"font-family: 'comic sans ms', sans-serif;\">2015. aasta 10. detsembril ilmus luulekogu \u201c<strong>Iga p\u00e4ev, iga aasta<\/strong>\u201c, mis on autori esimene teos. Raamat on A5 formaadis, k\u00f5vade kaantega ning selles on 136 lehek\u00fclge.<\/span><\/p>\n<p style=\"text-align: justify;\"><span style=\"font-family: 'comic sans ms', sans-serif;\"><strong>Sisututvustus:<\/strong><\/span><br \/>\n<span style=\"font-family: 'comic sans ms', sans-serif;\">Jaak K\u00e4nd on kutsumuselt \u00f5petaja, askeldaja ja jutumees \u2013 \u00f5petab matemaatikat ja brid\u017ei, koostab ja viib l\u00e4bi \u00f5pilaste m\u00e4lum\u00e4nge, jutustab lugusid ja muinasjutte, koostab rists\u00f5nu, korraldab ja esineb kirjandus\u00fcritustel, t\u00f5lgib vene keelest David Samoilovit ja luuletab ka ise. Luuletanud on Jaak lapsep\u00f5lvest saati, aga innukamalt viimased kolm aastat, alates 2012.a. kevadest, kui v\u00f5itis Poetry Slam\u2019i Eestis. Kogusse valitud luuletused on peamiselt aastatest 2012-2015. Jaagu luuletusi leiab ka kogumikust \u201cS\u00f5naga n\u00e4kku 2\u201d (2014).<\/span><\/p>\n","protected":false},"excerpt":{"rendered":"<p>2015. aasta 10. detsembril ilmus luulekogu \u201cIga p\u00e4ev, iga aasta\u201c, mis on autori esimene teos. Raamat on A5 formaadis, k\u00f5vade kaantega ning selles on 136 lehek\u00fclge. Sisututvustus: Jaak K\u00e4nd on kutsumuselt \u00f5petaja, askeldaja ja jutumees \u2013 \u00f5petab matemaatikat ja brid\u017ei, koostab ja viib l\u00e4bi \u00f5pilaste m\u00e4lum\u00e4nge, jutustab lugusid ja muinasjutte, koostab rists\u00f5nu, korraldab ja esineb [&hellip;]<\/p>\n","protected":false},"featured_media":141,"comment_status":"open","ping_status":"closed","template":"","meta":[],"product_brand":[],"product_cat":[286],"product_tag":[],"class_list":{"0":"post-352","1":"product","2":"type-product","3":"status-publish","4":"has-post-thumbnail","6":"product_cat-archive","8":"first","9":"outofstock","10":"taxable","11":"shipping-taxable","12":"product-type-simple"},"_links":{"self":[{"href":"https:\/\/fil.ee\/uus\/wp-json\/wp\/v2\/product\/352","targetHints":{"allow":["GET"]}}],"collection":[{"href":"https:\/\/fil.ee\/uus\/wp-json\/wp\/v2\/product"}],"about":[{"href":"https:\/\/fil.ee\/uus\/wp-json\/wp\/v2\/types\/product"}],"replies":[{"embeddable":true,"href":"https:\/\/fil.ee\/uus\/wp-json\/wp\/v2\/comments?post=352"}],"wp:featuredmedia":[{"embeddable":true,"href":"https:\/\/fil.ee\/uus\/wp-json\/wp\/v2\/media\/141"}],"wp:attachment":[{"href":"https:\/\/fil.ee\/uus\/wp-json\/wp\/v2\/media?parent=352"}],"wp:term":[{"taxonomy":"product_brand","embeddable":true,"href":"https:\/\/fil.ee\/uus\/wp-json\/wp\/v2\/product_brand?post=352"},{"taxonomy":"product_cat","embeddable":true,"href":"https:\/\/fil.ee\/uus\/wp-json\/wp\/v2\/product_cat?post=352"},{"taxonomy":"product_tag","embeddable":true,"href":"https:\/\/fil.ee\/uus\/wp-json\/wp\/v2\/product_tag?post=352"}],"curies":[{"name":"wp","href":"https:\/\/api.w.org\/{rel}","templated":true}]}}