{"id":350,"date":"2017-06-15T12:03:47","date_gmt":"2017-06-15T09:03:47","guid":{"rendered":"http:\/\/fil.ee\/uus\/?post_type=product&#038;p=350"},"modified":"2023-01-29T22:31:42","modified_gmt":"2023-01-29T20:31:42","slug":"kurjuse-kannul","status":"publish","type":"product","link":"https:\/\/fil.ee\/uus\/toode\/kurjuse-kannul\/","title":{"rendered":"Kurjuse kannul"},"content":{"rendered":"<p style=\"text-align: justify;\"><span style=\"font-family: 'comic sans ms', sans-serif;\">2015. aasta 13. novembril ilmus meie kirjastuselt romaan \u201c<strong>Kurjuse kannul<\/strong>\u201c, mis on autori teine teos (esimene oli \u201cPatune\u201d). Raamat on A5 formaadis, pehmete kaantega ja selles on 122 lehek\u00fclge.<\/span><\/p>\n<p style=\"text-align: justify;\"><span style=\"font-family: 'comic sans ms', sans-serif;\"><strong>Sisututvustus:<\/strong><\/span><br \/>\n<span style=\"font-family: 'comic sans ms', sans-serif;\">\u00dches v\u00e4ikeses P\u00e4rnu pansionaadis hakkavad toimuma m\u00f5rvad. Miks ja milleks? Pole ju enam palju nendel vanakestel eluaastaid j\u00e4\u00e4nud. Milleks siis nende eluk\u00fc\u00fcnal varem kustutada? Kelle sees on nii palju kurjust? \u00dcks inimene on aga saanud taevase teadaande, et tema on see, kes on tulnud siia, Maa peale, missioonile. Vanade pattude lunastamiseks on ainus v\u00f5imalus surm. Nii arvab ja tegutseb inimene, kes on endale nimeks v\u00f5tnud P\u00e4\u00e4stja. Samas peidab see maja endas veel avastamata saladusi, mida n\u00fc\u00fcd uurijad Maarika ja Seth p\u00fc\u00fcavad p\u00e4evavalgele tuua. Kurjus ja ahnus ei ole ilmast kusagile kadunud ja nii l\u00e4hevadki meie uurijad kurjuse kannul, kuni saavad k\u00e4tte kurjamid, kellele pole p\u00fcha, isegi mitte inimelu. Raamatu autorile, kirjanikunimega Silja Vaher, on see alles teine raamat. Esimene oli \u201cPatune,\u201d millele on lugejate soovil oodata ka peatselt j\u00e4rge. Autor on alles avastamas erinevaid vorme, seep\u00e4rast proovib ta k\u00e4tt erinevates stiilides kirjutamisega.<\/span><\/p>\n","protected":false},"excerpt":{"rendered":"<p>2015. aasta 13. novembril ilmus meie kirjastuselt romaan \u201cKurjuse kannul\u201c, mis on autori teine teos (esimene oli \u201cPatune\u201d). Raamat on A5 formaadis, pehmete kaantega ja selles on 122 lehek\u00fclge. Sisututvustus: \u00dches v\u00e4ikeses P\u00e4rnu pansionaadis hakkavad toimuma m\u00f5rvad. Miks ja milleks? Pole ju enam palju nendel vanakestel eluaastaid j\u00e4\u00e4nud. Milleks siis nende eluk\u00fc\u00fcnal varem kustutada? Kelle [&hellip;]<\/p>\n","protected":false},"featured_media":155,"comment_status":"open","ping_status":"closed","template":"","meta":[],"product_brand":[],"product_cat":[19,21],"product_tag":[],"class_list":{"0":"post-350","1":"product","2":"type-product","3":"status-publish","4":"has-post-thumbnail","6":"product_cat-ilukirjandus","7":"product_cat-kriminaalromaan","9":"first","10":"instock","11":"taxable","12":"shipping-taxable","13":"purchasable","14":"product-type-simple"},"_links":{"self":[{"href":"https:\/\/fil.ee\/uus\/wp-json\/wp\/v2\/product\/350","targetHints":{"allow":["GET"]}}],"collection":[{"href":"https:\/\/fil.ee\/uus\/wp-json\/wp\/v2\/product"}],"about":[{"href":"https:\/\/fil.ee\/uus\/wp-json\/wp\/v2\/types\/product"}],"replies":[{"embeddable":true,"href":"https:\/\/fil.ee\/uus\/wp-json\/wp\/v2\/comments?post=350"}],"wp:featuredmedia":[{"embeddable":true,"href":"https:\/\/fil.ee\/uus\/wp-json\/wp\/v2\/media\/155"}],"wp:attachment":[{"href":"https:\/\/fil.ee\/uus\/wp-json\/wp\/v2\/media?parent=350"}],"wp:term":[{"taxonomy":"product_brand","embeddable":true,"href":"https:\/\/fil.ee\/uus\/wp-json\/wp\/v2\/product_brand?post=350"},{"taxonomy":"product_cat","embeddable":true,"href":"https:\/\/fil.ee\/uus\/wp-json\/wp\/v2\/product_cat?post=350"},{"taxonomy":"product_tag","embeddable":true,"href":"https:\/\/fil.ee\/uus\/wp-json\/wp\/v2\/product_tag?post=350"}],"curies":[{"name":"wp","href":"https:\/\/api.w.org\/{rel}","templated":true}]}}