{"id":348,"date":"2017-06-15T11:59:17","date_gmt":"2017-06-15T08:59:17","guid":{"rendered":"http:\/\/fil.ee\/uus\/?post_type=product&#038;p=348"},"modified":"2023-02-23T12:30:03","modified_gmt":"2023-02-23T10:30:03","slug":"sudamehaal","status":"publish","type":"product","link":"https:\/\/fil.ee\/uus\/toode\/sudamehaal\/","title":{"rendered":"S\u00fcdameh\u00e4\u00e4l"},"content":{"rendered":"<p style=\"text-align: justify;\"><span style=\"font-family: 'comic sans ms', sans-serif;\">2015. aasta 12. novembril ilmus meie kirjastuselt luulekogumik \u201c<strong>S\u00fcdameh\u00e4\u00e4l<\/strong>\u201c. Raamat on m\u00f5\u00f5tudega 13\u00d724 cm, k\u00f5vade kaantega ning selles on 104 lehek\u00fclge.<\/span><\/p>\n<p style=\"text-align: justify;\"><span style=\"font-family: 'comic sans ms', sans-serif;\"><strong>Sisututvustus:<\/strong><\/span><br \/>\n<span style=\"font-family: 'comic sans ms', sans-serif;\">Luulekogumik \u201cS\u00fcdameh\u00e4\u00e4l\u201d on Eelika Laane teine kogu, milles luuletaja, suunates pilgu endasse, k\u00f5neldes oma sisemise lapsega, v\u00e4ljendab armastust ja austust looduse vastu. Varem on samalt autorilt ilmunud luuleraamat \u201cAegade kutse\u201d.<\/span><\/p>\n","protected":false},"excerpt":{"rendered":"<p>2015. aasta 12. novembril ilmus meie kirjastuselt luulekogumik \u201cS\u00fcdameh\u00e4\u00e4l\u201c. Raamat on m\u00f5\u00f5tudega 13\u00d724 cm, k\u00f5vade kaantega ning selles on 104 lehek\u00fclge. Sisututvustus: Luulekogumik \u201cS\u00fcdameh\u00e4\u00e4l\u201d on Eelika Laane teine kogu, milles luuletaja, suunates pilgu endasse, k\u00f5neldes oma sisemise lapsega, v\u00e4ljendab armastust ja austust looduse vastu. Varem on samalt autorilt ilmunud luuleraamat \u201cAegade kutse\u201d.<\/p>\n","protected":false},"featured_media":191,"comment_status":"open","ping_status":"closed","template":"","meta":[],"product_brand":[],"product_cat":[286],"product_tag":[],"class_list":{"0":"post-348","1":"product","2":"type-product","3":"status-publish","4":"has-post-thumbnail","6":"product_cat-archive","8":"first","9":"outofstock","10":"taxable","11":"shipping-taxable","12":"product-type-simple"},"_links":{"self":[{"href":"https:\/\/fil.ee\/uus\/wp-json\/wp\/v2\/product\/348","targetHints":{"allow":["GET"]}}],"collection":[{"href":"https:\/\/fil.ee\/uus\/wp-json\/wp\/v2\/product"}],"about":[{"href":"https:\/\/fil.ee\/uus\/wp-json\/wp\/v2\/types\/product"}],"replies":[{"embeddable":true,"href":"https:\/\/fil.ee\/uus\/wp-json\/wp\/v2\/comments?post=348"}],"wp:featuredmedia":[{"embeddable":true,"href":"https:\/\/fil.ee\/uus\/wp-json\/wp\/v2\/media\/191"}],"wp:attachment":[{"href":"https:\/\/fil.ee\/uus\/wp-json\/wp\/v2\/media?parent=348"}],"wp:term":[{"taxonomy":"product_brand","embeddable":true,"href":"https:\/\/fil.ee\/uus\/wp-json\/wp\/v2\/product_brand?post=348"},{"taxonomy":"product_cat","embeddable":true,"href":"https:\/\/fil.ee\/uus\/wp-json\/wp\/v2\/product_cat?post=348"},{"taxonomy":"product_tag","embeddable":true,"href":"https:\/\/fil.ee\/uus\/wp-json\/wp\/v2\/product_tag?post=348"}],"curies":[{"name":"wp","href":"https:\/\/api.w.org\/{rel}","templated":true}]}}