{"id":346,"date":"2017-06-15T11:56:21","date_gmt":"2017-06-15T08:56:21","guid":{"rendered":"http:\/\/fil.ee\/uus\/?post_type=product&#038;p=346"},"modified":"2025-09-21T23:30:36","modified_gmt":"2025-09-21T20:30:36","slug":"bulgaaria-sunny-beach","status":"publish","type":"product","link":"https:\/\/fil.ee\/uus\/toode\/bulgaaria-sunny-beach\/","title":{"rendered":"Bulgaaria \u2013 Sunny Beach"},"content":{"rendered":"<p>2015. aasta 28. oktoobril ilmus meie kirjastuselt reisikirjelduste sarja \u201c<strong>S\u00d5ITSIN \u2026<\/strong>\u201d teine raamat \u201c<strong>Bulgaaria \u2013 Sunny Beach<\/strong>\u201c, mille autor on Fil. Raamat on A5 formaadis, k\u00f5vade kaantega ja selles on 104 lehek\u00fclge.<\/p>\n<p><strong>Sisututvustus:<\/strong><br \/>\nNende kaante vahele on k\u00f6idetud minategelase jutustus pere n\u00e4dalasest puhkusereisist Musta mere rannikule Bulgaarias. Lugeja saab osa pea k\u00f5igest, mis selle reisi jooksul juhtus, alates kodust lahkumisest, aset leidnud seiklustest ja l\u00f5petades kirjeldustega kus, kuidas ja mida tehti-n\u00e4hti-s\u00f6\u00f6di. Siin on humoorikat lugemist k\u00f5igile pereinimestele ja reisihimulistele.<\/p>\n","protected":false},"excerpt":{"rendered":"<p>2015. aasta 28. oktoobril ilmus meie kirjastuselt reisikirjelduste sarja \u201cS\u00d5ITSIN \u2026\u201d teine raamat \u201cBulgaaria \u2013 Sunny Beach\u201c, mille autor on Fil. Raamat on A5 formaadis, k\u00f5vade kaantega ja selles on 104 lehek\u00fclge. Sisututvustus: Nende kaante vahele on k\u00f6idetud minategelase jutustus pere n\u00e4dalasest puhkusereisist Musta mere rannikule Bulgaarias. Lugeja saab osa pea k\u00f5igest, mis selle reisi [&hellip;]<\/p>\n","protected":false},"featured_media":123,"comment_status":"open","ping_status":"closed","template":"","meta":[],"product_brand":[],"product_cat":[19,25],"product_tag":[],"class_list":{"0":"post-346","1":"product","2":"type-product","3":"status-publish","4":"has-post-thumbnail","6":"product_cat-ilukirjandus","7":"product_cat-reisikirjeldused","9":"first","10":"instock","11":"sale","12":"taxable","13":"shipping-taxable","14":"purchasable","15":"product-type-simple"},"_links":{"self":[{"href":"https:\/\/fil.ee\/uus\/wp-json\/wp\/v2\/product\/346","targetHints":{"allow":["GET"]}}],"collection":[{"href":"https:\/\/fil.ee\/uus\/wp-json\/wp\/v2\/product"}],"about":[{"href":"https:\/\/fil.ee\/uus\/wp-json\/wp\/v2\/types\/product"}],"replies":[{"embeddable":true,"href":"https:\/\/fil.ee\/uus\/wp-json\/wp\/v2\/comments?post=346"}],"wp:featuredmedia":[{"embeddable":true,"href":"https:\/\/fil.ee\/uus\/wp-json\/wp\/v2\/media\/123"}],"wp:attachment":[{"href":"https:\/\/fil.ee\/uus\/wp-json\/wp\/v2\/media?parent=346"}],"wp:term":[{"taxonomy":"product_brand","embeddable":true,"href":"https:\/\/fil.ee\/uus\/wp-json\/wp\/v2\/product_brand?post=346"},{"taxonomy":"product_cat","embeddable":true,"href":"https:\/\/fil.ee\/uus\/wp-json\/wp\/v2\/product_cat?post=346"},{"taxonomy":"product_tag","embeddable":true,"href":"https:\/\/fil.ee\/uus\/wp-json\/wp\/v2\/product_tag?post=346"}],"curies":[{"name":"wp","href":"https:\/\/api.w.org\/{rel}","templated":true}]}}