{"id":343,"date":"2017-06-15T11:50:59","date_gmt":"2017-06-15T08:50:59","guid":{"rendered":"http:\/\/fil.ee\/uus\/?post_type=product&#038;p=343"},"modified":"2023-01-29T22:21:03","modified_gmt":"2023-01-29T20:21:03","slug":"see-roosike","status":"publish","type":"product","link":"https:\/\/fil.ee\/uus\/toode\/see-roosike\/","title":{"rendered":"See roosike"},"content":{"rendered":"<p style=\"text-align: justify;\"><span style=\"font-family: 'comic sans ms', sans-serif;\">2015. aasta 20. mail ilmus meie kirjastuselt luulekogumik \u201c<strong>See roosike<\/strong>\u201c, mille autor on Heli Peets. Raamat on A4 formaadis, pehmete kaantega ja selles on 112 lehek\u00fclge.<\/span><\/p>\n<p style=\"text-align: justify;\"><span style=\"font-family: 'comic sans ms', sans-serif;\"><strong>Sisututvustus:<\/strong><\/span><br \/>\n<span style=\"font-family: 'comic sans ms', sans-serif;\">Me oleme loodud siia maailma, et armastada ja ennast tundma \u00f5ppida. 8 aastat on kirjanik p\u00fc\u00fcdnud s\u00f5nastada l\u00e4bi tunnete luulevormis vastust k\u00fcsimustele \u201cMis on armastus\u201d ja \u201cKes on tema?\u201d Ta on \u00f5ppinud ja arenenud. See on tema p\u00e4evik, milles on lootused\/unistused, iha\/viha ja ka segadust ning meeleh\u00e4rmi. Iga rida annab m\u00e4rku, et lootus p\u00fcsib ja soov uskuda enesesse on teekonna aluseks. Samas, millelegi erilisele kukkudes, ja siis p\u00fcsti t\u00f5ustes, ei tohi kaotada usku.<\/span><\/p>\n","protected":false},"excerpt":{"rendered":"<p>2015. aasta 20. mail ilmus meie kirjastuselt luulekogumik \u201cSee roosike\u201c, mille autor on Heli Peets. Raamat on A4 formaadis, pehmete kaantega ja selles on 112 lehek\u00fclge. Sisututvustus: Me oleme loodud siia maailma, et armastada ja ennast tundma \u00f5ppida. 8 aastat on kirjanik p\u00fc\u00fcdnud s\u00f5nastada l\u00e4bi tunnete luulevormis vastust k\u00fcsimustele \u201cMis on armastus\u201d ja \u201cKes on [&hellip;]<\/p>\n","protected":false},"featured_media":184,"comment_status":"open","ping_status":"closed","template":"","meta":[],"product_brand":[],"product_cat":[23],"product_tag":[],"class_list":{"0":"post-343","1":"product","2":"type-product","3":"status-publish","4":"has-post-thumbnail","6":"product_cat-luule","8":"first","9":"instock","10":"taxable","11":"shipping-taxable","12":"purchasable","13":"product-type-simple"},"_links":{"self":[{"href":"https:\/\/fil.ee\/uus\/wp-json\/wp\/v2\/product\/343","targetHints":{"allow":["GET"]}}],"collection":[{"href":"https:\/\/fil.ee\/uus\/wp-json\/wp\/v2\/product"}],"about":[{"href":"https:\/\/fil.ee\/uus\/wp-json\/wp\/v2\/types\/product"}],"replies":[{"embeddable":true,"href":"https:\/\/fil.ee\/uus\/wp-json\/wp\/v2\/comments?post=343"}],"wp:featuredmedia":[{"embeddable":true,"href":"https:\/\/fil.ee\/uus\/wp-json\/wp\/v2\/media\/184"}],"wp:attachment":[{"href":"https:\/\/fil.ee\/uus\/wp-json\/wp\/v2\/media?parent=343"}],"wp:term":[{"taxonomy":"product_brand","embeddable":true,"href":"https:\/\/fil.ee\/uus\/wp-json\/wp\/v2\/product_brand?post=343"},{"taxonomy":"product_cat","embeddable":true,"href":"https:\/\/fil.ee\/uus\/wp-json\/wp\/v2\/product_cat?post=343"},{"taxonomy":"product_tag","embeddable":true,"href":"https:\/\/fil.ee\/uus\/wp-json\/wp\/v2\/product_tag?post=343"}],"curies":[{"name":"wp","href":"https:\/\/api.w.org\/{rel}","templated":true}]}}