{"id":342,"date":"2017-06-15T11:49:23","date_gmt":"2017-06-15T08:49:23","guid":{"rendered":"http:\/\/fil.ee\/uus\/?post_type=product&#038;p=342"},"modified":"2023-02-23T12:16:06","modified_gmt":"2023-02-23T10:16:06","slug":"sonaviisi","status":"publish","type":"product","link":"https:\/\/fil.ee\/uus\/toode\/sonaviisi\/","title":{"rendered":"S\u00f5naviisi"},"content":{"rendered":"<p style=\"text-align: justify;\"><span style=\"font-family: 'comic sans ms', sans-serif;\">2015. aasta 12. mail ilmus meie kirjastuselt A. Papa Jansoni teine luule- ja laulukogumik: \u201c<strong>S\u00f5naviisi<\/strong>\u201c. Raamat on A5 formaadis, pehmete kaantega ja selles on 104 lehek\u00fclge.<\/span><\/p>\n<p style=\"text-align: justify;\"><span style=\"font-family: 'comic sans ms', sans-serif;\"><strong>Sisututvustus:<\/strong><\/span><br \/>\n<span style=\"font-family: 'comic sans ms', sans-serif;\">Paar aastat tagasi ilmus mu esimene luulekogu \u201eValitud T\u00f5ed\u201d ja juhtus nii, et laulsin esitlusel ka m\u00f5ned enda kirjutatud lood. Selle peale k\u00fcsiti, kas su laulude s\u00f5nad on ka selles kogumikus? Kahjutundega pidin nentima, et ainult paaril luuletusel oli ka viis. Et viga parandada ja \u00fchtlasi headele s\u00f5pradele vastu tulla, panin ma varem kirjutatud lugude s\u00f5nad kokku, lisasin veel avaldamata luule ning nii see kogumik \u201eS\u00f5naviisi\u201d \u00fchel momendil koos oligi.<\/span><\/p>\n","protected":false},"excerpt":{"rendered":"<p>2015. aasta 12. mail ilmus meie kirjastuselt A. Papa Jansoni teine luule- ja laulukogumik: \u201cS\u00f5naviisi\u201c. Raamat on A5 formaadis, pehmete kaantega ja selles on 104 lehek\u00fclge. Sisututvustus: Paar aastat tagasi ilmus mu esimene luulekogu \u201eValitud T\u00f5ed\u201d ja juhtus nii, et laulsin esitlusel ka m\u00f5ned enda kirjutatud lood. Selle peale k\u00fcsiti, kas su laulude s\u00f5nad on [&hellip;]<\/p>\n","protected":false},"featured_media":189,"comment_status":"open","ping_status":"closed","template":"","meta":[],"product_brand":[],"product_cat":[286],"product_tag":[],"class_list":{"0":"post-342","1":"product","2":"type-product","3":"status-publish","4":"has-post-thumbnail","6":"product_cat-archive","8":"first","9":"outofstock","10":"taxable","11":"shipping-taxable","12":"product-type-simple"},"_links":{"self":[{"href":"https:\/\/fil.ee\/uus\/wp-json\/wp\/v2\/product\/342","targetHints":{"allow":["GET"]}}],"collection":[{"href":"https:\/\/fil.ee\/uus\/wp-json\/wp\/v2\/product"}],"about":[{"href":"https:\/\/fil.ee\/uus\/wp-json\/wp\/v2\/types\/product"}],"replies":[{"embeddable":true,"href":"https:\/\/fil.ee\/uus\/wp-json\/wp\/v2\/comments?post=342"}],"wp:featuredmedia":[{"embeddable":true,"href":"https:\/\/fil.ee\/uus\/wp-json\/wp\/v2\/media\/189"}],"wp:attachment":[{"href":"https:\/\/fil.ee\/uus\/wp-json\/wp\/v2\/media?parent=342"}],"wp:term":[{"taxonomy":"product_brand","embeddable":true,"href":"https:\/\/fil.ee\/uus\/wp-json\/wp\/v2\/product_brand?post=342"},{"taxonomy":"product_cat","embeddable":true,"href":"https:\/\/fil.ee\/uus\/wp-json\/wp\/v2\/product_cat?post=342"},{"taxonomy":"product_tag","embeddable":true,"href":"https:\/\/fil.ee\/uus\/wp-json\/wp\/v2\/product_tag?post=342"}],"curies":[{"name":"wp","href":"https:\/\/api.w.org\/{rel}","templated":true}]}}