{"id":341,"date":"2017-06-15T11:47:10","date_gmt":"2017-06-15T08:47:10","guid":{"rendered":"http:\/\/fil.ee\/uus\/?post_type=product&#038;p=341"},"modified":"2026-04-04T15:11:38","modified_gmt":"2026-04-04T12:11:38","slug":"patune","status":"publish","type":"product","link":"https:\/\/fil.ee\/uus\/toode\/patune\/","title":{"rendered":"Patune"},"content":{"rendered":"<p style=\"text-align: justify;\"><span style=\"font-family: 'comic sans ms', sans-serif;\">2015. aasta 29. aprillil ilmus uus ilukirjanduslik teos \u201c<strong>Patune<\/strong>\u201c, mille autor on Silja Vaher. Raamat on A5 formaadis, pehmete kaantega ja selles on 154 lehek\u00fclge.<\/span><\/p>\n<p style=\"text-align: justify;\"><span style=\"font-family: 'comic sans ms', sans-serif;\"><strong>Sisututvustus:<\/strong><\/span><br \/>\n<span style=\"font-family: 'comic sans ms', sans-serif;\">See on lugu \u00fchest lihtsast naisest, tema nooruse unistustest ja lootustest, mis purunesid eluraskuste all. Siin leiavad kajastust joodikutest elukaaslased, enese murede alkoholi uputamine ja laste minek lastekodusse, mille tagaj\u00e4rjel algas reis allak\u00e4iguredelist alla.<\/span><br \/>\n<span style=\"font-family: 'comic sans ms', sans-serif;\">Aastak\u00fcmnete m\u00f6\u00f6dudes leidis naine taas elum\u00f5tte. Sellele aitas kaasa tema uus ja usaldav kaaslane \u2026<\/span><\/p>\n","protected":false},"excerpt":{"rendered":"<p>2015. aasta 29. aprillil ilmus uus ilukirjanduslik teos \u201cPatune\u201c, mille autor on Silja Vaher. Raamat on A5 formaadis, pehmete kaantega ja selles on 154 lehek\u00fclge. Sisututvustus: See on lugu \u00fchest lihtsast naisest, tema nooruse unistustest ja lootustest, mis purunesid eluraskuste all. Siin leiavad kajastust joodikutest elukaaslased, enese murede alkoholi uputamine ja laste minek lastekodusse, mille [&hellip;]<\/p>\n","protected":false},"featured_media":174,"comment_status":"open","ping_status":"closed","template":"","meta":[],"product_brand":[],"product_cat":[19,21,304],"product_tag":[],"class_list":{"0":"post-341","1":"product","2":"type-product","3":"status-publish","4":"has-post-thumbnail","6":"product_cat-ilukirjandus","7":"product_cat-kriminaalromaan","8":"product_cat-lopumyyk","10":"first","11":"instock","12":"sale","13":"taxable","14":"shipping-taxable","15":"purchasable","16":"product-type-simple"},"_links":{"self":[{"href":"https:\/\/fil.ee\/uus\/wp-json\/wp\/v2\/product\/341","targetHints":{"allow":["GET"]}}],"collection":[{"href":"https:\/\/fil.ee\/uus\/wp-json\/wp\/v2\/product"}],"about":[{"href":"https:\/\/fil.ee\/uus\/wp-json\/wp\/v2\/types\/product"}],"replies":[{"embeddable":true,"href":"https:\/\/fil.ee\/uus\/wp-json\/wp\/v2\/comments?post=341"}],"wp:featuredmedia":[{"embeddable":true,"href":"https:\/\/fil.ee\/uus\/wp-json\/wp\/v2\/media\/174"}],"wp:attachment":[{"href":"https:\/\/fil.ee\/uus\/wp-json\/wp\/v2\/media?parent=341"}],"wp:term":[{"taxonomy":"product_brand","embeddable":true,"href":"https:\/\/fil.ee\/uus\/wp-json\/wp\/v2\/product_brand?post=341"},{"taxonomy":"product_cat","embeddable":true,"href":"https:\/\/fil.ee\/uus\/wp-json\/wp\/v2\/product_cat?post=341"},{"taxonomy":"product_tag","embeddable":true,"href":"https:\/\/fil.ee\/uus\/wp-json\/wp\/v2\/product_tag?post=341"}],"curies":[{"name":"wp","href":"https:\/\/api.w.org\/{rel}","templated":true}]}}