{"id":340,"date":"2017-06-15T11:45:09","date_gmt":"2017-06-15T08:45:09","guid":{"rendered":"http:\/\/fil.ee\/uus\/?post_type=product&#038;p=340"},"modified":"2023-01-29T22:14:53","modified_gmt":"2023-01-29T20:14:53","slug":"ulestahenduslikke-taheulendusi","status":"publish","type":"product","link":"https:\/\/fil.ee\/uus\/toode\/ulestahenduslikke-taheulendusi\/","title":{"rendered":"\u00dclest\u00e4henduslikke t\u00e4he\u00fclendusi"},"content":{"rendered":"<p style=\"text-align: justify;\"><span style=\"font-family: 'comic sans ms', sans-serif;\">2015. aasta 20. aprillil ilmus meie kirjastuselt uus luulekogumik \u201c<strong>\u00dclest\u00e4henduslikke t\u00e4he\u00fclendusi<\/strong>\u201c, mille autor on Raivo Varik. Raamat on A4 formaadis, k\u00f5vade kaantega ja selles on 128 lehek\u00fclge.<\/span><\/p>\n<p style=\"text-align: justify;\"><span style=\"font-family: 'comic sans ms', sans-serif;\"><strong>Sisututvustus:<\/strong><\/span><br \/>\n<span style=\"font-family: 'comic sans ms', sans-serif;\">Luulekogu \u201c\u00dclest\u00e4henduslikke t\u00e4he\u00fclendusi\u201d on enamikus riimv\u00e4rsiline kokkuv\u00f5te s\u00fcndmustest, mis on luulestunud autori peas viimase 15 aasta jooksul. Luulekogus on t\u00f5estis\u00fcndinud unen\u00e4olisi elamusi, on r\u00fctmilist regi-poppi, on v\u00e4rsistunud loodusvaatlusi, on salmidesse k\u00f6idetud l\u00e4hikontakte teiste loodusasukatega, on hormoonidest k\u00fcllastunud v\u00f5ite ja kaotusi, on elamusi, mille nimel tasub elada. Raamatu on illustreerinud viis suurep\u00e4rast eesti soost kunstnikku.<\/span><\/p>\n","protected":false},"excerpt":{"rendered":"<p>2015. aasta 20. aprillil ilmus meie kirjastuselt uus luulekogumik \u201c\u00dclest\u00e4henduslikke t\u00e4he\u00fclendusi\u201c, mille autor on Raivo Varik. Raamat on A4 formaadis, k\u00f5vade kaantega ja selles on 128 lehek\u00fclge. Sisututvustus: Luulekogu \u201c\u00dclest\u00e4henduslikke t\u00e4he\u00fclendusi\u201d on enamikus riimv\u00e4rsiline kokkuv\u00f5te s\u00fcndmustest, mis on luulestunud autori peas viimase 15 aasta jooksul. Luulekogus on t\u00f5estis\u00fcndinud unen\u00e4olisi elamusi, on r\u00fctmilist regi-poppi, on v\u00e4rsistunud [&hellip;]<\/p>\n","protected":false},"featured_media":200,"comment_status":"open","ping_status":"closed","template":"","meta":[],"product_brand":[],"product_cat":[23],"product_tag":[],"class_list":{"0":"post-340","1":"product","2":"type-product","3":"status-publish","4":"has-post-thumbnail","6":"product_cat-luule","8":"first","9":"instock","10":"taxable","11":"shipping-taxable","12":"purchasable","13":"product-type-simple"},"_links":{"self":[{"href":"https:\/\/fil.ee\/uus\/wp-json\/wp\/v2\/product\/340","targetHints":{"allow":["GET"]}}],"collection":[{"href":"https:\/\/fil.ee\/uus\/wp-json\/wp\/v2\/product"}],"about":[{"href":"https:\/\/fil.ee\/uus\/wp-json\/wp\/v2\/types\/product"}],"replies":[{"embeddable":true,"href":"https:\/\/fil.ee\/uus\/wp-json\/wp\/v2\/comments?post=340"}],"wp:featuredmedia":[{"embeddable":true,"href":"https:\/\/fil.ee\/uus\/wp-json\/wp\/v2\/media\/200"}],"wp:attachment":[{"href":"https:\/\/fil.ee\/uus\/wp-json\/wp\/v2\/media?parent=340"}],"wp:term":[{"taxonomy":"product_brand","embeddable":true,"href":"https:\/\/fil.ee\/uus\/wp-json\/wp\/v2\/product_brand?post=340"},{"taxonomy":"product_cat","embeddable":true,"href":"https:\/\/fil.ee\/uus\/wp-json\/wp\/v2\/product_cat?post=340"},{"taxonomy":"product_tag","embeddable":true,"href":"https:\/\/fil.ee\/uus\/wp-json\/wp\/v2\/product_tag?post=340"}],"curies":[{"name":"wp","href":"https:\/\/api.w.org\/{rel}","templated":true}]}}