{"id":339,"date":"2017-06-15T11:43:55","date_gmt":"2017-06-15T08:43:55","guid":{"rendered":"http:\/\/fil.ee\/uus\/?post_type=product&#038;p=339"},"modified":"2023-01-29T22:13:25","modified_gmt":"2023-01-29T20:13:25","slug":"valjapressimine","status":"publish","type":"product","link":"https:\/\/fil.ee\/uus\/toode\/valjapressimine\/","title":{"rendered":"V\u00e4ljapressimine"},"content":{"rendered":"<p style=\"text-align: justify;\"><span style=\"font-family: 'comic sans ms', sans-serif;\">2015. aasta 13. veebruaril ilmus erinevate t\u00f5estis\u00fcndinud lugude p\u00f5hjal kokku pandud ilukirjanduslik teos \u201c<strong>V\u00e4ljapressimine<\/strong>\u201c, mille autor on fil. Teos on A5 formaadis, pehmete kaantega ja selles on 40 lehek\u00fclge.<\/span><\/p>\n<p style=\"text-align: justify;\"><span style=\"font-family: 'comic sans ms', sans-serif;\"><strong>RAUNO M\u00c4RKS kirjutab raamatu tagakaanel:<\/strong><\/span><br \/>\n<span style=\"font-family: 'comic sans ms', sans-serif;\">See on haaravas vormis kirjapandud lugu, kus head kavatsused ristuvad kurjade plaanidega. Ajastutruu olustiku kirjeldus \u00fche v\u00e4ikekirjastuse elluj\u00e4\u00e4misest \u2013 v\u00f5itlusest oma au, raha ja usaldusv\u00e4\u00e4rsuse eest petturite ja \u00fchetehingu kelmidega. \u00d5petlik lugu v\u00e4ike\u00e4riga alustajale.<\/span><\/p>\n","protected":false},"excerpt":{"rendered":"<p>2015. aasta 13. veebruaril ilmus erinevate t\u00f5estis\u00fcndinud lugude p\u00f5hjal kokku pandud ilukirjanduslik teos \u201cV\u00e4ljapressimine\u201c, mille autor on fil. Teos on A5 formaadis, pehmete kaantega ja selles on 40 lehek\u00fclge. RAUNO M\u00c4RKS kirjutab raamatu tagakaanel: See on haaravas vormis kirjapandud lugu, kus head kavatsused ristuvad kurjade plaanidega. Ajastutruu olustiku kirjeldus \u00fche v\u00e4ikekirjastuse elluj\u00e4\u00e4misest \u2013 v\u00f5itlusest oma [&hellip;]<\/p>\n","protected":false},"featured_media":206,"comment_status":"open","ping_status":"closed","template":"","meta":[],"product_brand":[],"product_cat":[19],"product_tag":[],"class_list":{"0":"post-339","1":"product","2":"type-product","3":"status-publish","4":"has-post-thumbnail","6":"product_cat-ilukirjandus","8":"first","9":"instock","10":"taxable","11":"shipping-taxable","12":"purchasable","13":"product-type-simple"},"_links":{"self":[{"href":"https:\/\/fil.ee\/uus\/wp-json\/wp\/v2\/product\/339","targetHints":{"allow":["GET"]}}],"collection":[{"href":"https:\/\/fil.ee\/uus\/wp-json\/wp\/v2\/product"}],"about":[{"href":"https:\/\/fil.ee\/uus\/wp-json\/wp\/v2\/types\/product"}],"replies":[{"embeddable":true,"href":"https:\/\/fil.ee\/uus\/wp-json\/wp\/v2\/comments?post=339"}],"wp:featuredmedia":[{"embeddable":true,"href":"https:\/\/fil.ee\/uus\/wp-json\/wp\/v2\/media\/206"}],"wp:attachment":[{"href":"https:\/\/fil.ee\/uus\/wp-json\/wp\/v2\/media?parent=339"}],"wp:term":[{"taxonomy":"product_brand","embeddable":true,"href":"https:\/\/fil.ee\/uus\/wp-json\/wp\/v2\/product_brand?post=339"},{"taxonomy":"product_cat","embeddable":true,"href":"https:\/\/fil.ee\/uus\/wp-json\/wp\/v2\/product_cat?post=339"},{"taxonomy":"product_tag","embeddable":true,"href":"https:\/\/fil.ee\/uus\/wp-json\/wp\/v2\/product_tag?post=339"}],"curies":[{"name":"wp","href":"https:\/\/api.w.org\/{rel}","templated":true}]}}