{"id":338,"date":"2017-06-15T11:42:43","date_gmt":"2017-06-15T08:42:43","guid":{"rendered":"http:\/\/fil.ee\/uus\/?post_type=product&#038;p=338"},"modified":"2025-09-16T08:39:18","modified_gmt":"2025-09-16T05:39:18","slug":"reisidest-venemaale","status":"publish","type":"product","link":"https:\/\/fil.ee\/uus\/toode\/reisidest-venemaale\/","title":{"rendered":"Venemaa"},"content":{"rendered":"<p style=\"text-align: justify;\"><span style=\"font-family: 'comic sans ms', sans-serif;\">2015. aasta 31. jaanuaril ilmus reisikirjelduste sarja \u201c<strong>S\u00d5ITSIN \u2026<\/strong>\u201d esimene raamat: \u201c<strong>Venemaa<\/strong>\u201c, mille autor on Vaike Silmato. Raamat on A5 formaadis, k\u00f5vade kaantega ja selles on 144 lehek\u00fclge.<\/span><\/p>\n<p style=\"text-align: justify;\"><span style=\"font-family: 'comic sans ms', sans-serif;\"><strong>Sisututvustus:<\/strong><\/span><br \/>\n<span style=\"font-family: 'comic sans ms', sans-serif;\">Uue sarja esimene raamat on kirja pandud kauaaegse giidi, Vaike Silmato poolt tema reisimeenutuste p\u00f5hjal Venemaa erinevatesse sihtpunktidesse. Samuti on kirja pandud rohkelt nende paikadega seotud fakte, mis v\u00f5ivad huvi pakkuda k\u00f5igile, kel samas suunas minek ees ootamas, v\u00f5i \u00e4ratundmisr\u00f5\u00f5mu neile, kes samades paikades ise k\u00e4inud. Selles raamatus leiavad kajastamist j\u00e4rgmised kohad: KALININGRAD, LENINGRAD, KARJALA, MOSKVA, NOVGOROD, PETSERI, IRBOSKA, PIHKVA, MIHHAILOVSKOJE ja TUULA.<\/span><\/p>\n","protected":false},"excerpt":{"rendered":"<p>2015. aasta 31. jaanuaril ilmus reisikirjelduste sarja \u201cS\u00d5ITSIN \u2026\u201d esimene raamat: \u201cVenemaa\u201c, mille autor on Vaike Silmato. Raamat on A5 formaadis, k\u00f5vade kaantega ja selles on 144 lehek\u00fclge. Sisututvustus: Uue sarja esimene raamat on kirja pandud kauaaegse giidi, Vaike Silmato poolt tema reisimeenutuste p\u00f5hjal Venemaa erinevatesse sihtpunktidesse. Samuti on kirja pandud rohkelt nende paikadega seotud [&hellip;]<\/p>\n","protected":false},"featured_media":179,"comment_status":"open","ping_status":"closed","template":"","meta":[],"product_brand":[],"product_cat":[19,25],"product_tag":[],"class_list":{"0":"post-338","1":"product","2":"type-product","3":"status-publish","4":"has-post-thumbnail","6":"product_cat-ilukirjandus","7":"product_cat-reisikirjeldused","9":"first","10":"instock","11":"sale","12":"taxable","13":"shipping-taxable","14":"purchasable","15":"product-type-simple"},"_links":{"self":[{"href":"https:\/\/fil.ee\/uus\/wp-json\/wp\/v2\/product\/338","targetHints":{"allow":["GET"]}}],"collection":[{"href":"https:\/\/fil.ee\/uus\/wp-json\/wp\/v2\/product"}],"about":[{"href":"https:\/\/fil.ee\/uus\/wp-json\/wp\/v2\/types\/product"}],"replies":[{"embeddable":true,"href":"https:\/\/fil.ee\/uus\/wp-json\/wp\/v2\/comments?post=338"}],"wp:featuredmedia":[{"embeddable":true,"href":"https:\/\/fil.ee\/uus\/wp-json\/wp\/v2\/media\/179"}],"wp:attachment":[{"href":"https:\/\/fil.ee\/uus\/wp-json\/wp\/v2\/media?parent=338"}],"wp:term":[{"taxonomy":"product_brand","embeddable":true,"href":"https:\/\/fil.ee\/uus\/wp-json\/wp\/v2\/product_brand?post=338"},{"taxonomy":"product_cat","embeddable":true,"href":"https:\/\/fil.ee\/uus\/wp-json\/wp\/v2\/product_cat?post=338"},{"taxonomy":"product_tag","embeddable":true,"href":"https:\/\/fil.ee\/uus\/wp-json\/wp\/v2\/product_tag?post=338"}],"curies":[{"name":"wp","href":"https:\/\/api.w.org\/{rel}","templated":true}]}}