{"id":333,"date":"2017-06-15T11:34:21","date_gmt":"2017-06-15T08:34:21","guid":{"rendered":"http:\/\/fil.ee\/uus\/?post_type=product&#038;p=333"},"modified":"2023-01-29T22:03:45","modified_gmt":"2023-01-29T20:03:45","slug":"ring","status":"publish","type":"product","link":"https:\/\/fil.ee\/uus\/toode\/ring\/","title":{"rendered":"Ring"},"content":{"rendered":"<p style=\"text-align: justify;\"><span style=\"font-family: 'comic sans ms', sans-serif;\">2014. aasta 27. novembril ilmus meie kirjastuselt esimene \u201chaikukogumik&#8221; \u201c<strong>Ring<\/strong>\u201c, mille autor on Riina Einasto. Raamatus ei ole \u00fchtegi valget lehek\u00fclge, k\u00f5ikide luuletuste taustal ilutseb m\u00f5ni Indrek Tobre v\u00f5i Maret Einasto foto. Raamatus on 64 lehek\u00fclge, kaaned kujundus Sigrid Kink.<\/span><\/p>\n<p style=\"text-align: justify;\"><span style=\"font-family: 'comic sans ms', sans-serif;\"><strong>Sisututvustus:<\/strong><\/span><br \/>\n<span style=\"font-family: 'comic sans ms', sans-serif;\">Maagiline suuresti haikudest koosnev deb\u00fc\u00fctluulekogu, inspireeritud looduse, loomuse ja loovuse seosteist. Illustratsioonideks on valguse ja varju m\u00e4ngud.<\/span><\/p>\n","protected":false},"excerpt":{"rendered":"<p>2014. aasta 27. novembril ilmus meie kirjastuselt esimene \u201chaikukogumik&#8221; \u201cRing\u201c, mille autor on Riina Einasto. Raamatus ei ole \u00fchtegi valget lehek\u00fclge, k\u00f5ikide luuletuste taustal ilutseb m\u00f5ni Indrek Tobre v\u00f5i Maret Einasto foto. Raamatus on 64 lehek\u00fclge, kaaned kujundus Sigrid Kink. Sisututvustus: Maagiline suuresti haikudest koosnev deb\u00fc\u00fctluulekogu, inspireeritud looduse, loomuse ja loovuse seosteist. Illustratsioonideks on valguse [&hellip;]<\/p>\n","protected":false},"featured_media":181,"comment_status":"open","ping_status":"closed","template":"","meta":[],"product_brand":[],"product_cat":[23],"product_tag":[],"class_list":{"0":"post-333","1":"product","2":"type-product","3":"status-publish","4":"has-post-thumbnail","6":"product_cat-luule","8":"first","9":"instock","10":"taxable","11":"shipping-taxable","12":"purchasable","13":"product-type-simple"},"_links":{"self":[{"href":"https:\/\/fil.ee\/uus\/wp-json\/wp\/v2\/product\/333","targetHints":{"allow":["GET"]}}],"collection":[{"href":"https:\/\/fil.ee\/uus\/wp-json\/wp\/v2\/product"}],"about":[{"href":"https:\/\/fil.ee\/uus\/wp-json\/wp\/v2\/types\/product"}],"replies":[{"embeddable":true,"href":"https:\/\/fil.ee\/uus\/wp-json\/wp\/v2\/comments?post=333"}],"wp:featuredmedia":[{"embeddable":true,"href":"https:\/\/fil.ee\/uus\/wp-json\/wp\/v2\/media\/181"}],"wp:attachment":[{"href":"https:\/\/fil.ee\/uus\/wp-json\/wp\/v2\/media?parent=333"}],"wp:term":[{"taxonomy":"product_brand","embeddable":true,"href":"https:\/\/fil.ee\/uus\/wp-json\/wp\/v2\/product_brand?post=333"},{"taxonomy":"product_cat","embeddable":true,"href":"https:\/\/fil.ee\/uus\/wp-json\/wp\/v2\/product_cat?post=333"},{"taxonomy":"product_tag","embeddable":true,"href":"https:\/\/fil.ee\/uus\/wp-json\/wp\/v2\/product_tag?post=333"}],"curies":[{"name":"wp","href":"https:\/\/api.w.org\/{rel}","templated":true}]}}