{"id":332,"date":"2017-06-15T11:32:59","date_gmt":"2017-06-15T08:32:59","guid":{"rendered":"http:\/\/fil.ee\/uus\/?post_type=product&#038;p=332"},"modified":"2023-01-29T22:02:08","modified_gmt":"2023-01-29T20:02:08","slug":"parnu-kirjarahva-antoloogia-2","status":"publish","type":"product","link":"https:\/\/fil.ee\/uus\/toode\/parnu-kirjarahva-antoloogia-2\/","title":{"rendered":"P\u00e4rnu kirjarahva antoloogia 2"},"content":{"rendered":"<p style=\"text-align: justify;\"><span style=\"font-family: 'comic sans ms', sans-serif;\">2014. aasta 26. novembril ilmus meie kirjastuselt kolmas mitme autori \u00fchiskogumik \u201c<strong>P\u00e4rnu kirjarahva antoloogia 2<\/strong>\u201c, kus on 15 P\u00e4rnu autori (Anli Eha, Fil, Terje Heinmets, Alari Papa Janson, Andra J\u00f5gis,(:)Kivisildnik, Ants Klots, Evelin Laanesaar, Tiiu Lehiste, Luule Luuse, Raul Majas, Margit Petersoni, Mikk P\u00e4rnits, Kristi Roots, Laura Roots) looming. Raamatus on 190 lehek\u00fclge.<\/span><\/p>\n<p style=\"text-align: justify;\"><span style=\"font-family: 'comic sans ms', sans-serif;\"><strong>Sisututvustus:<\/strong><\/span><br \/>\n<span style=\"font-family: 'comic sans ms', sans-serif;\">\u201cP\u00e4rnu kirjarahva antoloogia 2\u201d v\u00f5tab k\u00f5ige ebatavalisemal moel kokku P\u00e4rnus tegutseva kirjarahva m\u00f5ttelennud. Siit leiab nii tuntust, kui tundmatust, reaalsust ja s\u00fcrrealismi, t\u00f5de ja fantaasiat ning seda k\u00f5ike l\u00e4bi 15 t\u00e4iesti erineva isiksuse. Sisaldades nii vabav\u00e4rssi kui riimluulet, nii novelle kui n\u00e4idendit, leiab lugeja endale siit \u00f5\u00f5vastavalt joovastavaid tekste \u2026<\/span><\/p>\n","protected":false},"excerpt":{"rendered":"<p>2014. aasta 26. novembril ilmus meie kirjastuselt kolmas mitme autori \u00fchiskogumik \u201cP\u00e4rnu kirjarahva antoloogia 2\u201c, kus on 15 P\u00e4rnu autori (Anli Eha, Fil, Terje Heinmets, Alari Papa Janson, Andra J\u00f5gis,(:)Kivisildnik, Ants Klots, Evelin Laanesaar, Tiiu Lehiste, Luule Luuse, Raul Majas, Margit Petersoni, Mikk P\u00e4rnits, Kristi Roots, Laura Roots) looming. Raamatus on 190 lehek\u00fclge. Sisututvustus: \u201cP\u00e4rnu [&hellip;]<\/p>\n","protected":false},"featured_media":176,"comment_status":"open","ping_status":"closed","template":"","meta":[],"product_brand":[],"product_cat":[19,23],"product_tag":[],"class_list":{"0":"post-332","1":"product","2":"type-product","3":"status-publish","4":"has-post-thumbnail","6":"product_cat-ilukirjandus","7":"product_cat-luule","9":"first","10":"instock","11":"taxable","12":"shipping-taxable","13":"purchasable","14":"product-type-simple"},"_links":{"self":[{"href":"https:\/\/fil.ee\/uus\/wp-json\/wp\/v2\/product\/332","targetHints":{"allow":["GET"]}}],"collection":[{"href":"https:\/\/fil.ee\/uus\/wp-json\/wp\/v2\/product"}],"about":[{"href":"https:\/\/fil.ee\/uus\/wp-json\/wp\/v2\/types\/product"}],"replies":[{"embeddable":true,"href":"https:\/\/fil.ee\/uus\/wp-json\/wp\/v2\/comments?post=332"}],"wp:featuredmedia":[{"embeddable":true,"href":"https:\/\/fil.ee\/uus\/wp-json\/wp\/v2\/media\/176"}],"wp:attachment":[{"href":"https:\/\/fil.ee\/uus\/wp-json\/wp\/v2\/media?parent=332"}],"wp:term":[{"taxonomy":"product_brand","embeddable":true,"href":"https:\/\/fil.ee\/uus\/wp-json\/wp\/v2\/product_brand?post=332"},{"taxonomy":"product_cat","embeddable":true,"href":"https:\/\/fil.ee\/uus\/wp-json\/wp\/v2\/product_cat?post=332"},{"taxonomy":"product_tag","embeddable":true,"href":"https:\/\/fil.ee\/uus\/wp-json\/wp\/v2\/product_tag?post=332"}],"curies":[{"name":"wp","href":"https:\/\/api.w.org\/{rel}","templated":true}]}}