{"id":331,"date":"2017-06-15T11:31:12","date_gmt":"2017-06-15T08:31:12","guid":{"rendered":"http:\/\/fil.ee\/uus\/?post_type=product&#038;p=331"},"modified":"2023-01-29T14:47:27","modified_gmt":"2023-01-29T12:47:27","slug":"uhe-malu-pank","status":"publish","type":"product","link":"https:\/\/fil.ee\/uus\/toode\/uhe-malu-pank\/","title":{"rendered":"\u00dche m\u00e4lu pank"},"content":{"rendered":"<p style=\"text-align: justify;\"><span style=\"font-family: 'comic sans ms', sans-serif;\">2014. aasta 3. oktoobril ilmus meie kirjastuselt kolmas elulooraamat, Erika Rosimannuse m\u00e4lukilde ja tegemisi kokku v\u00f5ttev A5 formaadis raamat \u201c<strong>\u00dche m\u00e4lu pank<\/strong>\u201c. Raamatus on 244 lehek\u00fclge, kaanekujunduse tegi Sigrid Kink.<\/span><\/p>\n<p style=\"text-align: justify;\"><span style=\"font-family: 'comic sans ms', sans-serif;\"><strong>Autori kommentaar:<\/strong><\/span><br \/>\n<span style=\"font-family: 'comic sans ms', sans-serif;\">See raamat on intrigeeriv! Seda eelk\u00f5ige oma mitmekesisuse poolest. See on \u00fchtlasi nii m\u00e4lestuste-, eluloo-, luule, artiklite- kui ka kirjavahetuse raamat. Lisaks leidub siin veel autori m\u00f5tisklusi ja targutusi l\u00e4bi aja ja elu. Autori enda jaoks on tegu \u201ckompotiga\u201d, mis v\u00f5tab kokku ja \u00fchtlasi ka lahkab autori senist elu ja k\u00f5ike, mis talle \u00fchiskonnas korda l\u00e4heb. Raamatust v\u00f5ib leida ka mitmeid tuttavaid nimesid.<\/span><\/p>\n","protected":false},"excerpt":{"rendered":"<p>2014. aasta 3. oktoobril ilmus meie kirjastuselt kolmas elulooraamat, Erika Rosimannuse m\u00e4lukilde ja tegemisi kokku v\u00f5ttev A5 formaadis raamat \u201c\u00dche m\u00e4lu pank\u201c. Raamatus on 244 lehek\u00fclge, kaanekujunduse tegi Sigrid Kink. Autori kommentaar: See raamat on intrigeeriv! Seda eelk\u00f5ige oma mitmekesisuse poolest. See on \u00fchtlasi nii m\u00e4lestuste-, eluloo-, luule, artiklite- kui ka kirjavahetuse raamat. Lisaks leidub [&hellip;]<\/p>\n","protected":false},"featured_media":208,"comment_status":"open","ping_status":"closed","template":"","meta":[],"product_brand":[],"product_cat":[16,19],"product_tag":[],"class_list":{"0":"post-331","1":"product","2":"type-product","3":"status-publish","4":"has-post-thumbnail","6":"product_cat-elulugu","7":"product_cat-ilukirjandus","9":"first","10":"instock","11":"taxable","12":"shipping-taxable","13":"purchasable","14":"product-type-simple"},"_links":{"self":[{"href":"https:\/\/fil.ee\/uus\/wp-json\/wp\/v2\/product\/331","targetHints":{"allow":["GET"]}}],"collection":[{"href":"https:\/\/fil.ee\/uus\/wp-json\/wp\/v2\/product"}],"about":[{"href":"https:\/\/fil.ee\/uus\/wp-json\/wp\/v2\/types\/product"}],"replies":[{"embeddable":true,"href":"https:\/\/fil.ee\/uus\/wp-json\/wp\/v2\/comments?post=331"}],"wp:featuredmedia":[{"embeddable":true,"href":"https:\/\/fil.ee\/uus\/wp-json\/wp\/v2\/media\/208"}],"wp:attachment":[{"href":"https:\/\/fil.ee\/uus\/wp-json\/wp\/v2\/media?parent=331"}],"wp:term":[{"taxonomy":"product_brand","embeddable":true,"href":"https:\/\/fil.ee\/uus\/wp-json\/wp\/v2\/product_brand?post=331"},{"taxonomy":"product_cat","embeddable":true,"href":"https:\/\/fil.ee\/uus\/wp-json\/wp\/v2\/product_cat?post=331"},{"taxonomy":"product_tag","embeddable":true,"href":"https:\/\/fil.ee\/uus\/wp-json\/wp\/v2\/product_tag?post=331"}],"curies":[{"name":"wp","href":"https:\/\/api.w.org\/{rel}","templated":true}]}}