{"id":330,"date":"2017-06-15T11:29:34","date_gmt":"2017-06-15T08:29:34","guid":{"rendered":"http:\/\/fil.ee\/uus\/?post_type=product&#038;p=330"},"modified":"2023-02-23T12:17:03","modified_gmt":"2023-02-23T10:17:03","slug":"maailma-paastmise-muinasjutt","status":"publish","type":"product","link":"https:\/\/fil.ee\/uus\/toode\/maailma-paastmise-muinasjutt\/","title":{"rendered":"Maailma p\u00e4\u00e4stmise muinasjutt"},"content":{"rendered":"<p style=\"text-align: justify;\"><span style=\"font-family: 'comic sans ms', sans-serif;\">2014. aasta 24. septembril ilmus meie kirjastuselt P\u00e4rnu noorkirjaniku Delia Randm\u00e4e sisukas ja lapses\u00f5bralik B5 formaadis lasteraamat \u201c<strong>Maailma p\u00e4\u00e4stmise muinasjutt<\/strong>\u201c. Raamatus on 80 lehek\u00fclge, toimetas Heli Hallik.<\/span><\/p>\n<p style=\"text-align: justify;\"><span style=\"font-family: 'comic sans ms', sans-serif;\"><strong>Toimetaja kommentaar:<\/strong><\/span><br \/>\n<span style=\"font-family: 'comic sans ms', sans-serif;\">Nende kaante vahel on peidus armas muinasjutt, mis sobib lugemiseks nii \u00fcksi, kahekesi kui ka suurema seltskonnaga. Olenemata lugeja v\u00f5i kuulaja vanusest, peaks iga\u00fchele j\u00e4tkuma parasjagu p\u00f5nevust, aga ka avastamis- ja \u00e4ratundmisr\u00f5\u00f5mu. See lugu j\u00e4\u00e4b tahes-tahtmata pikemaks ajaks meelde, nagu on j\u00e4\u00e4nud Karupoeg Puhh, Viplala, Naksitrallid jt. lood maailma p\u00e4\u00e4stmisest ning selle paremaks muutmisest.<\/span><\/p>\n","protected":false},"excerpt":{"rendered":"<p>2014. aasta 24. septembril ilmus meie kirjastuselt P\u00e4rnu noorkirjaniku Delia Randm\u00e4e sisukas ja lapses\u00f5bralik B5 formaadis lasteraamat \u201cMaailma p\u00e4\u00e4stmise muinasjutt\u201c. Raamatus on 80 lehek\u00fclge, toimetas Heli Hallik. Toimetaja kommentaar: Nende kaante vahel on peidus armas muinasjutt, mis sobib lugemiseks nii \u00fcksi, kahekesi kui ka suurema seltskonnaga. Olenemata lugeja v\u00f5i kuulaja vanusest, peaks iga\u00fchele j\u00e4tkuma parasjagu [&hellip;]<\/p>\n","protected":false},"featured_media":165,"comment_status":"open","ping_status":"closed","template":"","meta":[],"product_brand":[],"product_cat":[286],"product_tag":[],"class_list":{"0":"post-330","1":"product","2":"type-product","3":"status-publish","4":"has-post-thumbnail","6":"product_cat-archive","8":"first","9":"outofstock","10":"taxable","11":"shipping-taxable","12":"product-type-simple"},"_links":{"self":[{"href":"https:\/\/fil.ee\/uus\/wp-json\/wp\/v2\/product\/330","targetHints":{"allow":["GET"]}}],"collection":[{"href":"https:\/\/fil.ee\/uus\/wp-json\/wp\/v2\/product"}],"about":[{"href":"https:\/\/fil.ee\/uus\/wp-json\/wp\/v2\/types\/product"}],"replies":[{"embeddable":true,"href":"https:\/\/fil.ee\/uus\/wp-json\/wp\/v2\/comments?post=330"}],"wp:featuredmedia":[{"embeddable":true,"href":"https:\/\/fil.ee\/uus\/wp-json\/wp\/v2\/media\/165"}],"wp:attachment":[{"href":"https:\/\/fil.ee\/uus\/wp-json\/wp\/v2\/media?parent=330"}],"wp:term":[{"taxonomy":"product_brand","embeddable":true,"href":"https:\/\/fil.ee\/uus\/wp-json\/wp\/v2\/product_brand?post=330"},{"taxonomy":"product_cat","embeddable":true,"href":"https:\/\/fil.ee\/uus\/wp-json\/wp\/v2\/product_cat?post=330"},{"taxonomy":"product_tag","embeddable":true,"href":"https:\/\/fil.ee\/uus\/wp-json\/wp\/v2\/product_tag?post=330"}],"curies":[{"name":"wp","href":"https:\/\/api.w.org\/{rel}","templated":true}]}}