{"id":329,"date":"2017-06-15T11:27:44","date_gmt":"2017-06-15T08:27:44","guid":{"rendered":"http:\/\/fil.ee\/uus\/?post_type=product&#038;p=329"},"modified":"2026-04-22T21:34:39","modified_gmt":"2026-04-22T18:34:39","slug":"nukupiiga-saara-kai","status":"publish","type":"product","link":"https:\/\/fil.ee\/uus\/toode\/nukupiiga-saara-kai\/","title":{"rendered":"Nukupiiga Saara Kai"},"content":{"rendered":"<p style=\"text-align: justify;\"><span style=\"font-family: 'comic sans ms', sans-serif;\">2014. aasta 5. septembril ilmus meie kirjastuselt esimene A4 formaadis v\u00e4rviline ja \u00fcliarmas lasteraamat \u201c<strong>Nukupiiga Saara Kai<\/strong>\u201c. Raamatus on 64 lehek\u00fclge, tekst on kirjutatud TR\u00dcKIT\u00c4HTEDEGA.<\/span><\/p>\n<p style=\"text-align: justify;\"><span style=\"font-family: 'comic sans ms', sans-serif;\"><strong>Autori kommentaar:<\/strong><\/span><br \/>\n<span style=\"font-family: 'comic sans ms', sans-serif;\">Saara Kai on v\u00e4ike kaltsunukk, kes elab maal. Lihtsad lood jutustavad v\u00e4ikese t\u00fcdruku elust ning s\u00f5pradest. Mida soovib nukk sireli \u00f5nne\u00f5ielt, millised on tema mured ja kuidas leiab ta uusi s\u00f5pru. Raamat \u201eNukupiiga Saara Kai\u201c on m\u00f5eldud v\u00e4ikestele t\u00fcdrukutele, inspireeritud on ta laste m\u00e4ngudest ja tegemistest. P\u00f5nevust lisavad pildid nukkudest.<\/span><\/p>\n","protected":false},"excerpt":{"rendered":"<p>2014. aasta 5. septembril ilmus meie kirjastuselt esimene A4 formaadis v\u00e4rviline ja \u00fcliarmas lasteraamat \u201cNukupiiga Saara Kai\u201c. Raamatus on 64 lehek\u00fclge, tekst on kirjutatud TR\u00dcKIT\u00c4HTEDEGA. Autori kommentaar: Saara Kai on v\u00e4ike kaltsunukk, kes elab maal. Lihtsad lood jutustavad v\u00e4ikese t\u00fcdruku elust ning s\u00f5pradest. Mida soovib nukk sireli \u00f5nne\u00f5ielt, millised on tema mured ja kuidas leiab [&hellip;]<\/p>\n","protected":false},"featured_media":170,"comment_status":"open","ping_status":"closed","template":"","meta":[],"product_brand":[],"product_cat":[286],"product_tag":[],"class_list":{"0":"post-329","1":"product","2":"type-product","3":"status-publish","4":"has-post-thumbnail","6":"product_cat-archive","8":"first","9":"outofstock","10":"taxable","11":"shipping-taxable","12":"product-type-simple"},"_links":{"self":[{"href":"https:\/\/fil.ee\/uus\/wp-json\/wp\/v2\/product\/329","targetHints":{"allow":["GET"]}}],"collection":[{"href":"https:\/\/fil.ee\/uus\/wp-json\/wp\/v2\/product"}],"about":[{"href":"https:\/\/fil.ee\/uus\/wp-json\/wp\/v2\/types\/product"}],"replies":[{"embeddable":true,"href":"https:\/\/fil.ee\/uus\/wp-json\/wp\/v2\/comments?post=329"}],"wp:featuredmedia":[{"embeddable":true,"href":"https:\/\/fil.ee\/uus\/wp-json\/wp\/v2\/media\/170"}],"wp:attachment":[{"href":"https:\/\/fil.ee\/uus\/wp-json\/wp\/v2\/media?parent=329"}],"wp:term":[{"taxonomy":"product_brand","embeddable":true,"href":"https:\/\/fil.ee\/uus\/wp-json\/wp\/v2\/product_brand?post=329"},{"taxonomy":"product_cat","embeddable":true,"href":"https:\/\/fil.ee\/uus\/wp-json\/wp\/v2\/product_cat?post=329"},{"taxonomy":"product_tag","embeddable":true,"href":"https:\/\/fil.ee\/uus\/wp-json\/wp\/v2\/product_tag?post=329"}],"curies":[{"name":"wp","href":"https:\/\/api.w.org\/{rel}","templated":true}]}}