{"id":327,"date":"2017-06-15T11:21:48","date_gmt":"2017-06-15T08:21:48","guid":{"rendered":"http:\/\/fil.ee\/uus\/?post_type=product&#038;p=327"},"modified":"2023-01-29T14:42:46","modified_gmt":"2023-01-29T12:42:46","slug":"vaime-sisse-astunud","status":"publish","type":"product","link":"https:\/\/fil.ee\/uus\/toode\/vaime-sisse-astunud\/","title":{"rendered":"Vaime sisse astunud"},"content":{"rendered":"<p style=\"text-align: justify;\"><span style=\"font-family: 'comic sans ms', sans-serif;\">2014. aasta 1. septembril ilmus meie kirjastuselt kauaoodatud luulekogu \u201c<strong>Vaime sisse astunud<\/strong>\u201c. Raamat on A5 formaadis ja selles on 86 lehek\u00fclge.<\/span><\/p>\n<p style=\"text-align: justify;\"><span style=\"font-family: 'comic sans ms', sans-serif;\"><strong>Autori kommentaar:<\/strong><\/span><br \/>\n<span style=\"font-family: 'comic sans ms', sans-serif;\">Piiride h\u00e4gustumine maise ja ebamaise vahel, hetked, mil fantaasia seguneb reaalsusega. Just sellistest pilkudest on s\u00fcndinud selles raamatus olevad lood. Oma ebamaiste tegelaste ning keerdk\u00e4ikudega lood, mida kannab luulele omane tunnetest s\u00fcndinud s\u00f5nade v\u00e4gi.<\/span><br \/>\n<span style=\"font-family: 'comic sans ms', sans-serif;\">Tegu on pehmekaanelise teosega, mille k\u00fcljendas Vallo Hallik.<\/span><\/p>\n","protected":false},"excerpt":{"rendered":"<p>2014. aasta 1. septembril ilmus meie kirjastuselt kauaoodatud luulekogu \u201cVaime sisse astunud\u201c. Raamat on A5 formaadis ja selles on 86 lehek\u00fclge. Autori kommentaar: Piiride h\u00e4gustumine maise ja ebamaise vahel, hetked, mil fantaasia seguneb reaalsusega. Just sellistest pilkudest on s\u00fcndinud selles raamatus olevad lood. Oma ebamaiste tegelaste ning keerdk\u00e4ikudega lood, mida kannab luulele omane tunnetest s\u00fcndinud [&hellip;]<\/p>\n","protected":false},"featured_media":203,"comment_status":"open","ping_status":"closed","template":"","meta":[],"product_brand":[],"product_cat":[23],"product_tag":[],"class_list":{"0":"post-327","1":"product","2":"type-product","3":"status-publish","4":"has-post-thumbnail","6":"product_cat-luule","8":"first","9":"instock","10":"taxable","11":"shipping-taxable","12":"purchasable","13":"product-type-simple"},"_links":{"self":[{"href":"https:\/\/fil.ee\/uus\/wp-json\/wp\/v2\/product\/327","targetHints":{"allow":["GET"]}}],"collection":[{"href":"https:\/\/fil.ee\/uus\/wp-json\/wp\/v2\/product"}],"about":[{"href":"https:\/\/fil.ee\/uus\/wp-json\/wp\/v2\/types\/product"}],"replies":[{"embeddable":true,"href":"https:\/\/fil.ee\/uus\/wp-json\/wp\/v2\/comments?post=327"}],"wp:featuredmedia":[{"embeddable":true,"href":"https:\/\/fil.ee\/uus\/wp-json\/wp\/v2\/media\/203"}],"wp:attachment":[{"href":"https:\/\/fil.ee\/uus\/wp-json\/wp\/v2\/media?parent=327"}],"wp:term":[{"taxonomy":"product_brand","embeddable":true,"href":"https:\/\/fil.ee\/uus\/wp-json\/wp\/v2\/product_brand?post=327"},{"taxonomy":"product_cat","embeddable":true,"href":"https:\/\/fil.ee\/uus\/wp-json\/wp\/v2\/product_cat?post=327"},{"taxonomy":"product_tag","embeddable":true,"href":"https:\/\/fil.ee\/uus\/wp-json\/wp\/v2\/product_tag?post=327"}],"curies":[{"name":"wp","href":"https:\/\/api.w.org\/{rel}","templated":true}]}}