{"id":324,"date":"2017-06-15T11:17:02","date_gmt":"2017-06-15T08:17:02","guid":{"rendered":"http:\/\/fil.ee\/uus\/?post_type=product&#038;p=324"},"modified":"2023-02-23T12:17:25","modified_gmt":"2023-02-23T10:17:25","slug":"kuupaiste-monoloog","status":"publish","type":"product","link":"https:\/\/fil.ee\/uus\/toode\/kuupaiste-monoloog\/","title":{"rendered":"Kuupaiste monoloog"},"content":{"rendered":"<p style=\"text-align: justify;\"><span style=\"font-family: 'comic sans ms', sans-serif;\">2014. aasta 21. juulil ilmus meie kirjastuse j\u00e4rjekordne l\u00fchijutt \u201c<strong>Kuupaiste monoloog<\/strong>\u201c, mis on pehmekaaneline raamat. Autor on Belami, lehek\u00fclgi 28, formaat A6.<\/span><\/p>\n<p style=\"text-align: justify;\"><span style=\"font-family: 'comic sans ms', sans-serif;\"><strong>Autori kommentaar:<\/strong><\/span><br \/>\n<span style=\"font-family: 'comic sans ms', sans-serif;\">Tegemist on noore autori esmase proosateosega, mis viib meid ajas edasi, tuleviku-Eestisse. Kohati unen\u00e4oline tegevus on \u00fcles ehitatud intriigile, mis viimastel lehtedel lahenduseni j\u00f5uab. Kas seda negatiivseks v\u00f5i positiivseks pidada, otsustagu iga lugeja ise.<\/span><\/p>\n","protected":false},"excerpt":{"rendered":"<p>2014. aasta 21. juulil ilmus meie kirjastuse j\u00e4rjekordne l\u00fchijutt \u201cKuupaiste monoloog\u201c, mis on pehmekaaneline raamat. Autor on Belami, lehek\u00fclgi 28, formaat A6. Autori kommentaar: Tegemist on noore autori esmase proosateosega, mis viib meid ajas edasi, tuleviku-Eestisse. Kohati unen\u00e4oline tegevus on \u00fcles ehitatud intriigile, mis viimastel lehtedel lahenduseni j\u00f5uab. Kas seda negatiivseks v\u00f5i positiivseks pidada, otsustagu [&hellip;]<\/p>\n","protected":false},"featured_media":157,"comment_status":"open","ping_status":"closed","template":"","meta":[],"product_brand":[],"product_cat":[286],"product_tag":[],"class_list":{"0":"post-324","1":"product","2":"type-product","3":"status-publish","4":"has-post-thumbnail","6":"product_cat-archive","8":"first","9":"outofstock","10":"taxable","11":"shipping-taxable","12":"product-type-simple"},"_links":{"self":[{"href":"https:\/\/fil.ee\/uus\/wp-json\/wp\/v2\/product\/324","targetHints":{"allow":["GET"]}}],"collection":[{"href":"https:\/\/fil.ee\/uus\/wp-json\/wp\/v2\/product"}],"about":[{"href":"https:\/\/fil.ee\/uus\/wp-json\/wp\/v2\/types\/product"}],"replies":[{"embeddable":true,"href":"https:\/\/fil.ee\/uus\/wp-json\/wp\/v2\/comments?post=324"}],"wp:featuredmedia":[{"embeddable":true,"href":"https:\/\/fil.ee\/uus\/wp-json\/wp\/v2\/media\/157"}],"wp:attachment":[{"href":"https:\/\/fil.ee\/uus\/wp-json\/wp\/v2\/media?parent=324"}],"wp:term":[{"taxonomy":"product_brand","embeddable":true,"href":"https:\/\/fil.ee\/uus\/wp-json\/wp\/v2\/product_brand?post=324"},{"taxonomy":"product_cat","embeddable":true,"href":"https:\/\/fil.ee\/uus\/wp-json\/wp\/v2\/product_cat?post=324"},{"taxonomy":"product_tag","embeddable":true,"href":"https:\/\/fil.ee\/uus\/wp-json\/wp\/v2\/product_tag?post=324"}],"curies":[{"name":"wp","href":"https:\/\/api.w.org\/{rel}","templated":true}]}}