{"id":322,"date":"2017-06-15T11:13:54","date_gmt":"2017-06-15T08:13:54","guid":{"rendered":"http:\/\/fil.ee\/uus\/?post_type=product&#038;p=322"},"modified":"2023-01-29T14:34:33","modified_gmt":"2023-01-29T12:34:33","slug":"sonaga-nakku-2","status":"publish","type":"product","link":"https:\/\/fil.ee\/uus\/toode\/sonaga-nakku-2\/","title":{"rendered":"S\u00f5naga n\u00e4kku 2"},"content":{"rendered":"<div class=\"woocommerce-tabs wc-tabs-wrapper\">\n<div id=\"tab-description\" class=\"woocommerce-Tabs-panel woocommerce-Tabs-panel--description panel entry-content wc-tab\" role=\"tabpanel\" aria-labelledby=\"tab-title-description\">\n<p style=\"text-align: justify;\"><span style=\"font-family: 'comic sans ms', sans-serif;\">2014. aasta m\u00e4rtsi keskel ilmus sotsiaal- ja punkluule kogumik \u201c<strong>S\u00f5naga n\u00e4kku 2<\/strong>\u201c. Raamatu maht on 234 lk.<\/span><\/p>\n<p style=\"text-align: justify;\"><span style=\"font-family: 'comic sans ms', sans-serif;\"><strong>Sisututvustus:<\/strong><\/span><br \/>\n<span style=\"font-family: 'comic sans ms', sans-serif;\">2013. aasta s\u00fcgisel v\u00e4ljakuulutatud luulekonkursile saatis oma sotsiaal- ja punkluulet kokku 110 autorit 14-st maakonnast. 330-st laekunud luuletusest valis paremiku \u017e\u00fcrii. Lisaks \u017e\u00fcrii liikmetele l\u00e4ksid arvesse ka publiku lemmiku valimiste tulemused. \u017d\u00fcriipoolsed kommentaarid: Contra, Rauno M\u00e4rks, Fil, Margit Peterson, Papa, Ulakas T\u00e4hes\u00f5dalane.<\/span><\/p>\n<\/div>\n<\/div>\n","protected":false},"excerpt":{"rendered":"<p>2014. aasta m\u00e4rtsi keskel ilmus sotsiaal- ja punkluule kogumik \u201cS\u00f5naga n\u00e4kku 2\u201c. Raamatu maht on 234 lk. Sisututvustus: 2013. aasta s\u00fcgisel v\u00e4ljakuulutatud luulekonkursile saatis oma sotsiaal- ja punkluulet kokku 110 autorit 14-st maakonnast. 330-st laekunud luuletusest valis paremiku \u017e\u00fcrii. Lisaks \u017e\u00fcrii liikmetele l\u00e4ksid arvesse ka publiku lemmiku valimiste tulemused. \u017d\u00fcriipoolsed kommentaarid: Contra, Rauno M\u00e4rks, Fil, [&hellip;]<\/p>\n","protected":false},"featured_media":188,"comment_status":"open","ping_status":"closed","template":"","meta":[],"product_brand":[],"product_cat":[23],"product_tag":[],"class_list":{"0":"post-322","1":"product","2":"type-product","3":"status-publish","4":"has-post-thumbnail","6":"product_cat-luule","8":"first","9":"instock","10":"taxable","11":"shipping-taxable","12":"purchasable","13":"product-type-simple"},"_links":{"self":[{"href":"https:\/\/fil.ee\/uus\/wp-json\/wp\/v2\/product\/322","targetHints":{"allow":["GET"]}}],"collection":[{"href":"https:\/\/fil.ee\/uus\/wp-json\/wp\/v2\/product"}],"about":[{"href":"https:\/\/fil.ee\/uus\/wp-json\/wp\/v2\/types\/product"}],"replies":[{"embeddable":true,"href":"https:\/\/fil.ee\/uus\/wp-json\/wp\/v2\/comments?post=322"}],"wp:featuredmedia":[{"embeddable":true,"href":"https:\/\/fil.ee\/uus\/wp-json\/wp\/v2\/media\/188"}],"wp:attachment":[{"href":"https:\/\/fil.ee\/uus\/wp-json\/wp\/v2\/media?parent=322"}],"wp:term":[{"taxonomy":"product_brand","embeddable":true,"href":"https:\/\/fil.ee\/uus\/wp-json\/wp\/v2\/product_brand?post=322"},{"taxonomy":"product_cat","embeddable":true,"href":"https:\/\/fil.ee\/uus\/wp-json\/wp\/v2\/product_cat?post=322"},{"taxonomy":"product_tag","embeddable":true,"href":"https:\/\/fil.ee\/uus\/wp-json\/wp\/v2\/product_tag?post=322"}],"curies":[{"name":"wp","href":"https:\/\/api.w.org\/{rel}","templated":true}]}}