{"id":310,"date":"2017-06-08T15:12:07","date_gmt":"2017-06-08T12:12:07","guid":{"rendered":"http:\/\/fil.ee\/uus\/?post_type=product&#038;p=310"},"modified":"2023-01-29T14:19:36","modified_gmt":"2023-01-29T12:19:36","slug":"ara-mind-unusta","status":"publish","type":"product","link":"https:\/\/fil.ee\/uus\/toode\/ara-mind-unusta\/","title":{"rendered":"\u00c4ra mind unusta"},"content":{"rendered":"<p style=\"text-align: justify;\"><span style=\"font-family: 'comic sans ms', sans-serif;\">2013. aasta 1. juulil ilmus P\u00e4rnu noorkirjanikult FIL tema esimene ilukirjanduslik teos \u201c<strong>\u00c4ra mind unusta<\/strong>\u201c. Raamatus on 370 lehek\u00fclge.<\/span><\/p>\n<p style=\"text-align: justify;\"><span style=\"font-family: 'comic sans ms', sans-serif;\"><strong>Sisututvustus:<\/strong><\/span><br \/>\n<span style=\"font-family: 'comic sans ms', sans-serif;\">Teos on kirjutatud t\u00e4iesti uudse l\u00e4henemisega ehk kogu tekst on kahek\u00f5nes. \u00dclesehitus on nii kujult kui olemuselt sarnane sellele, mis tegelikult virtuaalsetes jututubades toimub. Raamat on kirjutatud kahe inimese tutvusest ja nende vestlustest jututubade privaatosas. Teos sisaldab nii mittemidagi\u00fctlevat pl\u00e4ma, kui ka flirti, nii s\u00f5imu kui hala \u2026 Ennek\u00f5ike on teos siiski emotsionaalne lugemine t\u00e4iskasvanule, kes natukenegi teab internetist ja selle v\u00f5imalustest. \u201c\u00c4ra mind unusta\u201c k\u00f5ik illustratsioonid on joonistanud 11-aastane Katre Helena K\u00f5rboja.<\/span><\/p>\n","protected":false},"excerpt":{"rendered":"<p>2013. aasta 1. juulil ilmus P\u00e4rnu noorkirjanikult FIL tema esimene ilukirjanduslik teos \u201c\u00c4ra mind unusta\u201c. Raamatus on 370 lehek\u00fclge. Sisututvustus: Teos on kirjutatud t\u00e4iesti uudse l\u00e4henemisega ehk kogu tekst on kahek\u00f5nes. \u00dclesehitus on nii kujult kui olemuselt sarnane sellele, mis tegelikult virtuaalsetes jututubades toimub. Raamat on kirjutatud kahe inimese tutvusest ja nende vestlustest jututubade privaatosas. [&hellip;]<\/p>\n","protected":false},"featured_media":119,"comment_status":"open","ping_status":"closed","template":"","meta":[],"product_brand":[],"product_cat":[19],"product_tag":[],"class_list":{"0":"post-310","1":"product","2":"type-product","3":"status-publish","4":"has-post-thumbnail","6":"product_cat-ilukirjandus","8":"first","9":"instock","10":"taxable","11":"shipping-taxable","12":"purchasable","13":"product-type-simple"},"_links":{"self":[{"href":"https:\/\/fil.ee\/uus\/wp-json\/wp\/v2\/product\/310","targetHints":{"allow":["GET"]}}],"collection":[{"href":"https:\/\/fil.ee\/uus\/wp-json\/wp\/v2\/product"}],"about":[{"href":"https:\/\/fil.ee\/uus\/wp-json\/wp\/v2\/types\/product"}],"replies":[{"embeddable":true,"href":"https:\/\/fil.ee\/uus\/wp-json\/wp\/v2\/comments?post=310"}],"wp:featuredmedia":[{"embeddable":true,"href":"https:\/\/fil.ee\/uus\/wp-json\/wp\/v2\/media\/119"}],"wp:attachment":[{"href":"https:\/\/fil.ee\/uus\/wp-json\/wp\/v2\/media?parent=310"}],"wp:term":[{"taxonomy":"product_brand","embeddable":true,"href":"https:\/\/fil.ee\/uus\/wp-json\/wp\/v2\/product_brand?post=310"},{"taxonomy":"product_cat","embeddable":true,"href":"https:\/\/fil.ee\/uus\/wp-json\/wp\/v2\/product_cat?post=310"},{"taxonomy":"product_tag","embeddable":true,"href":"https:\/\/fil.ee\/uus\/wp-json\/wp\/v2\/product_tag?post=310"}],"curies":[{"name":"wp","href":"https:\/\/api.w.org\/{rel}","templated":true}]}}