{"id":308,"date":"2017-06-08T12:21:46","date_gmt":"2017-06-08T09:21:46","guid":{"rendered":"http:\/\/fil.ee\/uus\/?post_type=product&#038;p=308"},"modified":"2023-01-29T14:16:14","modified_gmt":"2023-01-29T12:16:14","slug":"308","status":"publish","type":"product","link":"https:\/\/fil.ee\/uus\/toode\/308\/","title":{"rendered":"Kontakt kinnitab, et osapooli on v\u00e4hemalt 2"},"content":{"rendered":"<p style=\"text-align: justify;\">2012. aasta 1. novembril ilmus meie kirjastuselt huumorikogumik \u201c<strong>Kontakt kinnitab, et osapooli on v\u00e4hemalt 2<\/strong>\u201c. Raamat on A5 formaadis, pehmete kaantega ning seal on 76 lehek\u00fclge.<\/p>\n<p style=\"text-align: justify;\"><strong>Autori kommentaar:<br \/>\n<\/strong>Huumorikogumik on teine kogumik sarjast \u201cKontakt\u2026\u201d ja see ei j\u00e4\u00e4 kindlasti viimaseks. Raamat on veidi paksem kui sarja esimene raamat. Raamat sisaldab nalju, p\u00e4rleid ja kilde, infotelefonile tehtud k\u00f5nedele vastajate argip\u00e4evast. Illustratsioonide autor on Alari (Papa) Janson.<\/p>\n","protected":false},"excerpt":{"rendered":"<p>2012. aasta 1. novembril ilmus meie kirjastuselt huumorikogumik \u201cKontakt kinnitab, et osapooli on v\u00e4hemalt 2\u201c. Raamat on A5 formaadis, pehmete kaantega ning seal on 76 lehek\u00fclge. Autori kommentaar: Huumorikogumik on teine kogumik sarjast \u201cKontakt\u2026\u201d ja see ei j\u00e4\u00e4 kindlasti viimaseks. Raamat on veidi paksem kui sarja esimene raamat. Raamat sisaldab nalju, p\u00e4rleid ja kilde, infotelefonile [&hellip;]<\/p>\n","protected":false},"featured_media":152,"comment_status":"open","ping_status":"closed","template":"","meta":[],"product_brand":[],"product_cat":[18],"product_tag":[],"class_list":{"0":"post-308","1":"product","2":"type-product","3":"status-publish","4":"has-post-thumbnail","6":"product_cat-huumor","8":"first","9":"instock","10":"taxable","11":"shipping-taxable","12":"purchasable","13":"product-type-simple"},"_links":{"self":[{"href":"https:\/\/fil.ee\/uus\/wp-json\/wp\/v2\/product\/308","targetHints":{"allow":["GET"]}}],"collection":[{"href":"https:\/\/fil.ee\/uus\/wp-json\/wp\/v2\/product"}],"about":[{"href":"https:\/\/fil.ee\/uus\/wp-json\/wp\/v2\/types\/product"}],"replies":[{"embeddable":true,"href":"https:\/\/fil.ee\/uus\/wp-json\/wp\/v2\/comments?post=308"}],"wp:featuredmedia":[{"embeddable":true,"href":"https:\/\/fil.ee\/uus\/wp-json\/wp\/v2\/media\/152"}],"wp:attachment":[{"href":"https:\/\/fil.ee\/uus\/wp-json\/wp\/v2\/media?parent=308"}],"wp:term":[{"taxonomy":"product_brand","embeddable":true,"href":"https:\/\/fil.ee\/uus\/wp-json\/wp\/v2\/product_brand?post=308"},{"taxonomy":"product_cat","embeddable":true,"href":"https:\/\/fil.ee\/uus\/wp-json\/wp\/v2\/product_cat?post=308"},{"taxonomy":"product_tag","embeddable":true,"href":"https:\/\/fil.ee\/uus\/wp-json\/wp\/v2\/product_tag?post=308"}],"curies":[{"name":"wp","href":"https:\/\/api.w.org\/{rel}","templated":true}]}}