{"id":2598,"date":"2026-05-14T10:37:21","date_gmt":"2026-05-14T07:37:21","guid":{"rendered":"https:\/\/fil.ee\/uus\/?post_type=product&#038;p=2598"},"modified":"2026-05-14T10:37:21","modified_gmt":"2026-05-14T07:37:21","slug":"uus-voimalus","status":"publish","type":"product","link":"https:\/\/fil.ee\/uus\/toode\/uus-voimalus\/","title":{"rendered":"Uus v\u00f5imalus"},"content":{"rendered":"<p style=\"text-align: justify;\">14. mail 2026. a. ilmus meie kirjastuselt uus raamat Tarmo Niinepuu \u201cUus v\u00f5imalus\u201d. Raamat on k\u00f5vade kaante ja v\u00e4rvilise sisuga. Raamatu m\u00f5\u00f5dud on 148\u00d7210 mm, maht 224 lehek\u00fclge. Toimetas Irene \u00d5mblus, k\u00fcljendas ja kaaned kujundas Vallo Hallik<\/p>\n<p style=\"text-align: justify;\"><strong>Raamatu tutvustus:<br \/>\n<\/strong>\u00dcks hetk v\u00f5ib muuta k\u00f5ik. See v\u00f5ib t\u00f5sta sind k\u00f5rgele \u00fcles v\u00f5i suruda s\u00fcgavale mutta. K\u00fcllap on iga\u00fcks meist m\u00f5elnud, kui hea oleks, kui saaks tagantj\u00e4rele mingeid otsuseid \u00fcmber vaadata, kui saaks k\u00e4ituda teisiti.<br \/>\nP\u00e4rast rasket \u00f5nnetust leiab Paul end oma teadvuse \u201epeegelsaalist\u201c, kus tema teisik pakub talle tehingut. Ta saab uue v\u00f5imaluse elada, kui suudab lahendada pusle, milleks on tema enda minevik. Teiste inimeste silmade l\u00e4bi tagasi viimasesse p\u00e4eva r\u00e4nnates, proovib Paul leida t\u00f5de oma valikute, pere, armastuse ja kaotuse kohta. See on teekond l\u00e4bi kahetsuse ja lootuse, kus piir reaalsuse ja fantaasia vahel hajub. Kas \u201euus v\u00f5imalus\u201c olulisteks hetkedeks on kingitus v\u00f5i hoopis piinav kordusm\u00e4ng?<\/p>\n<p style=\"text-align: justify;\">Tarmo Niinepuu on tarneahela ekspert ja reservohvitser. Talle meelib j\u00e4lgida inimesi ning tema kirg m\u00e4lum\u00e4ngu vastu on \u00f5petanud looma seoseid seal, kus teised n\u00e4evad juhuslikkust. Oma esikromaanis \u201eUus v\u00f5imalus\u201c kutsub ta lugejat kaasa m\u00f5tlema, kas mineviku muutmine ikka toob parema tuleviku.<\/p>\n<p>Raamatusse sisse vaadata saab <a href=\"https:\/\/fil.ee\/sisu\/Uus_voimalus_esimesed_15lk.pdf\">siin<\/a>.<\/p>\n","protected":false},"excerpt":{"rendered":"<p>14. mail 2026. a. ilmus meie kirjastuselt uus raamat Tarmo Niinepuu \u201cUus v\u00f5imalus\u201d. Raamat on k\u00f5vade kaante ja v\u00e4rvilise sisuga. Raamatu m\u00f5\u00f5dud on 148\u00d7210 mm, maht 224 lehek\u00fclge. Toimetas Irene \u00d5mblus, k\u00fcljendas ja kaaned kujundas Vallo Hallik Raamatu tutvustus: \u00dcks hetk v\u00f5ib muuta k\u00f5ik. See v\u00f5ib t\u00f5sta sind k\u00f5rgele \u00fcles v\u00f5i suruda s\u00fcgavale mutta. K\u00fcllap [&hellip;]<\/p>\n","protected":false},"featured_media":2599,"comment_status":"closed","ping_status":"closed","template":"","meta":[],"product_brand":[],"product_cat":[19],"product_tag":[],"class_list":{"0":"post-2598","1":"product","2":"type-product","3":"status-publish","4":"has-post-thumbnail","6":"product_cat-ilukirjandus","8":"first","9":"instock","10":"taxable","11":"shipping-taxable","12":"purchasable","13":"product-type-simple"},"_links":{"self":[{"href":"https:\/\/fil.ee\/uus\/wp-json\/wp\/v2\/product\/2598","targetHints":{"allow":["GET"]}}],"collection":[{"href":"https:\/\/fil.ee\/uus\/wp-json\/wp\/v2\/product"}],"about":[{"href":"https:\/\/fil.ee\/uus\/wp-json\/wp\/v2\/types\/product"}],"replies":[{"embeddable":true,"href":"https:\/\/fil.ee\/uus\/wp-json\/wp\/v2\/comments?post=2598"}],"wp:featuredmedia":[{"embeddable":true,"href":"https:\/\/fil.ee\/uus\/wp-json\/wp\/v2\/media\/2599"}],"wp:attachment":[{"href":"https:\/\/fil.ee\/uus\/wp-json\/wp\/v2\/media?parent=2598"}],"wp:term":[{"taxonomy":"product_brand","embeddable":true,"href":"https:\/\/fil.ee\/uus\/wp-json\/wp\/v2\/product_brand?post=2598"},{"taxonomy":"product_cat","embeddable":true,"href":"https:\/\/fil.ee\/uus\/wp-json\/wp\/v2\/product_cat?post=2598"},{"taxonomy":"product_tag","embeddable":true,"href":"https:\/\/fil.ee\/uus\/wp-json\/wp\/v2\/product_tag?post=2598"}],"curies":[{"name":"wp","href":"https:\/\/api.w.org\/{rel}","templated":true}]}}