{"id":2596,"date":"2026-05-14T10:33:16","date_gmt":"2026-05-14T07:33:16","guid":{"rendered":"https:\/\/fil.ee\/uus\/?post_type=product&#038;p=2596"},"modified":"2026-05-14T10:33:16","modified_gmt":"2026-05-14T07:33:16","slug":"luulelised-motisklused","status":"publish","type":"product","link":"https:\/\/fil.ee\/uus\/toode\/luulelised-motisklused\/","title":{"rendered":"Luulelised m\u00f5tisklused"},"content":{"rendered":"<p>14. mail 2026. a. ilmus meie kirjastuselt uus luuleraamat Ida Vavulina \u201cLuulelised m\u00f5tisklused\u201d. Raamat on k\u00f5vade kaante ja v\u00e4rvilise sisuga. Raamatu m\u00f5\u00f5dud on 148\u00d7210 mm, maht 240 lehek\u00fclge. Toimetas Heli Hallik, k\u00fcljendas ja kaaned kujundas Vallo Hallik<\/p>\n<p style=\"text-align: justify;\"><strong>Raamatu tutvustus:<br \/>\n<\/strong>Ma v\u00e4rsse kokku vaalisin,<br \/>\nt\u00f5ese pildi maalisin<br \/>\nsellest, mis toimus Eesti pinnal<br \/>\n\u00e4\u00e4remaal ja suures linnas.<br \/>\nKui lugude juurde sa lubad end lasta,<br \/>\nv\u00f5id luule sisse end \u00fcleni kasta.<br \/>\nSiin m\u00f5tted l\u00f6\u00f6vad lihtsalt lokku.<br \/>\nsiin riimid, r\u00fctmid saavad kokku.<br \/>\nKui sa nootidega annad hoogu,<br \/>\nv\u00f5id korjata siis laululoogu.<\/p>\n<p>Raamatusse sisse vaadata saab <a href=\"https:\/\/fil.ee\/sisu\/Luulelised_motisklused_esimesed_15lk.pdf\">siin<\/a>.<\/p>\n","protected":false},"excerpt":{"rendered":"<p>14. mail 2026. a. ilmus meie kirjastuselt uus luuleraamat Ida Vavulina \u201cLuulelised m\u00f5tisklused\u201d. Raamat on k\u00f5vade kaante ja v\u00e4rvilise sisuga. Raamatu m\u00f5\u00f5dud on 148\u00d7210 mm, maht 240 lehek\u00fclge. Toimetas Heli Hallik, k\u00fcljendas ja kaaned kujundas Vallo Hallik Raamatu tutvustus: Ma v\u00e4rsse kokku vaalisin, t\u00f5ese pildi maalisin sellest, mis toimus Eesti pinnal \u00e4\u00e4remaal ja suures linnas. [&hellip;]<\/p>\n","protected":false},"featured_media":2597,"comment_status":"closed","ping_status":"closed","template":"","meta":[],"product_brand":[],"product_cat":[23],"product_tag":[],"class_list":{"0":"post-2596","1":"product","2":"type-product","3":"status-publish","4":"has-post-thumbnail","6":"product_cat-luule","8":"first","9":"instock","10":"taxable","11":"shipping-taxable","12":"purchasable","13":"product-type-simple"},"_links":{"self":[{"href":"https:\/\/fil.ee\/uus\/wp-json\/wp\/v2\/product\/2596","targetHints":{"allow":["GET"]}}],"collection":[{"href":"https:\/\/fil.ee\/uus\/wp-json\/wp\/v2\/product"}],"about":[{"href":"https:\/\/fil.ee\/uus\/wp-json\/wp\/v2\/types\/product"}],"replies":[{"embeddable":true,"href":"https:\/\/fil.ee\/uus\/wp-json\/wp\/v2\/comments?post=2596"}],"wp:featuredmedia":[{"embeddable":true,"href":"https:\/\/fil.ee\/uus\/wp-json\/wp\/v2\/media\/2597"}],"wp:attachment":[{"href":"https:\/\/fil.ee\/uus\/wp-json\/wp\/v2\/media?parent=2596"}],"wp:term":[{"taxonomy":"product_brand","embeddable":true,"href":"https:\/\/fil.ee\/uus\/wp-json\/wp\/v2\/product_brand?post=2596"},{"taxonomy":"product_cat","embeddable":true,"href":"https:\/\/fil.ee\/uus\/wp-json\/wp\/v2\/product_cat?post=2596"},{"taxonomy":"product_tag","embeddable":true,"href":"https:\/\/fil.ee\/uus\/wp-json\/wp\/v2\/product_tag?post=2596"}],"curies":[{"name":"wp","href":"https:\/\/api.w.org\/{rel}","templated":true}]}}