{"id":2585,"date":"2026-04-23T00:55:04","date_gmt":"2026-04-22T21:55:04","guid":{"rendered":"https:\/\/fil.ee\/uus\/?post_type=product&#038;p=2585"},"modified":"2026-04-23T00:55:04","modified_gmt":"2026-04-22T21:55:04","slug":"1-a-klass","status":"publish","type":"product","link":"https:\/\/fil.ee\/uus\/toode\/1-a-klass\/","title":{"rendered":"1. A klass"},"content":{"rendered":"<p style=\"text-align: justify;\">23. aprillil 2026. a. ilmus meie kirjastuselt uus lasteraamat Ly Hansti &#8220;1. A klass&#8221;. Raamat on k\u00f5vade kaante ja v\u00e4rvilise sisuga. Raamatu m\u00f5\u00f5dud on 195&#215;195 mm, maht 84 lehek\u00fclge. Toimetas Heli Hallik, AI abiga illustreeris Ly Hansti, k\u00fcljendas Vallo Hallik ja kaaned kujundas Jaan Lehismets<\/p>\n<p style=\"text-align: justify;\"><strong>Raamatu tutvustus:<br \/>\n<\/strong>Siit raamatust saad sa lugeda \u00f5petaja Lili ja tema \u00f5pilaste seiklustest, r\u00f5\u00f5msatest ja v\u00e4hem r\u00f5\u00f5msatest hetkedest, mis v\u00f5ivad ette tulla 1. klassis.<br \/>\nEnamike lugude taga on p\u00e4ris \u00f5pilased ning p\u00e4ris olukorrad, l\u00e4bi mille on sul v\u00f5imalus saada aimu, mis v\u00f5ib ees oodata 1. klassis.<br \/>\nOsad s\u00f5nad v\u00f5ivad olla sulle veel v\u00f5\u00f5rad, aga nende puhul tuleb appi raamatu l\u00f5pus olev s\u00f5nastik ning m\u00f5ne loo j\u00e4rel on ka v\u00e4ike \u00fclesanne, mis kutsub sind kaasa m\u00f5tlema ja tegutsema.<br \/>\nRaamatu eesm\u00e4rk on pakkuda sulle \u2013 lapsele kindlustunnet ja r\u00f5\u00f5msat ootus\u00e4revust enne koolitee algust v\u00f5i koolitee ajal.<\/p>\n<p style=\"text-align: justify;\">Raamatusse sisse vaadata saab <a href=\"https:\/\/fil.ee\/sisu\/1a_klass_esimesed_15lk.pdf\">siin<\/a>.<\/p>\n","protected":false},"excerpt":{"rendered":"<p>23. aprillil 2026. a. ilmus meie kirjastuselt uus lasteraamat Ly Hansti &#8220;1. A klass&#8221;. Raamat on k\u00f5vade kaante ja v\u00e4rvilise sisuga. Raamatu m\u00f5\u00f5dud on 195&#215;195 mm, maht 84 lehek\u00fclge. Toimetas Heli Hallik, AI abiga illustreeris Ly Hansti, k\u00fcljendas Vallo Hallik ja kaaned kujundas Jaan Lehismets Raamatu tutvustus: Siit raamatust saad sa lugeda \u00f5petaja Lili ja [&hellip;]<\/p>\n","protected":false},"featured_media":2586,"comment_status":"closed","ping_status":"closed","template":"","meta":[],"product_brand":[],"product_cat":[22],"product_tag":[],"class_list":{"0":"post-2585","1":"product","2":"type-product","3":"status-publish","4":"has-post-thumbnail","6":"product_cat-lastele","8":"first","9":"instock","10":"taxable","11":"shipping-taxable","12":"purchasable","13":"product-type-simple"},"_links":{"self":[{"href":"https:\/\/fil.ee\/uus\/wp-json\/wp\/v2\/product\/2585","targetHints":{"allow":["GET"]}}],"collection":[{"href":"https:\/\/fil.ee\/uus\/wp-json\/wp\/v2\/product"}],"about":[{"href":"https:\/\/fil.ee\/uus\/wp-json\/wp\/v2\/types\/product"}],"replies":[{"embeddable":true,"href":"https:\/\/fil.ee\/uus\/wp-json\/wp\/v2\/comments?post=2585"}],"wp:featuredmedia":[{"embeddable":true,"href":"https:\/\/fil.ee\/uus\/wp-json\/wp\/v2\/media\/2586"}],"wp:attachment":[{"href":"https:\/\/fil.ee\/uus\/wp-json\/wp\/v2\/media?parent=2585"}],"wp:term":[{"taxonomy":"product_brand","embeddable":true,"href":"https:\/\/fil.ee\/uus\/wp-json\/wp\/v2\/product_brand?post=2585"},{"taxonomy":"product_cat","embeddable":true,"href":"https:\/\/fil.ee\/uus\/wp-json\/wp\/v2\/product_cat?post=2585"},{"taxonomy":"product_tag","embeddable":true,"href":"https:\/\/fil.ee\/uus\/wp-json\/wp\/v2\/product_tag?post=2585"}],"curies":[{"name":"wp","href":"https:\/\/api.w.org\/{rel}","templated":true}]}}