{"id":2583,"date":"2026-04-23T00:33:54","date_gmt":"2026-04-22T21:33:54","guid":{"rendered":"https:\/\/fil.ee\/uus\/?post_type=product&#038;p=2583"},"modified":"2026-04-23T00:56:46","modified_gmt":"2026-04-22T21:56:46","slug":"maiette-ja-daneli-seiklusrikas-suvi-maal","status":"publish","type":"product","link":"https:\/\/fil.ee\/uus\/toode\/maiette-ja-daneli-seiklusrikas-suvi-maal\/","title":{"rendered":"Maiette ja Daneli seiklusrikas suvi maal"},"content":{"rendered":"<p style=\"text-align: justify;\">23. aprillil 2026. a. ilmus meie kirjastuselt uus lasteraamat Marje Aavik &#8220;Maiette ja Daneli seiklusrikas suvi maal&#8221;. Raamat on k\u00f5vade kaante ja v\u00e4rvilise sisuga. Raamatu m\u00f5\u00f5dud on 170&#215;240 mm, maht 56 lehek\u00fclge. Toimetas Irene \u00d5mblus, illustreeris Liina Lippasaar, k\u00fcljendas ja kaaned kujundas Jaan Lehismets<\/p>\n<p style=\"text-align: justify;\"><strong>Raamatu tutvustus:<br \/>\n<\/strong>Mis juhtub siis, kui suvevaheaeg veedetakse maal? Just seal, j\u00e4rvede ja metsade vahel algavad k\u00f5ige p\u00f5nevamad lood.<br \/>\nMaiette ja Danel on linnalapsed, kes veedavad oma suve vanaemade ja vanaisade juures maal. Seal ei ole igavusel kohta, iga p\u00e4ev toob kaasa uusi avastusi ja seiklusi. Koos ehitatakse onni, uuritakse putukaid, saadakse uusi s\u00f5pru ning satutakse isegi p\u00e4ris ehtsa detektiiviloo keskele. Vahel tuleb rinda pista hirmutava \u00e4ikesega, vahel lahendada kadunud asjade m\u00f5istatusi v\u00f5i \u00f5ppida tundma v\u00f5\u00f5raid keeli ja kombeid. Suvi maal \u00f5petab m\u00e4rkama loodust, hoolima teistest ja tegutsema koos.<br \/>\n\u201eMaiette ja Daneli seiklusrikas suvi maal\u201c on soe ja s\u00fcdamlik lugu s\u00f5prusest, julgusest ja lapsep\u00f5lve v\u00e4ikestest, kuid v\u00e4ga olulistest hetkedest.<\/p>\n<p style=\"text-align: justify;\">Raamatusse sisse vaadata saab <a href=\"https:\/\/fil.ee\/sisu\/Maiette_ja_Daneli_suvi_esimesed_15lk.pdf\">siin<\/a>.<\/p>\n","protected":false},"excerpt":{"rendered":"<p>23. aprillil 2026. a. ilmus meie kirjastuselt uus lasteraamat Marje Aavik &#8220;Maiette ja Daneli seiklusrikas suvi maal&#8221;. Raamat on k\u00f5vade kaante ja v\u00e4rvilise sisuga. Raamatu m\u00f5\u00f5dud on 170&#215;240 mm, maht 56 lehek\u00fclge. Toimetas Irene \u00d5mblus, illustreeris Liina Lippasaar, k\u00fcljendas ja kaaned kujundas Jaan Lehismets Raamatu tutvustus: Mis juhtub siis, kui suvevaheaeg veedetakse maal? Just seal, [&hellip;]<\/p>\n","protected":false},"featured_media":2584,"comment_status":"closed","ping_status":"closed","template":"","meta":[],"product_brand":[],"product_cat":[22],"product_tag":[],"class_list":{"0":"post-2583","1":"product","2":"type-product","3":"status-publish","4":"has-post-thumbnail","6":"product_cat-lastele","8":"first","9":"instock","10":"taxable","11":"shipping-taxable","12":"purchasable","13":"product-type-simple"},"_links":{"self":[{"href":"https:\/\/fil.ee\/uus\/wp-json\/wp\/v2\/product\/2583","targetHints":{"allow":["GET"]}}],"collection":[{"href":"https:\/\/fil.ee\/uus\/wp-json\/wp\/v2\/product"}],"about":[{"href":"https:\/\/fil.ee\/uus\/wp-json\/wp\/v2\/types\/product"}],"replies":[{"embeddable":true,"href":"https:\/\/fil.ee\/uus\/wp-json\/wp\/v2\/comments?post=2583"}],"wp:featuredmedia":[{"embeddable":true,"href":"https:\/\/fil.ee\/uus\/wp-json\/wp\/v2\/media\/2584"}],"wp:attachment":[{"href":"https:\/\/fil.ee\/uus\/wp-json\/wp\/v2\/media?parent=2583"}],"wp:term":[{"taxonomy":"product_brand","embeddable":true,"href":"https:\/\/fil.ee\/uus\/wp-json\/wp\/v2\/product_brand?post=2583"},{"taxonomy":"product_cat","embeddable":true,"href":"https:\/\/fil.ee\/uus\/wp-json\/wp\/v2\/product_cat?post=2583"},{"taxonomy":"product_tag","embeddable":true,"href":"https:\/\/fil.ee\/uus\/wp-json\/wp\/v2\/product_tag?post=2583"}],"curies":[{"name":"wp","href":"https:\/\/api.w.org\/{rel}","templated":true}]}}