{"id":2546,"date":"2026-04-03T13:23:40","date_gmt":"2026-04-03T10:23:40","guid":{"rendered":"https:\/\/fil.ee\/uus\/?post_type=product&#038;p=2546"},"modified":"2026-04-03T22:15:20","modified_gmt":"2026-04-03T19:15:20","slug":"vahused-laineharjad","status":"publish","type":"product","link":"https:\/\/fil.ee\/uus\/toode\/vahused-laineharjad\/","title":{"rendered":"Vahused laineharjad"},"content":{"rendered":"<p style=\"text-align: justify;\">3. aprillil 2026. a. ilmus meie kirjastuselt uus luuleraamat Tiina Lepamaa &#8220;Vahused laineharjad&#8221;. Raamat on k\u00f5vade kaante ja v\u00e4rvilise sisuga. Raamatu m\u00f5\u00f5dud on 148&#215;210 mm, maht 104 lehek\u00fclge. Toimetas Heli Hallik, k\u00fcljendas ja kaaned kujundas Jaan Lehismets<\/p>\n<p style=\"text-align: justify;\"><strong>Raamatu tutvustus:<br \/>\n<\/strong>Olen \u00f5nnelik just siin ja praegu.<br \/>\nTulin Hiiumaale elama 45 aastat tagasi.<br \/>\nMinu s\u00fcnnilinnaks on Haapsalu, mis on mulle ikka veel v\u00e4ga armas.<br \/>\nAga Hiiumaa loodus, elu ja olu on mulle andnud m\u00f5tteid luuleridade seadmiseks. Samuti saan inspiratsiooni oma perelt, t\u00f6\u00f6kaaslastelt, s\u00f5pradelt ja headelt tuttavatelt.<br \/>\nVahel tekivad riimid p\u00e4evauudistest, l\u00e4bielatust v\u00f5i siis teiste inimeste elukulgu j\u00e4lgides.<br \/>\nSelles luulekogus on raasuke r\u00f5\u00f5mu, killuke kurbust, natuke nalja, m\u00f5nuga m\u00f5tlemist, s\u00fcdamega soovimist.<br \/>\nLoe mind!<\/p>\n<p>Raamatusse sisse vaadata saab <a href=\"https:\/\/fil.ee\/sisu\/Vahused_Laineharjad_esimesed_15lk.pdf\">siin<\/a>.<\/p>\n","protected":false},"excerpt":{"rendered":"<p>3. aprillil 2026. a. ilmus meie kirjastuselt uus luuleraamat Tiina Lepamaa &#8220;Vahused laineharjad&#8221;. Raamat on k\u00f5vade kaante ja v\u00e4rvilise sisuga. Raamatu m\u00f5\u00f5dud on 148&#215;210 mm, maht 104 lehek\u00fclge. Toimetas Heli Hallik, k\u00fcljendas ja kaaned kujundas Jaan Lehismets Raamatu tutvustus: Olen \u00f5nnelik just siin ja praegu. Tulin Hiiumaale elama 45 aastat tagasi. Minu s\u00fcnnilinnaks on Haapsalu, [&hellip;]<\/p>\n","protected":false},"featured_media":2550,"comment_status":"closed","ping_status":"closed","template":"","meta":[],"product_brand":[],"product_cat":[23],"product_tag":[],"class_list":{"0":"post-2546","1":"product","2":"type-product","3":"status-publish","4":"has-post-thumbnail","6":"product_cat-luule","8":"first","9":"instock","10":"taxable","11":"shipping-taxable","12":"purchasable","13":"product-type-simple"},"_links":{"self":[{"href":"https:\/\/fil.ee\/uus\/wp-json\/wp\/v2\/product\/2546","targetHints":{"allow":["GET"]}}],"collection":[{"href":"https:\/\/fil.ee\/uus\/wp-json\/wp\/v2\/product"}],"about":[{"href":"https:\/\/fil.ee\/uus\/wp-json\/wp\/v2\/types\/product"}],"replies":[{"embeddable":true,"href":"https:\/\/fil.ee\/uus\/wp-json\/wp\/v2\/comments?post=2546"}],"wp:featuredmedia":[{"embeddable":true,"href":"https:\/\/fil.ee\/uus\/wp-json\/wp\/v2\/media\/2550"}],"wp:attachment":[{"href":"https:\/\/fil.ee\/uus\/wp-json\/wp\/v2\/media?parent=2546"}],"wp:term":[{"taxonomy":"product_brand","embeddable":true,"href":"https:\/\/fil.ee\/uus\/wp-json\/wp\/v2\/product_brand?post=2546"},{"taxonomy":"product_cat","embeddable":true,"href":"https:\/\/fil.ee\/uus\/wp-json\/wp\/v2\/product_cat?post=2546"},{"taxonomy":"product_tag","embeddable":true,"href":"https:\/\/fil.ee\/uus\/wp-json\/wp\/v2\/product_tag?post=2546"}],"curies":[{"name":"wp","href":"https:\/\/api.w.org\/{rel}","templated":true}]}}