{"id":2520,"date":"2026-03-16T11:31:16","date_gmt":"2026-03-16T09:31:16","guid":{"rendered":"https:\/\/fil.ee\/uus\/?post_type=product&#038;p=2520"},"modified":"2026-03-16T11:31:16","modified_gmt":"2026-03-16T09:31:16","slug":"roosahull","status":"publish","type":"product","link":"https:\/\/fil.ee\/uus\/toode\/roosahull\/","title":{"rendered":"Roosahull"},"content":{"rendered":"<p>16. m\u00e4rtsil 2026. a. ilmus meie kirjastuselt uus luuleraamat Sanna Sull &#8220;Roosahull&#8221;. Raamat on k\u00f5vade kaante ja v\u00e4rvilise sisuga. Raamatu m\u00f5\u00f5dud on 170&#215;240 mm, maht 64 lehek\u00fclge. Illustreeris Piret Horsam, k\u00fcljendas ja kaaned kujundas Vallo Hallik<\/p>\n<p><strong>Raamatu tutvustus:<br \/>\n<\/strong>M\u00e4lestuseks \u2013 roosast s\u00fc\u00fctusest musta pimedusse ja sealt tagasi iseenda valgusesse &#8230;<br \/>\n\u00dchekordne verbaalne emissioon k\u00f5igile nartsissismiohvritele valguse taasleidmise teele kaasav\u00f5tmiseks ja teistele meeleolukaks lugemiseks.<br \/>\nLugeja leiab \u00f5nneliku l\u00f5puga igap\u00e4evaseid situatsioone, mis on aset leidnud, aset leiavad v\u00f5i v\u00f5ivad kunagi aset leida &#8230;<\/p>\n<p>Raamatusse sisse vaadata saab <a href=\"https:\/\/fil.ee\/sisu\/Roosahull_esimesed-15lk.pdf\">siin<\/a>.<\/p>\n","protected":false},"excerpt":{"rendered":"<p>16. m\u00e4rtsil 2026. a. ilmus meie kirjastuselt uus luuleraamat Sanna Sull &#8220;Roosahull&#8221;. Raamat on k\u00f5vade kaante ja v\u00e4rvilise sisuga. Raamatu m\u00f5\u00f5dud on 170&#215;240 mm, maht 64 lehek\u00fclge. Illustreeris Piret Horsam, k\u00fcljendas ja kaaned kujundas Vallo Hallik Raamatu tutvustus: M\u00e4lestuseks \u2013 roosast s\u00fc\u00fctusest musta pimedusse ja sealt tagasi iseenda valgusesse &#8230; \u00dchekordne verbaalne emissioon k\u00f5igile nartsissismiohvritele [&hellip;]<\/p>\n","protected":false},"featured_media":2521,"comment_status":"closed","ping_status":"closed","template":"","meta":[],"product_brand":[],"product_cat":[23],"product_tag":[],"class_list":{"0":"post-2520","1":"product","2":"type-product","3":"status-publish","4":"has-post-thumbnail","6":"product_cat-luule","8":"first","9":"instock","10":"taxable","11":"shipping-taxable","12":"purchasable","13":"product-type-simple"},"_links":{"self":[{"href":"https:\/\/fil.ee\/uus\/wp-json\/wp\/v2\/product\/2520","targetHints":{"allow":["GET"]}}],"collection":[{"href":"https:\/\/fil.ee\/uus\/wp-json\/wp\/v2\/product"}],"about":[{"href":"https:\/\/fil.ee\/uus\/wp-json\/wp\/v2\/types\/product"}],"replies":[{"embeddable":true,"href":"https:\/\/fil.ee\/uus\/wp-json\/wp\/v2\/comments?post=2520"}],"wp:featuredmedia":[{"embeddable":true,"href":"https:\/\/fil.ee\/uus\/wp-json\/wp\/v2\/media\/2521"}],"wp:attachment":[{"href":"https:\/\/fil.ee\/uus\/wp-json\/wp\/v2\/media?parent=2520"}],"wp:term":[{"taxonomy":"product_brand","embeddable":true,"href":"https:\/\/fil.ee\/uus\/wp-json\/wp\/v2\/product_brand?post=2520"},{"taxonomy":"product_cat","embeddable":true,"href":"https:\/\/fil.ee\/uus\/wp-json\/wp\/v2\/product_cat?post=2520"},{"taxonomy":"product_tag","embeddable":true,"href":"https:\/\/fil.ee\/uus\/wp-json\/wp\/v2\/product_tag?post=2520"}],"curies":[{"name":"wp","href":"https:\/\/api.w.org\/{rel}","templated":true}]}}