{"id":2499,"date":"2026-01-16T07:36:52","date_gmt":"2026-01-16T05:36:52","guid":{"rendered":"https:\/\/fil.ee\/uus\/?post_type=product&#038;p=2499"},"modified":"2026-01-16T19:55:42","modified_gmt":"2026-01-16T17:55:42","slug":"kui-pilved-sosistavad","status":"publish","type":"product","link":"https:\/\/fil.ee\/uus\/toode\/kui-pilved-sosistavad\/","title":{"rendered":"Kui pilved sosistavad"},"content":{"rendered":"<p>16. jaanuaril 2026. a. ilmus meie kirjastuselt uus lasteraamat Tatjana Valdas &#8220;Kui pilved sosistavad&#8221;. Raamat on k\u00f5vade kaante ja v\u00e4rvilise sisuga. Raamatu m\u00f5\u00f5dud on 170&#215;240 mm, maht 48 lehek\u00fclge. Toimetas Heli Hallik, illustreeris Tatjana Valdas, k\u00fcljendas ja kaaned kujundas Vallo Hallik<\/p>\n<p style=\"text-align: justify;\"><strong>Raamatu tutvustus:<br \/>\n<\/strong>Elu muudab tihti inimesi. Minu suurem hingeline muutus toimus siis, kui sain esmakordselt vanaemaks. Nora ja Eva Aleksandra kasvades tuli neile \u00fchel hetkel hakata ettelugema unejutte.<br \/>\nKuigi kaubanduses leidub palju kauneid lasteraamatid, hakkasid jutustamise k\u00e4igus s\u00fcndima ka minu enda lood \u2013 soojad, lihtsad ja s\u00fcdamest tulnud.<br \/>\nNii kogunesid kaustikutesse mitmed jutud, mis ootasid oma aega. N\u00fc\u00fcd, kui on tekkinud v\u00f5imalus luua ise illustratsioone tehisintellekti tarkvara abil, on need lood saanud endale n\u00e4od, v\u00e4rvid ja elu. Vaadates armsaid tekste koos piltidega, tekkis soov jagada neid teiste laste ja peredega.<br \/>\nSee on minu esimene jutustus, mis on s\u00fcndinud ja loodud s\u00fcdamest.<\/p>\n<p>Raamatusse sisse vaadata saab<a href=\"https:\/\/fil.ee\/sisu\/Kui_pilved_sositavad-esimesed_15lk.pdf\"> siin<\/a>.<\/p>\n","protected":false},"excerpt":{"rendered":"<p>16. jaanuaril 2026. a. ilmus meie kirjastuselt uus lasteraamat Tatjana Valdas &#8220;Kui pilved sosistavad&#8221;. Raamat on k\u00f5vade kaante ja v\u00e4rvilise sisuga. Raamatu m\u00f5\u00f5dud on 170&#215;240 mm, maht 48 lehek\u00fclge. Toimetas Heli Hallik, illustreeris Tatjana Valdas, k\u00fcljendas ja kaaned kujundas Vallo Hallik Raamatu tutvustus: Elu muudab tihti inimesi. Minu suurem hingeline muutus toimus siis, kui sain [&hellip;]<\/p>\n","protected":false},"featured_media":2500,"comment_status":"closed","ping_status":"closed","template":"","meta":[],"product_brand":[],"product_cat":[22],"product_tag":[],"class_list":{"0":"post-2499","1":"product","2":"type-product","3":"status-publish","4":"has-post-thumbnail","6":"product_cat-lastele","8":"first","9":"instock","10":"taxable","11":"shipping-taxable","12":"purchasable","13":"product-type-simple"},"_links":{"self":[{"href":"https:\/\/fil.ee\/uus\/wp-json\/wp\/v2\/product\/2499","targetHints":{"allow":["GET"]}}],"collection":[{"href":"https:\/\/fil.ee\/uus\/wp-json\/wp\/v2\/product"}],"about":[{"href":"https:\/\/fil.ee\/uus\/wp-json\/wp\/v2\/types\/product"}],"replies":[{"embeddable":true,"href":"https:\/\/fil.ee\/uus\/wp-json\/wp\/v2\/comments?post=2499"}],"wp:featuredmedia":[{"embeddable":true,"href":"https:\/\/fil.ee\/uus\/wp-json\/wp\/v2\/media\/2500"}],"wp:attachment":[{"href":"https:\/\/fil.ee\/uus\/wp-json\/wp\/v2\/media?parent=2499"}],"wp:term":[{"taxonomy":"product_brand","embeddable":true,"href":"https:\/\/fil.ee\/uus\/wp-json\/wp\/v2\/product_brand?post=2499"},{"taxonomy":"product_cat","embeddable":true,"href":"https:\/\/fil.ee\/uus\/wp-json\/wp\/v2\/product_cat?post=2499"},{"taxonomy":"product_tag","embeddable":true,"href":"https:\/\/fil.ee\/uus\/wp-json\/wp\/v2\/product_tag?post=2499"}],"curies":[{"name":"wp","href":"https:\/\/api.w.org\/{rel}","templated":true}]}}