{"id":2494,"date":"2025-12-22T12:41:37","date_gmt":"2025-12-22T10:41:37","guid":{"rendered":"https:\/\/fil.ee\/uus\/?post_type=product&#038;p=2494"},"modified":"2025-12-22T12:41:37","modified_gmt":"2025-12-22T10:41:37","slug":"365-issanda-paeva","status":"publish","type":"product","link":"https:\/\/fil.ee\/uus\/toode\/365-issanda-paeva\/","title":{"rendered":"365 Issanda p\u00e4eva"},"content":{"rendered":"<p style=\"text-align: justify;\">22. detsembril 2025. a. ilmus meie kirjastuselt uus raamat Erle Eliisa Elias &#8220;365 Issanda p\u00e4eva&#8221;. Raamat on k\u00f5vade kaante ja mustvalge sisuga. Raamatu m\u00f5\u00f5dud on 148&#215;210 mm, maht 360 lehek\u00fclge. Toimetas Heli Hallik, k\u00fcljendas ja kaaned kujundas Vallo Hallik<\/p>\n<p style=\"text-align: justify;\"><strong>Raamatu tutvustus:<br \/>\n<\/strong>Kui tunned, et su hing on nagu kalju serval \u2013 sa enam ei jaksa ega taha edasi minna \u2013 siis tea, et oled just seal, kus Jumal saab sinuga s\u00fcgavalt tegutseda. See on \u201ekoopa aeg\u201c. Sa oled \u00fcksi, aga mitte \u00fcksinda. Oled Issanda ees ja peadki oma galopeeriva hinge Tema ette valama. Tema kohtab sind seal \u2013 oma S\u00f5na, Vaimu ja v\u00e4ega.<br \/>\n\u201eMa j\u00f5uan veel \u00fche p\u00e4eva &#8230; Issanda abiga.\u201c<br \/>\nJa nii v\u00f5ib see korduda uuesti ja uuesti raskel eluperioodil, kuni tuleb lahendus.<br \/>\nSee on aeg, mil su elu tundub peatunud \u2013 k\u00f5ik on justkui tardunud, vaikne ja n\u00e4htamatult raske. Aga tegelikult oled sa vaimses m\u00f5ttes justkui nukkumas: v\u00e4liselt pole midagi n\u00e4ha, kuid sees toimub v\u00f5imas muutus. R\u00f6\u00f6vik ei tea, et temas on tiivad peidus. Ja siis, \u00fchel hetkel, kui aeg on k\u00fcps, murdub kest, valgus tungib sisse ja liblikas t\u00f5useb lendu.<br \/>\nSee raamat, mida k\u00e4es hoiad, on teejuht vaimuliku s\u00fcgavuse ja igap\u00e4evase osaduse suunas Jumalaga.<br \/>\nM\u00f5tisklused sobivad nii isiklikuks vaimulikuks kasvuks kui ka aruteluks Piibli tundides, v\u00e4ikestes gruppides v\u00f5i lihtsalt hommikukohvi k\u00f5rvale.<br \/>\nOlgu see sulle toeks aegadel, mil on raske. Julgustuseks, kui oled v\u00e4sinud. Peegliks, kui otsid m\u00f5tet. S\u00fcvitsi minev kaaslane, mis aitab kasvada \u2013 teadmises, osaduses ja elus koos Jumalaga.<br \/>\nLase Jumala S\u00f5nal ennast uuendada, juhtida ja tugevdada. Iga p\u00e4ev.<\/p>\n<p>Raamatusse sisse vaadata saab <a href=\"https:\/\/fil.ee\/sisu\/365-issanda_paeva-1_osa-esimesed15lk.pdf\">siin<\/a>.<\/p>\n","protected":false},"excerpt":{"rendered":"<p>22. detsembril 2025. a. ilmus meie kirjastuselt uus raamat Erle Eliisa Elias &#8220;365 Issanda p\u00e4eva&#8221;. Raamat on k\u00f5vade kaante ja mustvalge sisuga. Raamatu m\u00f5\u00f5dud on 148&#215;210 mm, maht 360 lehek\u00fclge. Toimetas Heli Hallik, k\u00fcljendas ja kaaned kujundas Vallo Hallik Raamatu tutvustus: Kui tunned, et su hing on nagu kalju serval \u2013 sa enam ei jaksa [&hellip;]<\/p>\n","protected":false},"featured_media":2495,"comment_status":"closed","ping_status":"closed","template":"","meta":[],"product_brand":[],"product_cat":[287],"product_tag":[],"class_list":{"0":"post-2494","1":"product","2":"type-product","3":"status-publish","4":"has-post-thumbnail","6":"product_cat-religioon","8":"first","9":"instock","10":"taxable","11":"shipping-taxable","12":"purchasable","13":"product-type-simple"},"_links":{"self":[{"href":"https:\/\/fil.ee\/uus\/wp-json\/wp\/v2\/product\/2494","targetHints":{"allow":["GET"]}}],"collection":[{"href":"https:\/\/fil.ee\/uus\/wp-json\/wp\/v2\/product"}],"about":[{"href":"https:\/\/fil.ee\/uus\/wp-json\/wp\/v2\/types\/product"}],"replies":[{"embeddable":true,"href":"https:\/\/fil.ee\/uus\/wp-json\/wp\/v2\/comments?post=2494"}],"wp:featuredmedia":[{"embeddable":true,"href":"https:\/\/fil.ee\/uus\/wp-json\/wp\/v2\/media\/2495"}],"wp:attachment":[{"href":"https:\/\/fil.ee\/uus\/wp-json\/wp\/v2\/media?parent=2494"}],"wp:term":[{"taxonomy":"product_brand","embeddable":true,"href":"https:\/\/fil.ee\/uus\/wp-json\/wp\/v2\/product_brand?post=2494"},{"taxonomy":"product_cat","embeddable":true,"href":"https:\/\/fil.ee\/uus\/wp-json\/wp\/v2\/product_cat?post=2494"},{"taxonomy":"product_tag","embeddable":true,"href":"https:\/\/fil.ee\/uus\/wp-json\/wp\/v2\/product_tag?post=2494"}],"curies":[{"name":"wp","href":"https:\/\/api.w.org\/{rel}","templated":true}]}}