{"id":2487,"date":"2025-12-16T07:26:35","date_gmt":"2025-12-16T05:26:35","guid":{"rendered":"https:\/\/fil.ee\/uus\/?post_type=product&#038;p=2487"},"modified":"2025-12-16T07:26:35","modified_gmt":"2025-12-16T05:26:35","slug":"neli-sopra-ja-kadunud-kuningriik","status":"publish","type":"product","link":"https:\/\/fil.ee\/uus\/toode\/neli-sopra-ja-kadunud-kuningriik\/","title":{"rendered":"Neli s\u00f5pra ja kadunud kuningriik"},"content":{"rendered":"<p>16. detsembril 2025. a. ilmus meie kirjastuselt uus lasteraamat Lisete Roosi &#8220;Neli s\u00f5pra ja kadunud kuningriik&#8221;. Raamat on k\u00f5vade kaante ja v\u00e4rvilise sisuga. Raamatu m\u00f5\u00f5dud on 170&#215;240 mm, maht 24 lehek\u00fclge. Toimetas Heli Hallik, k\u00fcljendas ja kaaned kujundas Jaan Lehismets<\/p>\n<p style=\"text-align: justify;\"><strong>Raamatu tutvustus:<br \/>\n<\/strong>Hea lugeja!<br \/>\nSee raamat s\u00fcndis \u00fche v\u00e4ikese t\u00fcdruku Lisete fantaasiast ja unistustest. Ta jutustas lugusid vapratest lastest ja imedest, mida v\u00f5ib kohata ainult kujutlusv\u00f5imes. Meie, t\u00e4iskasvanud, aitasime need lood kirja panna ja lisasime pildid, et seiklused paberilt ellu \u00e4rkaksid.<br \/>\nLoodame, et need jutud viivad sindki r\u00e4ndama sinna, kus k\u00f5ik on v\u00f5imalik ning kus vaprus ja s\u00f5prus loovad imesid.<\/p>\n<p>Raamatusse sisse vaadata saab <a href=\"https:\/\/fil.ee\/sisu\/Neli_sopra_ja_kadunud_kuningriik_esimesed_15lk.pdf\">siin<\/a>.<\/p>\n","protected":false},"excerpt":{"rendered":"<p>16. detsembril 2025. a. ilmus meie kirjastuselt uus lasteraamat Lisete Roosi &#8220;Neli s\u00f5pra ja kadunud kuningriik&#8221;. Raamat on k\u00f5vade kaante ja v\u00e4rvilise sisuga. Raamatu m\u00f5\u00f5dud on 170&#215;240 mm, maht 24 lehek\u00fclge. Toimetas Heli Hallik, k\u00fcljendas ja kaaned kujundas Jaan Lehismets Raamatu tutvustus: Hea lugeja! See raamat s\u00fcndis \u00fche v\u00e4ikese t\u00fcdruku Lisete fantaasiast ja unistustest. Ta [&hellip;]<\/p>\n","protected":false},"featured_media":2488,"comment_status":"closed","ping_status":"closed","template":"","meta":[],"product_brand":[],"product_cat":[22],"product_tag":[],"class_list":{"0":"post-2487","1":"product","2":"type-product","3":"status-publish","4":"has-post-thumbnail","6":"product_cat-lastele","8":"first","9":"instock","10":"taxable","11":"shipping-taxable","12":"purchasable","13":"product-type-simple"},"_links":{"self":[{"href":"https:\/\/fil.ee\/uus\/wp-json\/wp\/v2\/product\/2487","targetHints":{"allow":["GET"]}}],"collection":[{"href":"https:\/\/fil.ee\/uus\/wp-json\/wp\/v2\/product"}],"about":[{"href":"https:\/\/fil.ee\/uus\/wp-json\/wp\/v2\/types\/product"}],"replies":[{"embeddable":true,"href":"https:\/\/fil.ee\/uus\/wp-json\/wp\/v2\/comments?post=2487"}],"wp:featuredmedia":[{"embeddable":true,"href":"https:\/\/fil.ee\/uus\/wp-json\/wp\/v2\/media\/2488"}],"wp:attachment":[{"href":"https:\/\/fil.ee\/uus\/wp-json\/wp\/v2\/media?parent=2487"}],"wp:term":[{"taxonomy":"product_brand","embeddable":true,"href":"https:\/\/fil.ee\/uus\/wp-json\/wp\/v2\/product_brand?post=2487"},{"taxonomy":"product_cat","embeddable":true,"href":"https:\/\/fil.ee\/uus\/wp-json\/wp\/v2\/product_cat?post=2487"},{"taxonomy":"product_tag","embeddable":true,"href":"https:\/\/fil.ee\/uus\/wp-json\/wp\/v2\/product_tag?post=2487"}],"curies":[{"name":"wp","href":"https:\/\/api.w.org\/{rel}","templated":true}]}}