{"id":2485,"date":"2025-12-16T07:22:37","date_gmt":"2025-12-16T05:22:37","guid":{"rendered":"https:\/\/fil.ee\/uus\/?post_type=product&#038;p=2485"},"modified":"2025-12-16T07:22:37","modified_gmt":"2025-12-16T05:22:37","slug":"kaks-vaikest-dinosaurust-ja-piraadid","status":"publish","type":"product","link":"https:\/\/fil.ee\/uus\/toode\/kaks-vaikest-dinosaurust-ja-piraadid\/","title":{"rendered":"Kaks v\u00e4ikest dinosaurust ja piraadid"},"content":{"rendered":"<p>16. detsembril 2025. a. ilmus meie kirjastuselt uus lasteraamat Simo Roosi &#8220;Kaks v\u00e4ikest dinosaurust ja piraadid&#8221;. Raamat on k\u00f5vade kaante ja v\u00e4rvilise sisuga. Raamatu m\u00f5\u00f5dud on 170&#215;240 mm, maht 24 lehek\u00fclge. Toimetas Heli Hallik, k\u00fcljendas ja kaaned kujundas Jaan Lehismets<\/p>\n<p><strong>Raamatu tutvustus:<br \/>\n<\/strong>Kallis lugeja!<br \/>\nSee raamat on valminud m\u00e4nguhoos. Kahe v\u00e4ikese dinosauruse naljakatest ja vapratest ettev\u00f5tmistest jutustas Simo. Meie, suured, panime lood kirja ja lisasime k\u00f5rvale pildid ning nii said dinosaurused ja piraadid raamatus omale elu. Need lood on t\u00e4is nalja, ootamatuid p\u00f6\u00f6rdeid ja natuke ka uljust.<br \/>\nMeie soov on, et lugeja tunneb samasugust r\u00f5\u00f5mu ja lusti, mis oli autoril neid v\u00e4lja m\u00f5eldes.<br \/>\nH\u00fcppa dinosauruste ja piraatide paati, seiklus algab!<\/p>\n<p>Raamatusse sisse vaadata saab <a href=\"https:\/\/fil.ee\/sisu\/Kaks_vaikest_dinosaurust_ja_piraadid_esimesed_15lk.pdf\">siin<\/a>.<\/p>\n","protected":false},"excerpt":{"rendered":"<p>16. detsembril 2025. a. ilmus meie kirjastuselt uus lasteraamat Simo Roosi &#8220;Kaks v\u00e4ikest dinosaurust ja piraadid&#8221;. Raamat on k\u00f5vade kaante ja v\u00e4rvilise sisuga. Raamatu m\u00f5\u00f5dud on 170&#215;240 mm, maht 24 lehek\u00fclge. Toimetas Heli Hallik, k\u00fcljendas ja kaaned kujundas Jaan Lehismets Raamatu tutvustus: Kallis lugeja! See raamat on valminud m\u00e4nguhoos. Kahe v\u00e4ikese dinosauruse naljakatest ja vapratest [&hellip;]<\/p>\n","protected":false},"featured_media":2486,"comment_status":"closed","ping_status":"closed","template":"","meta":[],"product_brand":[],"product_cat":[22],"product_tag":[],"class_list":{"0":"post-2485","1":"product","2":"type-product","3":"status-publish","4":"has-post-thumbnail","6":"product_cat-lastele","8":"first","9":"instock","10":"taxable","11":"shipping-taxable","12":"purchasable","13":"product-type-simple"},"_links":{"self":[{"href":"https:\/\/fil.ee\/uus\/wp-json\/wp\/v2\/product\/2485","targetHints":{"allow":["GET"]}}],"collection":[{"href":"https:\/\/fil.ee\/uus\/wp-json\/wp\/v2\/product"}],"about":[{"href":"https:\/\/fil.ee\/uus\/wp-json\/wp\/v2\/types\/product"}],"replies":[{"embeddable":true,"href":"https:\/\/fil.ee\/uus\/wp-json\/wp\/v2\/comments?post=2485"}],"wp:featuredmedia":[{"embeddable":true,"href":"https:\/\/fil.ee\/uus\/wp-json\/wp\/v2\/media\/2486"}],"wp:attachment":[{"href":"https:\/\/fil.ee\/uus\/wp-json\/wp\/v2\/media?parent=2485"}],"wp:term":[{"taxonomy":"product_brand","embeddable":true,"href":"https:\/\/fil.ee\/uus\/wp-json\/wp\/v2\/product_brand?post=2485"},{"taxonomy":"product_cat","embeddable":true,"href":"https:\/\/fil.ee\/uus\/wp-json\/wp\/v2\/product_cat?post=2485"},{"taxonomy":"product_tag","embeddable":true,"href":"https:\/\/fil.ee\/uus\/wp-json\/wp\/v2\/product_tag?post=2485"}],"curies":[{"name":"wp","href":"https:\/\/api.w.org\/{rel}","templated":true}]}}