{"id":2476,"date":"2025-11-27T01:52:57","date_gmt":"2025-11-26T23:52:57","guid":{"rendered":"https:\/\/fil.ee\/uus\/?post_type=product&#038;p=2476"},"modified":"2025-11-27T01:52:57","modified_gmt":"2025-11-26T23:52:57","slug":"roosa-linn-ja-kaevoruga-tema","status":"publish","type":"product","link":"https:\/\/fil.ee\/uus\/toode\/roosa-linn-ja-kaevoruga-tema\/","title":{"rendered":"Roosa linn ja k\u00e4ev\u00f5ruga Tema"},"content":{"rendered":"<p style=\"text-align: justify;\">27. novembril 2025. a. ilmus meie kirjastuselt uus raamat Marje Aavik &#8220;Roosa linn ja k\u00e4ev\u00f5ruga Tema&#8221;. Raamat on k\u00f5vade kaante ja v\u00e4rvilise sisuga. Raamatu m\u00f5\u00f5dud on 148&#215;210 mm, maht 128 lehek\u00fclge. Toimetas Heli Hallik, k\u00fcljendas ja kaaned kujundas Vallo Hallik<\/p>\n<p style=\"text-align: justify;\"><strong>Raamatu tutvustus:<br \/>\n<\/strong><em>Lennates Jaipuri, roosasse linna, Indiasse ei tea ta veel, et m\u00f5ni koht suudab elu muuta. Lugu naisest, kes satub India v\u00e4rvikirevasse kaosesse ning leiab sealt rahu, l\u00f5hnad, v\u00fcrtsid \u2026 ja \u00fche pilgu, milles on terve maailm. Just siis, kui maailm tundub k\u00e4eulatuses, hakkab see p\u00f6\u00f6rlema teises suunas.<br \/>\n<\/em><em>Sandlipuu l\u00f5hnas rullub lahti teekond, kus iga hetk on m\u00e4rgiline: juhuslik pilk, kingitus turult, teeaurune hommik, \u00fcks kuldne k\u00e4ev\u00f5ru, mis j\u00e4\u00e4b kummitama nagu lubadus. See v\u00f5\u00f5ras, see k\u00e4ev\u00f5ruga Tema saab korraga nii m\u00fcsteeriumiks kui peegliks.<br \/>\n<\/em><em>Roosa linn hingab ja muutub unen\u00e4oks, mis hingab naise sees.<br \/>\n<\/em><em>Lugu, mis on sama elav ja ettearvamatu kui India ise, mis on vahel \u00f5rn, vahel p\u00f6\u00f6rane, aga alati siiras. Kas v\u00f5\u00f5ras v\u00f5ib saada koduks? Kas s\u00fcda tunneb \u00e4ra oma teise poole, isegi kui neid lahutavad maailmad?<br \/>\n<\/em><em>\u201eRoosa linn ja k\u00e4ev\u00f5ruga Tema\u201d on r\u00e4nnak iseenda ja armastuse piirideni.<\/em><\/p>\n<p style=\"text-align: justify;\">***<br \/>\nKui keegi s\u00f5idab Indiasse ja kirjutab sellest k\u00e4igust hiljem raamatu, siis v\u00f5iks eeldada, et tegemist on reisikirjaga. Seda enam, et raamatus on rohkelt kirjeldusi kahe India linna erinevate paikade ja hoonete kohta. Aga kui lugu l\u00f5peb, pole mingit kahtlust, et nende kaante vahele on kirja saanud imeline armastuslugu. Nii leiavadki lugemisr\u00f5\u00f5mu nii reisikirjade kui romantiliste teoste austajad.<br \/>\nHead lugemist!<\/p>\n<p>Raamatusse sisse vaadata saab <a href=\"https:\/\/fil.ee\/sisu\/Roosa_linn_ja_kaevoruga_Tema_esimesed_15lk.pdf\">siin<\/a>.<\/p>\n","protected":false},"excerpt":{"rendered":"<p>27. novembril 2025. a. ilmus meie kirjastuselt uus raamat Marje Aavik &#8220;Roosa linn ja k\u00e4ev\u00f5ruga Tema&#8221;. Raamat on k\u00f5vade kaante ja v\u00e4rvilise sisuga. Raamatu m\u00f5\u00f5dud on 148&#215;210 mm, maht 128 lehek\u00fclge. Toimetas Heli Hallik, k\u00fcljendas ja kaaned kujundas Vallo Hallik Raamatu tutvustus: Lennates Jaipuri, roosasse linna, Indiasse ei tea ta veel, et m\u00f5ni koht suudab [&hellip;]<\/p>\n","protected":false},"featured_media":2477,"comment_status":"closed","ping_status":"closed","template":"","meta":[],"product_brand":[],"product_cat":[19,25],"product_tag":[],"class_list":{"0":"post-2476","1":"product","2":"type-product","3":"status-publish","4":"has-post-thumbnail","6":"product_cat-ilukirjandus","7":"product_cat-reisikirjeldused","9":"first","10":"instock","11":"taxable","12":"shipping-taxable","13":"purchasable","14":"product-type-simple"},"_links":{"self":[{"href":"https:\/\/fil.ee\/uus\/wp-json\/wp\/v2\/product\/2476","targetHints":{"allow":["GET"]}}],"collection":[{"href":"https:\/\/fil.ee\/uus\/wp-json\/wp\/v2\/product"}],"about":[{"href":"https:\/\/fil.ee\/uus\/wp-json\/wp\/v2\/types\/product"}],"replies":[{"embeddable":true,"href":"https:\/\/fil.ee\/uus\/wp-json\/wp\/v2\/comments?post=2476"}],"wp:featuredmedia":[{"embeddable":true,"href":"https:\/\/fil.ee\/uus\/wp-json\/wp\/v2\/media\/2477"}],"wp:attachment":[{"href":"https:\/\/fil.ee\/uus\/wp-json\/wp\/v2\/media?parent=2476"}],"wp:term":[{"taxonomy":"product_brand","embeddable":true,"href":"https:\/\/fil.ee\/uus\/wp-json\/wp\/v2\/product_brand?post=2476"},{"taxonomy":"product_cat","embeddable":true,"href":"https:\/\/fil.ee\/uus\/wp-json\/wp\/v2\/product_cat?post=2476"},{"taxonomy":"product_tag","embeddable":true,"href":"https:\/\/fil.ee\/uus\/wp-json\/wp\/v2\/product_tag?post=2476"}],"curies":[{"name":"wp","href":"https:\/\/api.w.org\/{rel}","templated":true}]}}