{"id":2474,"date":"2025-11-27T01:48:15","date_gmt":"2025-11-26T23:48:15","guid":{"rendered":"https:\/\/fil.ee\/uus\/?post_type=product&#038;p=2474"},"modified":"2025-11-27T01:48:15","modified_gmt":"2025-11-26T23:48:15","slug":"kui-kaovad-piirid","status":"publish","type":"product","link":"https:\/\/fil.ee\/uus\/toode\/kui-kaovad-piirid\/","title":{"rendered":"Kui kaovad piirid"},"content":{"rendered":"<p style=\"text-align: justify;\">27. novembril 2025. a. ilmus meie kirjastuselt uus raamat Madis Kivine &#8220;Kui kaovad piirid&#8221;. Raamat on k\u00f5vade kaante ja mustvalge sisuga. Raamatu m\u00f5\u00f5dud on 148&#215;210 mm, maht 160 lehek\u00fclge. Toimetas S. Rattiste, k\u00fcljendas ja kaaned kujundas Vallo Hallik<\/p>\n<p style=\"text-align: justify;\"><strong>Raamatu tutvustus:<br \/>\n<\/strong>Kui kaovad piirid kujuteldava ja p\u00e4ris elu vahel, v\u00f5ivad juhtuma hakata p\u00e4ris hirmsad asjad.<br \/>\nKunagi ei v\u00f5i kindel olla, kes su ellu j\u00e4rgmisena tulla v\u00f5ib.<br \/>\nKas tullakse su juurde kui semu v\u00f5i tungitakse su ellu perverdina?<br \/>\nKas minnes j\u00e4etakse h\u00fcvasti s\u00f5bralikult, lahkutakse vaenlastena, v\u00f5i \u00e4kki \u2013 \u00fcks teist ei lahkugi &#8230;<br \/>\nEi v\u00f5i iial teada.<\/p>\n<p>Raamatusse sisse vaadata saab <a href=\"https:\/\/fil.ee\/sisu\/Kui_kaovad_piirid_esimesed_15lk.pdf\">siin<\/a>.<\/p>\n","protected":false},"excerpt":{"rendered":"<p>27. novembril 2025. a. ilmus meie kirjastuselt uus raamat Madis Kivine &#8220;Kui kaovad piirid&#8221;. Raamat on k\u00f5vade kaante ja mustvalge sisuga. Raamatu m\u00f5\u00f5dud on 148&#215;210 mm, maht 160 lehek\u00fclge. Toimetas S. Rattiste, k\u00fcljendas ja kaaned kujundas Vallo Hallik Raamatu tutvustus: Kui kaovad piirid kujuteldava ja p\u00e4ris elu vahel, v\u00f5ivad juhtuma hakata p\u00e4ris hirmsad asjad. Kunagi [&hellip;]<\/p>\n","protected":false},"featured_media":2475,"comment_status":"closed","ping_status":"closed","template":"","meta":[],"product_brand":[],"product_cat":[19],"product_tag":[],"class_list":{"0":"post-2474","1":"product","2":"type-product","3":"status-publish","4":"has-post-thumbnail","6":"product_cat-ilukirjandus","8":"first","9":"instock","10":"taxable","11":"shipping-taxable","12":"purchasable","13":"product-type-simple"},"_links":{"self":[{"href":"https:\/\/fil.ee\/uus\/wp-json\/wp\/v2\/product\/2474","targetHints":{"allow":["GET"]}}],"collection":[{"href":"https:\/\/fil.ee\/uus\/wp-json\/wp\/v2\/product"}],"about":[{"href":"https:\/\/fil.ee\/uus\/wp-json\/wp\/v2\/types\/product"}],"replies":[{"embeddable":true,"href":"https:\/\/fil.ee\/uus\/wp-json\/wp\/v2\/comments?post=2474"}],"wp:featuredmedia":[{"embeddable":true,"href":"https:\/\/fil.ee\/uus\/wp-json\/wp\/v2\/media\/2475"}],"wp:attachment":[{"href":"https:\/\/fil.ee\/uus\/wp-json\/wp\/v2\/media?parent=2474"}],"wp:term":[{"taxonomy":"product_brand","embeddable":true,"href":"https:\/\/fil.ee\/uus\/wp-json\/wp\/v2\/product_brand?post=2474"},{"taxonomy":"product_cat","embeddable":true,"href":"https:\/\/fil.ee\/uus\/wp-json\/wp\/v2\/product_cat?post=2474"},{"taxonomy":"product_tag","embeddable":true,"href":"https:\/\/fil.ee\/uus\/wp-json\/wp\/v2\/product_tag?post=2474"}],"curies":[{"name":"wp","href":"https:\/\/api.w.org\/{rel}","templated":true}]}}