{"id":2469,"date":"2025-11-20T19:02:54","date_gmt":"2025-11-20T17:02:54","guid":{"rendered":"https:\/\/fil.ee\/uus\/?post_type=product&#038;p=2469"},"modified":"2026-04-03T19:02:51","modified_gmt":"2026-04-03T16:02:51","slug":"vingerpussy","status":"publish","type":"product","link":"https:\/\/fil.ee\/uus\/toode\/vingerpussy\/","title":{"rendered":"Vingerpussy"},"content":{"rendered":"<p>20. novembril 2025. a. ilmus meie kirjastuselt uus luuleraamat Triinu Kree &#8220;Vingerpussy&#8221;. Raamat on pehmete kaante ja mustvalge sisuga. Raamatu m\u00f5\u00f5dud on 105&#215;148 mm, maht 64 lehek\u00fclge. Kujundus ja illustratsioonid Viivika Vassar, k\u00fcljendus Jaan Lehismets<\/p>\n<p style=\"text-align: justify;\"><strong>Raamatu tutvustus:<br \/>\n<\/strong>\u201eVingerpussy\u201c on korraga ninakas ja habras, isep\u00e4ine ja romantiline, p\u00e4rimuslik ja dekadentne kogu. Ning Kree ise Eesti \u201ev\u00e4ikese temperamendiga girl next door\u201c luuletaja \u2013 soe, kahtlev, heatahtlik, uudishimulik, pehmelt iroomiline. Lugeda enne und v\u00f5i lumesajus v\u00f5i meeleheites v\u00f5i veini juues ja k\u00fc\u00fcnlavalgel \u2013 elamus igal juhul garanteeritud.<br \/>\nSveta Grigorjeva<\/p>\n<p>Raamatusse sisse vaadata saab <a href=\"https:\/\/fil.ee\/sisu\/Vingerpussy_esimesed_15lk.pdf\">siin<\/a>.<\/p>\n","protected":false},"excerpt":{"rendered":"<p>20. novembril 2025. a. ilmus meie kirjastuselt uus luuleraamat Triinu Kree &#8220;Vingerpussy&#8221;. Raamat on pehmete kaante ja mustvalge sisuga. Raamatu m\u00f5\u00f5dud on 105&#215;148 mm, maht 64 lehek\u00fclge. Kujundus ja illustratsioonid Viivika Vassar, k\u00fcljendus Jaan Lehismets Raamatu tutvustus: \u201eVingerpussy\u201c on korraga ninakas ja habras, isep\u00e4ine ja romantiline, p\u00e4rimuslik ja dekadentne kogu. Ning Kree ise Eesti \u201ev\u00e4ikese [&hellip;]<\/p>\n","protected":false},"featured_media":2552,"comment_status":"closed","ping_status":"closed","template":"","meta":[],"product_brand":[],"product_cat":[23],"product_tag":[],"class_list":{"0":"post-2469","1":"product","2":"type-product","3":"status-publish","4":"has-post-thumbnail","6":"product_cat-luule","8":"first","9":"outofstock","10":"taxable","11":"shipping-taxable","12":"product-type-simple"},"_links":{"self":[{"href":"https:\/\/fil.ee\/uus\/wp-json\/wp\/v2\/product\/2469","targetHints":{"allow":["GET"]}}],"collection":[{"href":"https:\/\/fil.ee\/uus\/wp-json\/wp\/v2\/product"}],"about":[{"href":"https:\/\/fil.ee\/uus\/wp-json\/wp\/v2\/types\/product"}],"replies":[{"embeddable":true,"href":"https:\/\/fil.ee\/uus\/wp-json\/wp\/v2\/comments?post=2469"}],"wp:featuredmedia":[{"embeddable":true,"href":"https:\/\/fil.ee\/uus\/wp-json\/wp\/v2\/media\/2552"}],"wp:attachment":[{"href":"https:\/\/fil.ee\/uus\/wp-json\/wp\/v2\/media?parent=2469"}],"wp:term":[{"taxonomy":"product_brand","embeddable":true,"href":"https:\/\/fil.ee\/uus\/wp-json\/wp\/v2\/product_brand?post=2469"},{"taxonomy":"product_cat","embeddable":true,"href":"https:\/\/fil.ee\/uus\/wp-json\/wp\/v2\/product_cat?post=2469"},{"taxonomy":"product_tag","embeddable":true,"href":"https:\/\/fil.ee\/uus\/wp-json\/wp\/v2\/product_tag?post=2469"}],"curies":[{"name":"wp","href":"https:\/\/api.w.org\/{rel}","templated":true}]}}