{"id":2465,"date":"2025-11-20T08:11:12","date_gmt":"2025-11-20T06:11:12","guid":{"rendered":"https:\/\/fil.ee\/uus\/?post_type=product&#038;p=2465"},"modified":"2025-11-20T08:11:12","modified_gmt":"2025-11-20T06:11:12","slug":"maalood","status":"publish","type":"product","link":"https:\/\/fil.ee\/uus\/toode\/maalood\/","title":{"rendered":"Maalood"},"content":{"rendered":"<p>20. novembril 2025. a. ilmus meie kirjastuselt uus lasteraamat Imbi Pajula &#8220;Maalood&#8221;. Raamat on k\u00f5vade kaante ja v\u00e4rvilise sisuga. Raamatu m\u00f5\u00f5dud on 170&#215;240 mm, maht 128 lehek\u00fclge. Toimetas Heli Hallik, illustreeris ja kaaned kujundas Liina Lippasaar, k\u00fcljendas Vallo Hallik<\/p>\n<p style=\"text-align: justify;\"><strong>Raamatu tutvustus:<br \/>\n<\/strong>Selles raamatus olevad lood r\u00e4\u00e4givad \u00fche 5-aastase \u00f5e ja tema 3-aastase venna suvistest juhtumistest maal vanaemade-vanaisade juures. Lugudes juhtub lastega koomilisi \u00e4pardusi talut\u00f6id tehes, koduloomasid toimetades ja looduses olles.<br \/>\nR\u00f5\u00f5msat lugemiselamust!<\/p>\n<p>Raamatusse sisse vaadata saab <a href=\"https:\/\/fil.ee\/sisu\/Maalood_esimesed_15lk.pdf\">siin<\/a>.<\/p>\n","protected":false},"excerpt":{"rendered":"<p>20. novembril 2025. a. ilmus meie kirjastuselt uus lasteraamat Imbi Pajula &#8220;Maalood&#8221;. Raamat on k\u00f5vade kaante ja v\u00e4rvilise sisuga. Raamatu m\u00f5\u00f5dud on 170&#215;240 mm, maht 128 lehek\u00fclge. Toimetas Heli Hallik, illustreeris ja kaaned kujundas Liina Lippasaar, k\u00fcljendas Vallo Hallik Raamatu tutvustus: Selles raamatus olevad lood r\u00e4\u00e4givad \u00fche 5-aastase \u00f5e ja tema 3-aastase venna suvistest juhtumistest [&hellip;]<\/p>\n","protected":false},"featured_media":2466,"comment_status":"closed","ping_status":"closed","template":"","meta":[],"product_brand":[],"product_cat":[22],"product_tag":[],"class_list":{"0":"post-2465","1":"product","2":"type-product","3":"status-publish","4":"has-post-thumbnail","6":"product_cat-lastele","8":"first","9":"instock","10":"taxable","11":"shipping-taxable","12":"purchasable","13":"product-type-simple"},"_links":{"self":[{"href":"https:\/\/fil.ee\/uus\/wp-json\/wp\/v2\/product\/2465","targetHints":{"allow":["GET"]}}],"collection":[{"href":"https:\/\/fil.ee\/uus\/wp-json\/wp\/v2\/product"}],"about":[{"href":"https:\/\/fil.ee\/uus\/wp-json\/wp\/v2\/types\/product"}],"replies":[{"embeddable":true,"href":"https:\/\/fil.ee\/uus\/wp-json\/wp\/v2\/comments?post=2465"}],"wp:featuredmedia":[{"embeddable":true,"href":"https:\/\/fil.ee\/uus\/wp-json\/wp\/v2\/media\/2466"}],"wp:attachment":[{"href":"https:\/\/fil.ee\/uus\/wp-json\/wp\/v2\/media?parent=2465"}],"wp:term":[{"taxonomy":"product_brand","embeddable":true,"href":"https:\/\/fil.ee\/uus\/wp-json\/wp\/v2\/product_brand?post=2465"},{"taxonomy":"product_cat","embeddable":true,"href":"https:\/\/fil.ee\/uus\/wp-json\/wp\/v2\/product_cat?post=2465"},{"taxonomy":"product_tag","embeddable":true,"href":"https:\/\/fil.ee\/uus\/wp-json\/wp\/v2\/product_tag?post=2465"}],"curies":[{"name":"wp","href":"https:\/\/api.w.org\/{rel}","templated":true}]}}