{"id":2459,"date":"2025-11-03T07:59:07","date_gmt":"2025-11-03T05:59:07","guid":{"rendered":"https:\/\/fil.ee\/uus\/?post_type=product&#038;p=2459"},"modified":"2026-03-09T18:49:26","modified_gmt":"2026-03-09T16:49:26","slug":"taavi-peetre-elulugu","status":"publish","type":"product","link":"https:\/\/fil.ee\/uus\/toode\/taavi-peetre-elulugu\/","title":{"rendered":"Taavi Peetre elulugu"},"content":{"rendered":"<p>3. novembril 2025. a. ilmus meie kirjastuselt uus raamat Katrin Tammsaar &#8220;Taavi Peetre elulugu&#8221;. Raamat on k\u00f5vade kaante ja v\u00e4rvilise sisuga. Raamatu m\u00f5\u00f5dud on 148&#215;210 mm, maht 144 lehek\u00fclge. Toimetas Heli Hallik, k\u00fcljendas ja kaaned kujundas Vallo Hallik<\/p>\n<p><strong>Raamatu tutvustus:<br \/>\n<\/strong>\u201eTaavi oli tugev spordimees, rahvamees, hea s\u00f5ber ja jutukaaslane. V\u00e4ga austatud, viisakas ja hooliv inimene. Tal ei j\u00e4\u00e4nud midagi m\u00e4rkamata.\u201c Kaido H\u00f6\u00f6velson<br \/>\n\u201eTaavil oli olemas see lapselik helk silmis, mida paljud otsivad.\u201c Andrus Niit<br \/>\n\u201eSaarte poistena meil klappis kohe algusest peale h\u00e4sti ja rohkem suhtlema hakkasime Hispaania laagris m\u00f5ningatel aastatel \u00fchte tuppa sattudes. Taavi oli rahulik ning hea huumorimeelega ja mis minule k\u00f5ige rohkem tema puhul on j\u00e4\u00e4nud meelde, et temaga oli niiv\u00f5rd lihtne suhelda. Olgu see Eestis temaga korvpalli koos vaatamas k\u00e4ies v\u00f5i laagris tuba jagades.<br \/>\nMeenuvad paljud seigad ja eriti h\u00e4sti on meeles v\u00f5istlused staadionil suvisel Hiiumaal ja sisehallis talvisel Saaremaal.\u201c Madis Kallas<\/p>\n<p>Raamatusse sisse vaadata saab <a href=\"https:\/\/fil.ee\/sisu\/Taavi_Peetre_esimesed_15lk.pdf\">siin<\/a>.<\/p>\n","protected":false},"excerpt":{"rendered":"<p>3. novembril 2025. a. ilmus meie kirjastuselt uus raamat Katrin Tammsaar &#8220;Taavi Peetre elulugu&#8221;. Raamat on k\u00f5vade kaante ja v\u00e4rvilise sisuga. Raamatu m\u00f5\u00f5dud on 148&#215;210 mm, maht 144 lehek\u00fclge. Toimetas Heli Hallik, k\u00fcljendas ja kaaned kujundas Vallo Hallik Raamatu tutvustus: \u201eTaavi oli tugev spordimees, rahvamees, hea s\u00f5ber ja jutukaaslane. V\u00e4ga austatud, viisakas ja hooliv inimene. [&hellip;]<\/p>\n","protected":false},"featured_media":2460,"comment_status":"closed","ping_status":"closed","template":"","meta":[],"product_brand":[],"product_cat":[16],"product_tag":[],"class_list":{"0":"post-2459","1":"product","2":"type-product","3":"status-publish","4":"has-post-thumbnail","6":"product_cat-elulugu","8":"first","9":"instock","10":"taxable","11":"shipping-taxable","12":"purchasable","13":"product-type-simple"},"_links":{"self":[{"href":"https:\/\/fil.ee\/uus\/wp-json\/wp\/v2\/product\/2459","targetHints":{"allow":["GET"]}}],"collection":[{"href":"https:\/\/fil.ee\/uus\/wp-json\/wp\/v2\/product"}],"about":[{"href":"https:\/\/fil.ee\/uus\/wp-json\/wp\/v2\/types\/product"}],"replies":[{"embeddable":true,"href":"https:\/\/fil.ee\/uus\/wp-json\/wp\/v2\/comments?post=2459"}],"wp:featuredmedia":[{"embeddable":true,"href":"https:\/\/fil.ee\/uus\/wp-json\/wp\/v2\/media\/2460"}],"wp:attachment":[{"href":"https:\/\/fil.ee\/uus\/wp-json\/wp\/v2\/media?parent=2459"}],"wp:term":[{"taxonomy":"product_brand","embeddable":true,"href":"https:\/\/fil.ee\/uus\/wp-json\/wp\/v2\/product_brand?post=2459"},{"taxonomy":"product_cat","embeddable":true,"href":"https:\/\/fil.ee\/uus\/wp-json\/wp\/v2\/product_cat?post=2459"},{"taxonomy":"product_tag","embeddable":true,"href":"https:\/\/fil.ee\/uus\/wp-json\/wp\/v2\/product_tag?post=2459"}],"curies":[{"name":"wp","href":"https:\/\/api.w.org\/{rel}","templated":true}]}}