{"id":2457,"date":"2025-11-03T07:54:56","date_gmt":"2025-11-03T05:54:56","guid":{"rendered":"https:\/\/fil.ee\/uus\/?post_type=product&#038;p=2457"},"modified":"2025-11-04T19:59:41","modified_gmt":"2025-11-04T17:59:41","slug":"varane-arkaja","status":"publish","type":"product","link":"https:\/\/fil.ee\/uus\/toode\/varane-arkaja\/","title":{"rendered":"Varane \u00e4rkaja"},"content":{"rendered":"<p style=\"text-align: justify;\">3. novembril 2025. a. ilmus meie kirjastuselt uus raamat Kaire Altosaar \u201cVarane \u00e4rkaja\u201d. Raamat on k\u00f5vade kaante ja mustvalge sisuga. Raamatu m\u00f5\u00f5dud on 148\u00d7210 mm, maht 156 lehek\u00fclge. Toimetas Heli Hallik, k\u00fcljendas ja kaaned kujundas Vallo Hallik<\/p>\n<p style=\"text-align: justify;\"><strong>Raamatu tutvustus:<br \/>\n<\/strong>\u00dchelgi varasemal inimtsivilisatsiooni ajaj\u00e4rgul pole usutud pelgalt viie meelega kogetavat maailma. See on meie ajastu erip\u00e4ra. Oleme meisterlikud mateeria taltsutajad, kuid oleme loobunud p\u00fchadusest \u2013 olulisimast inimeses.<br \/>\nJa ometi on p\u00fchadus k\u00f5ikjal meie \u00fcmber ja me sees. Tuleb lihtsalt seisatada ja vaikida. Vahel laulab ta linnuna, liigub tuulena, l\u00f5hnab nartsissidena \u2026 Homme v\u00f5ib see olla teisiti, aga see on alati p\u00e4ris, see on t\u00f5eline. Kogeda saab seda vaid s\u00fcdamega, sest m\u00f5istus on p\u00fchaduse jaoks liiga v\u00e4ike.<\/p>\n<p>Raamatusse sisse vaadata saab <a href=\"https:\/\/fil.ee\/sisu\/Varane_arkaja_esimesed_15lk.pdf\">siin<\/a>.<\/p>\n","protected":false},"excerpt":{"rendered":"<p>3. novembril 2025. a. ilmus meie kirjastuselt uus raamat Kaire Altosaar \u201cVarane \u00e4rkaja\u201d. Raamat on k\u00f5vade kaante ja mustvalge sisuga. Raamatu m\u00f5\u00f5dud on 148\u00d7210 mm, maht 156 lehek\u00fclge. Toimetas Heli Hallik, k\u00fcljendas ja kaaned kujundas Vallo Hallik Raamatu tutvustus: \u00dchelgi varasemal inimtsivilisatsiooni ajaj\u00e4rgul pole usutud pelgalt viie meelega kogetavat maailma. See on meie ajastu erip\u00e4ra. [&hellip;]<\/p>\n","protected":false},"featured_media":2458,"comment_status":"closed","ping_status":"closed","template":"","meta":[],"product_brand":[],"product_cat":[19,23],"product_tag":[],"class_list":{"0":"post-2457","1":"product","2":"type-product","3":"status-publish","4":"has-post-thumbnail","6":"product_cat-ilukirjandus","7":"product_cat-luule","9":"first","10":"instock","11":"taxable","12":"shipping-taxable","13":"purchasable","14":"product-type-simple"},"_links":{"self":[{"href":"https:\/\/fil.ee\/uus\/wp-json\/wp\/v2\/product\/2457","targetHints":{"allow":["GET"]}}],"collection":[{"href":"https:\/\/fil.ee\/uus\/wp-json\/wp\/v2\/product"}],"about":[{"href":"https:\/\/fil.ee\/uus\/wp-json\/wp\/v2\/types\/product"}],"replies":[{"embeddable":true,"href":"https:\/\/fil.ee\/uus\/wp-json\/wp\/v2\/comments?post=2457"}],"wp:featuredmedia":[{"embeddable":true,"href":"https:\/\/fil.ee\/uus\/wp-json\/wp\/v2\/media\/2458"}],"wp:attachment":[{"href":"https:\/\/fil.ee\/uus\/wp-json\/wp\/v2\/media?parent=2457"}],"wp:term":[{"taxonomy":"product_brand","embeddable":true,"href":"https:\/\/fil.ee\/uus\/wp-json\/wp\/v2\/product_brand?post=2457"},{"taxonomy":"product_cat","embeddable":true,"href":"https:\/\/fil.ee\/uus\/wp-json\/wp\/v2\/product_cat?post=2457"},{"taxonomy":"product_tag","embeddable":true,"href":"https:\/\/fil.ee\/uus\/wp-json\/wp\/v2\/product_tag?post=2457"}],"curies":[{"name":"wp","href":"https:\/\/api.w.org\/{rel}","templated":true}]}}