{"id":2455,"date":"2025-11-03T07:50:52","date_gmt":"2025-11-03T05:50:52","guid":{"rendered":"https:\/\/fil.ee\/uus\/?post_type=product&#038;p=2455"},"modified":"2025-12-14T14:51:09","modified_gmt":"2025-12-14T12:51:09","slug":"alasti-naiselikkus-ehedad-rannakud-naise-hingemaastikel","status":"publish","type":"product","link":"https:\/\/fil.ee\/uus\/toode\/alasti-naiselikkus-ehedad-rannakud-naise-hingemaastikel\/","title":{"rendered":"Alasti naiselikkus. Ehedad r\u00e4nnakud naise hingemaastikel"},"content":{"rendered":"<p>3. novembril 2025. a. ilmus meie kirjastuselt uus esoteeriline raamat Agnes R\u00e4isa &#8220;Alasti naiselikkus. Ehedad r\u00e4nnakud naise hingemaastikel&#8221;. Raamat on k\u00f5vade kaante ja mustvalge sisuga. Raamatu m\u00f5\u00f5dud on 148&#215;210 mm, maht 296 lehek\u00fclge. Toimetas S. Rattiste, k\u00fcljendas Vallo Hallik ja kaaned kujundas Jaan Lehismets<strong>\u00a0<\/strong><\/p>\n<p><strong>Raamatu tutvustus:<br \/>\n<\/strong><strong>Minust<br \/>\n<\/strong>Enese avastamine, enda tegeliku olemuse avamine ja l\u00e4bi oma tegemiste aidates ka teistel seda teha, on minu kirg ja kutsumus siin elus.<br \/>\nMa olen siin selleks, et \u00e4ratada ja hoida l\u00e4bi armastuse.<br \/>\nMa olen Prem Shivani \u2013 Armastuse P\u00fcha Naine<\/p>\n<p><strong>Raamatu lugudest<br \/>\n<\/strong>Ma ei tea kedagi teist, kes oleks oma kogemusi nii ehedalt ja ausalt kirjeldanud, kui sina seda teed. Ma t\u00e4iega naudin seda, kuidas sa kirjeldad oma aistinguid ja tunnetust. Lugejal tekib tunne, nagu ta oleks seda k\u00f5ike omal nahal l\u00e4bi elanud. See eeldab t\u00e4ielikku kohalolu ning kontakti iseendaga k\u00f5ikidel tasanditel. \u00dcks asi on midagi kogeda, hoopis teine tase on aga k\u00f5ike seda, mis toimub, \u00e4ra tunda ja s\u00f5nastada. See on haruldane v\u00f5ime.<br \/>\nM\u00f5tlesin sinu raamatule. See ei oleks mingi lihtsalt eneseabi\u00f5pik, kuigi abi ja tuge saaks sealt k\u00f5ik, kes seda loevad. See saaks olema elu enda poolt armastusega kirjutatud, iga\u00fche hinge.<br \/>\nSee ongi see, mida sa teed, Agnes &#8230; \u00d5igemini sellena, kes sa oled, puhta armastuse kandja ja v\u00e4ljendaja, raputad sa lahti inimestesse kivistunud tunded, mille alla nad on matnud oma armastuse. Ja kui inimene annab loa puudutada oma hinge, siis sa n\u00e4itad talle armastust temas endas. Ja sellest s\u00fcnnib tohutu r\u00f5\u00f5m ja t\u00e4nulikkus &#8230;<br \/>\nAvo Kruuse (2018. aasta s\u00fcgisel)<\/p>\n<p>Raamatusse sisse vaadata saab <a href=\"https:\/\/fil.ee\/sisu\/Alasti_naiselikkus_esimesed_15lk.pdf\">siin<\/a>.<\/p>\n","protected":false},"excerpt":{"rendered":"<p>3. novembril 2025. a. ilmus meie kirjastuselt uus esoteeriline raamat Agnes R\u00e4isa &#8220;Alasti naiselikkus. Ehedad r\u00e4nnakud naise hingemaastikel&#8221;. Raamat on k\u00f5vade kaante ja mustvalge sisuga. Raamatu m\u00f5\u00f5dud on 148&#215;210 mm, maht 296 lehek\u00fclge. Toimetas S. Rattiste, k\u00fcljendas Vallo Hallik ja kaaned kujundas Jaan Lehismets\u00a0 Raamatu tutvustus: Minust Enese avastamine, enda tegeliku olemuse avamine ja l\u00e4bi [&hellip;]<\/p>\n","protected":false},"featured_media":2456,"comment_status":"closed","ping_status":"closed","template":"","meta":[],"product_brand":[],"product_cat":[17],"product_tag":[],"class_list":{"0":"post-2455","1":"product","2":"type-product","3":"status-publish","4":"has-post-thumbnail","6":"product_cat-esoteerika","8":"first","9":"outofstock","10":"taxable","11":"shipping-taxable","12":"purchasable","13":"product-type-simple"},"_links":{"self":[{"href":"https:\/\/fil.ee\/uus\/wp-json\/wp\/v2\/product\/2455","targetHints":{"allow":["GET"]}}],"collection":[{"href":"https:\/\/fil.ee\/uus\/wp-json\/wp\/v2\/product"}],"about":[{"href":"https:\/\/fil.ee\/uus\/wp-json\/wp\/v2\/types\/product"}],"replies":[{"embeddable":true,"href":"https:\/\/fil.ee\/uus\/wp-json\/wp\/v2\/comments?post=2455"}],"wp:featuredmedia":[{"embeddable":true,"href":"https:\/\/fil.ee\/uus\/wp-json\/wp\/v2\/media\/2456"}],"wp:attachment":[{"href":"https:\/\/fil.ee\/uus\/wp-json\/wp\/v2\/media?parent=2455"}],"wp:term":[{"taxonomy":"product_brand","embeddable":true,"href":"https:\/\/fil.ee\/uus\/wp-json\/wp\/v2\/product_brand?post=2455"},{"taxonomy":"product_cat","embeddable":true,"href":"https:\/\/fil.ee\/uus\/wp-json\/wp\/v2\/product_cat?post=2455"},{"taxonomy":"product_tag","embeddable":true,"href":"https:\/\/fil.ee\/uus\/wp-json\/wp\/v2\/product_tag?post=2455"}],"curies":[{"name":"wp","href":"https:\/\/api.w.org\/{rel}","templated":true}]}}