{"id":2449,"date":"2025-10-16T17:45:44","date_gmt":"2025-10-16T14:45:44","guid":{"rendered":"https:\/\/fil.ee\/uus\/?post_type=product&#038;p=2449"},"modified":"2025-11-20T19:05:18","modified_gmt":"2025-11-20T17:05:18","slug":"vestlused-meriloviga-i-uks-avardumise-lugu","status":"publish","type":"product","link":"https:\/\/fil.ee\/uus\/toode\/vestlused-meriloviga-i-uks-avardumise-lugu\/","title":{"rendered":"Vestlused meril\u00f5viga I. \u00dcks avardumise lugu"},"content":{"rendered":"<p style=\"text-align: justify;\">16. oktoobril 2025. a. ilmus meie kirjastuselt uus raamat Britta Aarma &#8220;Vestlused meril\u00f5viga&#8221;. Raamat on pehmete kaante ja mustvalge sisuga (keskel v\u00e4rviline pildipokk). Raamatu m\u00f5\u00f5dud on 148&#215;210 mm, maht 256 lehek\u00fclge. Toimetas S. Rattiste, k\u00fcljendas ja kaaned kujundas Jaan Lehismets<\/p>\n<p style=\"text-align: justify;\"><strong>Raamatu tutvustus:<br \/>\n<\/strong>Triloogia esimene osa r\u00e4\u00e4gib sellest, millised on enesearengu teed l\u00e4inud inimeste valud ja r\u00f5\u00f5mud. Peale vaimse sisuga kursustega liitumist kohtas autor vastuolulist, kuid uskumatult andekat teejuhti nimega Meril\u00f5vi. Koos hakati kursustel \u00f5pitut lahti m\u00f5testama ning autori sasipuntras elu lahendama. Lugeja leiab raamatust nii pisaraid ja naeru kui ka kukkumisi ja enese\u00fcletusi. \u00dchest k\u00fcljest on teos tore kaaslane ning teisest k\u00fcljest praktiline \u201et\u00f6\u00f6riistavaramu\u201d. Elulisi n\u00e4pun\u00e4iteid ja ideid olukordade lahendamiseks illustreerivad autori loodud skeemid. L\u00e4bivateks teemadeks on julgus, enda kehtestamine, oma t\u00f5elise olemuse avastamine, sisetunde kuulamine ja ka vajaliku k\u00fclluse ligimeelitamine. Meril\u00f5vi \u00f5petas, kuidas ennast \u00fcletada, v\u00f5tta vastu uusi kogemusi, joonistada rahaj\u00f5ge ning v\u00e4lja kujunes ka t\u00f5hus Anu Saagimi t\u00f6\u00f6riist, mille autor kohe kasutusele v\u00f5ttis.<br \/>\nLugejana saad inspiratsiooni ja julgust oma unistuste t\u00e4itmiseks, elumuutuseks ning t\u00f5elise potentsiaali avastamiseks. Raamat on Sulle, kes sa tahad \u00f5ppida m\u00e4rkama erinevaid v\u00f5imalusi, saada voolamisse ning koondada oma eluj\u00f5udu, et asjad l\u00f5puks liikuma saada.<\/p>\n<p>Raamatusse sisse vaadata saab<a href=\"https:\/\/fil.ee\/sisu\/Vestlused_meriloviga_esimesed_15lk.pdf\"> siin<\/a>.<\/p>\n","protected":false},"excerpt":{"rendered":"<p>16. oktoobril 2025. a. ilmus meie kirjastuselt uus raamat Britta Aarma &#8220;Vestlused meril\u00f5viga&#8221;. Raamat on pehmete kaante ja mustvalge sisuga (keskel v\u00e4rviline pildipokk). Raamatu m\u00f5\u00f5dud on 148&#215;210 mm, maht 256 lehek\u00fclge. Toimetas S. Rattiste, k\u00fcljendas ja kaaned kujundas Jaan Lehismets Raamatu tutvustus: Triloogia esimene osa r\u00e4\u00e4gib sellest, millised on enesearengu teed l\u00e4inud inimeste valud ja [&hellip;]<\/p>\n","protected":false},"featured_media":2450,"comment_status":"closed","ping_status":"closed","template":"","meta":[],"product_brand":[],"product_cat":[17],"product_tag":[],"class_list":{"0":"post-2449","1":"product","2":"type-product","3":"status-publish","4":"has-post-thumbnail","6":"product_cat-esoteerika","8":"first","9":"outofstock","10":"taxable","11":"shipping-taxable","12":"purchasable","13":"product-type-simple"},"_links":{"self":[{"href":"https:\/\/fil.ee\/uus\/wp-json\/wp\/v2\/product\/2449","targetHints":{"allow":["GET"]}}],"collection":[{"href":"https:\/\/fil.ee\/uus\/wp-json\/wp\/v2\/product"}],"about":[{"href":"https:\/\/fil.ee\/uus\/wp-json\/wp\/v2\/types\/product"}],"replies":[{"embeddable":true,"href":"https:\/\/fil.ee\/uus\/wp-json\/wp\/v2\/comments?post=2449"}],"wp:featuredmedia":[{"embeddable":true,"href":"https:\/\/fil.ee\/uus\/wp-json\/wp\/v2\/media\/2450"}],"wp:attachment":[{"href":"https:\/\/fil.ee\/uus\/wp-json\/wp\/v2\/media?parent=2449"}],"wp:term":[{"taxonomy":"product_brand","embeddable":true,"href":"https:\/\/fil.ee\/uus\/wp-json\/wp\/v2\/product_brand?post=2449"},{"taxonomy":"product_cat","embeddable":true,"href":"https:\/\/fil.ee\/uus\/wp-json\/wp\/v2\/product_cat?post=2449"},{"taxonomy":"product_tag","embeddable":true,"href":"https:\/\/fil.ee\/uus\/wp-json\/wp\/v2\/product_tag?post=2449"}],"curies":[{"name":"wp","href":"https:\/\/api.w.org\/{rel}","templated":true}]}}