{"id":2441,"date":"2025-09-17T11:31:25","date_gmt":"2025-09-17T08:31:25","guid":{"rendered":"https:\/\/fil.ee\/uus\/?post_type=product&#038;p=2441"},"modified":"2025-09-22T11:21:26","modified_gmt":"2025-09-22T08:21:26","slug":"head-sonumid","status":"publish","type":"product","link":"https:\/\/fil.ee\/uus\/toode\/head-sonumid\/","title":{"rendered":"Head s\u00f5numid"},"content":{"rendered":"<p style=\"text-align: justify;\">17. augustil 2025. a. ilmus meie kirjastuselt uus lasteraamat Maria Lepmaa &#8220;Head s\u00f5numid&#8221;. Raamat on k\u00f5vade kaante ja v\u00e4rvilise sisuga. Raamatu m\u00f5\u00f5dud on 155&#215;155 mm, maht 36 lehek\u00fclge. Illustreeris Merle Laht, k\u00fcljendas ja kaaned kujundas Vallo Hallik<\/p>\n<p style=\"text-align: justify;\"><strong>Raamatu tutvustus:<br \/>\n<\/strong>Head s\u00f5numid toovad laste ellu positiivseid m\u00f5tteid ja eneseusku.<br \/>\nS\u00f5numid on julgustavad, innustavad ja \u00f5petavad lapsi ennast armastama ning toetavad nende enesehinnangut ja positiivse suhtumise kujunemist.<br \/>\nRaamat sisaldab lihtsaid ja m\u00f5juvaid lauseid, mis aitavad lastel paremini m\u00f5ista enda v\u00e4\u00e4rtust. Kaunid ja v\u00e4rvilised illustratsioonid muudavad lugemise l\u00f5busaks ja meeldej\u00e4\u00e4vaks.<\/p>\n<p>Raamatusse sisse vaadata saab <a href=\"https:\/\/fil.ee\/sisu\/Head_sonumid_esimesed_15lk.pdf\">siin<\/a>.<\/p>\n","protected":false},"excerpt":{"rendered":"<p>17. augustil 2025. a. ilmus meie kirjastuselt uus lasteraamat Maria Lepmaa &#8220;Head s\u00f5numid&#8221;. Raamat on k\u00f5vade kaante ja v\u00e4rvilise sisuga. Raamatu m\u00f5\u00f5dud on 155&#215;155 mm, maht 36 lehek\u00fclge. Illustreeris Merle Laht, k\u00fcljendas ja kaaned kujundas Vallo Hallik Raamatu tutvustus: Head s\u00f5numid toovad laste ellu positiivseid m\u00f5tteid ja eneseusku. S\u00f5numid on julgustavad, innustavad ja \u00f5petavad lapsi [&hellip;]<\/p>\n","protected":false},"featured_media":2442,"comment_status":"open","ping_status":"closed","template":"","meta":[],"product_brand":[],"product_cat":[22],"product_tag":[],"class_list":{"0":"post-2441","1":"product","2":"type-product","3":"status-publish","4":"has-post-thumbnail","6":"product_cat-lastele","8":"first","9":"instock","10":"taxable","11":"shipping-taxable","12":"purchasable","13":"product-type-simple"},"_links":{"self":[{"href":"https:\/\/fil.ee\/uus\/wp-json\/wp\/v2\/product\/2441","targetHints":{"allow":["GET"]}}],"collection":[{"href":"https:\/\/fil.ee\/uus\/wp-json\/wp\/v2\/product"}],"about":[{"href":"https:\/\/fil.ee\/uus\/wp-json\/wp\/v2\/types\/product"}],"replies":[{"embeddable":true,"href":"https:\/\/fil.ee\/uus\/wp-json\/wp\/v2\/comments?post=2441"}],"wp:featuredmedia":[{"embeddable":true,"href":"https:\/\/fil.ee\/uus\/wp-json\/wp\/v2\/media\/2442"}],"wp:attachment":[{"href":"https:\/\/fil.ee\/uus\/wp-json\/wp\/v2\/media?parent=2441"}],"wp:term":[{"taxonomy":"product_brand","embeddable":true,"href":"https:\/\/fil.ee\/uus\/wp-json\/wp\/v2\/product_brand?post=2441"},{"taxonomy":"product_cat","embeddable":true,"href":"https:\/\/fil.ee\/uus\/wp-json\/wp\/v2\/product_cat?post=2441"},{"taxonomy":"product_tag","embeddable":true,"href":"https:\/\/fil.ee\/uus\/wp-json\/wp\/v2\/product_tag?post=2441"}],"curies":[{"name":"wp","href":"https:\/\/api.w.org\/{rel}","templated":true}]}}