{"id":2436,"date":"2025-09-13T08:00:30","date_gmt":"2025-09-13T05:00:30","guid":{"rendered":"https:\/\/fil.ee\/uus\/?post_type=product&#038;p=2436"},"modified":"2025-09-21T23:30:18","modified_gmt":"2025-09-21T20:30:18","slug":"2436","status":"publish","type":"product","link":"https:\/\/fil.ee\/uus\/toode\/2436\/","title":{"rendered":"UEFA meistrite liiga meeskondade logod 2025-2026. V\u00e4rvimise ja teadmiste raamat"},"content":{"rendered":"<p>12. septembril 2025. a. ilmus meie kirjastuselt uus v\u00e4rvimise ja teadmiste raamat, mille koostas Vallo Hallik &#8220;UEFA meistrite liiga meeskondade logod 2025-2026&#8221;. Raamat on pehmete kaante ja mustvalge sisuga. Raamatu m\u00f5\u00f5dud on 240&#215;170 mm, maht 20 lehek\u00fclge. k\u00fcljendas ja kaaned kujundas Vallo Hallik<\/p>\n<p><strong>Raamatu tutvustus:<br \/>\n<\/strong>Kas sa teadsid, et &#8230;<br \/>\nturniirist v\u00f5tab osa 36 meeskonda 16 riigist; suurim staadion on BARCELONA staadion SPOTIFY CAMP NOU, mis on 99354 kohaline; v\u00e4ikseim on 5800 kohaline AZ\u018fRSUN ARENA staadion; noorim osalev klubi asutati 2014. aastal ja see on PAFOS SC; vanim klubi asutati 1878. aastal ja see on ARSENAL FC; enim kordi on v\u00f5itnud REAL MADRID CF 15 korda, 0 v\u00f5itu on koguni 23 v\u00f5istkonnal; oma riigi meistriks on enim kordi tulnud OLYMPIACOS FC, koguni 48 korda.<\/p>\n<p>Raamatusse sisse vaadata saab <a href=\"https:\/\/fil.ee\/sisu\/meistrite%20liiga%20-%202025-2026_esimesed_15lk.pdf\">siin.<\/a><\/p>\n","protected":false},"excerpt":{"rendered":"<p>12. septembril 2025. a. ilmus meie kirjastuselt uus v\u00e4rvimise ja teadmiste raamat, mille koostas Vallo Hallik &#8220;UEFA meistrite liiga meeskondade logod 2025-2026&#8221;. Raamat on pehmete kaante ja mustvalge sisuga. Raamatu m\u00f5\u00f5dud on 240&#215;170 mm, maht 20 lehek\u00fclge. k\u00fcljendas ja kaaned kujundas Vallo Hallik Raamatu tutvustus: Kas sa teadsid, et &#8230; turniirist v\u00f5tab osa 36 meeskonda [&hellip;]<\/p>\n","protected":false},"featured_media":2437,"comment_status":"open","ping_status":"closed","template":"","meta":[],"product_brand":[],"product_cat":[22],"product_tag":[],"class_list":{"0":"post-2436","1":"product","2":"type-product","3":"status-publish","4":"has-post-thumbnail","6":"product_cat-lastele","8":"first","9":"instock","10":"taxable","11":"shipping-taxable","12":"purchasable","13":"product-type-simple"},"_links":{"self":[{"href":"https:\/\/fil.ee\/uus\/wp-json\/wp\/v2\/product\/2436","targetHints":{"allow":["GET"]}}],"collection":[{"href":"https:\/\/fil.ee\/uus\/wp-json\/wp\/v2\/product"}],"about":[{"href":"https:\/\/fil.ee\/uus\/wp-json\/wp\/v2\/types\/product"}],"replies":[{"embeddable":true,"href":"https:\/\/fil.ee\/uus\/wp-json\/wp\/v2\/comments?post=2436"}],"wp:featuredmedia":[{"embeddable":true,"href":"https:\/\/fil.ee\/uus\/wp-json\/wp\/v2\/media\/2437"}],"wp:attachment":[{"href":"https:\/\/fil.ee\/uus\/wp-json\/wp\/v2\/media?parent=2436"}],"wp:term":[{"taxonomy":"product_brand","embeddable":true,"href":"https:\/\/fil.ee\/uus\/wp-json\/wp\/v2\/product_brand?post=2436"},{"taxonomy":"product_cat","embeddable":true,"href":"https:\/\/fil.ee\/uus\/wp-json\/wp\/v2\/product_cat?post=2436"},{"taxonomy":"product_tag","embeddable":true,"href":"https:\/\/fil.ee\/uus\/wp-json\/wp\/v2\/product_tag?post=2436"}],"curies":[{"name":"wp","href":"https:\/\/api.w.org\/{rel}","templated":true}]}}