{"id":2425,"date":"2025-08-11T11:54:39","date_gmt":"2025-08-11T08:54:39","guid":{"rendered":"https:\/\/fil.ee\/uus\/?post_type=product&#038;p=2425"},"modified":"2025-11-04T20:00:25","modified_gmt":"2025-11-04T18:00:25","slug":"harra-toomingas","status":"publish","type":"product","link":"https:\/\/fil.ee\/uus\/toode\/harra-toomingas\/","title":{"rendered":"H\u00e4rra Toomingas"},"content":{"rendered":"<p style=\"text-align: justify;\">11. augustil 2025. a. ilmus meie kirjastuselt uus raamat Erle Eliise Elias &#8220;H\u00e4rra Toomingas&#8221;. Raamat on k\u00f5vade kaante ja v\u00e4rvilise sisuga. Raamatu m\u00f5\u00f5dud on 170&#215;240 mm, maht 24 lehek\u00fclge. Toimetas Heli Hallik, illustreeris Merle Laht, k\u00fcljendas ja kaaned kujundas Vallo Hallik<\/p>\n<p style=\"text-align: justify;\"><strong>Raamatu tutvustus:<br \/>\n<\/strong>Tutvu H\u00e4rra Toomingaga! <strong>Volli on suur \u2013 mitte ainult pikkuses, vaid ka hinges.<br \/>\n<\/strong>Kui teised lapsed kasvavad m\u00e4ngudest v\u00e4lja, siis Volli j\u00e4\u00e4bki m\u00e4ngima. Ta elab omas maailmas, kus lego-inimesed p\u00e4\u00e4stavad kasse ja lego-politseiautod kihutavad t\u00e4navail. Ta on kohmakas, heas\u00fcdamlik ja veidi hajameelne \u2013 inimene, kelle jaoks maailm on natuke liiga v\u00e4ike, aga kelle s\u00fcda on tohutult suur.<br \/>\n\u201eH\u00e4rra Toomingas\u201d on lustlik ja soe lasteraamat k\u00f5igile, kes on kunagi tundnud, et nad ei sobitu p\u00e4ris t\u00e4pselt tavaraamidesse. See on raamat fantaasiast, lootusest ja unistustest. Nendest asjadest, mis meid inimeseks teevad.<br \/>\n<strong>Volli on v\u00f5ib-olla natuke naljakas, aga ta on ka v\u00e4ga-v\u00e4ga p\u00e4ris.<br \/>\n<\/strong>Need lustakad lood sobivad nii v\u00e4ikestele kui suurtele, kes armastavad kelmikat huumorit ja oskavad hinnata inimesi, kes j\u00e4\u00e4vad truuks iseendale.<\/p>\n<p>Raamatusse sisse vaadata saab<a href=\"http:\/\/Harra_Toomingas_esimesed_15lk.pdf\"> siin<\/a>.<\/p>\n","protected":false},"excerpt":{"rendered":"<p>11. augustil 2025. a. ilmus meie kirjastuselt uus raamat Erle Eliise Elias &#8220;H\u00e4rra Toomingas&#8221;. Raamat on k\u00f5vade kaante ja v\u00e4rvilise sisuga. Raamatu m\u00f5\u00f5dud on 170&#215;240 mm, maht 24 lehek\u00fclge. Toimetas Heli Hallik, illustreeris Merle Laht, k\u00fcljendas ja kaaned kujundas Vallo Hallik Raamatu tutvustus: Tutvu H\u00e4rra Toomingaga! Volli on suur \u2013 mitte ainult pikkuses, vaid ka [&hellip;]<\/p>\n","protected":false},"featured_media":2426,"comment_status":"open","ping_status":"closed","template":"","meta":[],"product_brand":[],"product_cat":[22],"product_tag":[],"class_list":{"0":"post-2425","1":"product","2":"type-product","3":"status-publish","4":"has-post-thumbnail","6":"product_cat-lastele","8":"first","9":"instock","10":"taxable","11":"shipping-taxable","12":"purchasable","13":"product-type-simple"},"_links":{"self":[{"href":"https:\/\/fil.ee\/uus\/wp-json\/wp\/v2\/product\/2425","targetHints":{"allow":["GET"]}}],"collection":[{"href":"https:\/\/fil.ee\/uus\/wp-json\/wp\/v2\/product"}],"about":[{"href":"https:\/\/fil.ee\/uus\/wp-json\/wp\/v2\/types\/product"}],"replies":[{"embeddable":true,"href":"https:\/\/fil.ee\/uus\/wp-json\/wp\/v2\/comments?post=2425"}],"wp:featuredmedia":[{"embeddable":true,"href":"https:\/\/fil.ee\/uus\/wp-json\/wp\/v2\/media\/2426"}],"wp:attachment":[{"href":"https:\/\/fil.ee\/uus\/wp-json\/wp\/v2\/media?parent=2425"}],"wp:term":[{"taxonomy":"product_brand","embeddable":true,"href":"https:\/\/fil.ee\/uus\/wp-json\/wp\/v2\/product_brand?post=2425"},{"taxonomy":"product_cat","embeddable":true,"href":"https:\/\/fil.ee\/uus\/wp-json\/wp\/v2\/product_cat?post=2425"},{"taxonomy":"product_tag","embeddable":true,"href":"https:\/\/fil.ee\/uus\/wp-json\/wp\/v2\/product_tag?post=2425"}],"curies":[{"name":"wp","href":"https:\/\/api.w.org\/{rel}","templated":true}]}}