{"id":2415,"date":"2025-06-05T11:13:26","date_gmt":"2025-06-05T08:13:26","guid":{"rendered":"https:\/\/fil.ee\/uus\/?post_type=product&#038;p=2415"},"modified":"2025-09-16T08:38:24","modified_gmt":"2025-09-16T05:38:24","slug":"mineviku-haaled","status":"publish","type":"product","link":"https:\/\/fil.ee\/uus\/toode\/mineviku-haaled\/","title":{"rendered":"Mineviku h\u00e4\u00e4led"},"content":{"rendered":"<p>5. juunil 2025. a. ilmus meie kirjastuselt uus raamat Madis Kivine \u201cMineviku h\u00e4\u00e4led\u201d. Raamat on k\u00f5vade kaante ja mustvalge sisuga. Raamatu m\u00f5\u00f5dud on 148\u00d7210 mm, maht 192 lehek\u00fclge. Toimetas S. Rattiste, kaaned kujundas Liis Raadik, k\u00fcljendas Vallo Hallik<\/p>\n<p><strong>Raamatu tutvustus:<br \/>\n<\/strong>Kui minevikus toimunud s\u00fcndmused, ka m\u00f5rv, tulevad p\u00e4evavalgele, p\u00f6\u00f6rleb k\u00f5ik saladusse \u2013 keelatud armastus.<br \/>\nNoored, juhuslikult tutvunud Eliisa ja Daniel, leiavad vanad armastuskirjad ning asuvad uurima s\u00fcndmusi, mis j\u00e4\u00e4vad kaugele minevikku. Avastades t\u00f5e \u2013 s\u00fcndmustel on otsene seotus nende esivanematega \u2013 selgub, et need kaks suguv\u00f5sa on omavahel s\u00fcgavas vaenus ja midagi ei ole unustatud.<br \/>\nEliisa ja Daniel armuvad. Tundub, et vanemate keelud, mis t\u00e4is pimedat ajaloohaava, ei suuda nende \u00f5nne takistada, kuid mineviku vari j\u00e4litab neid.<br \/>\nKas noorte tutvumine oli ikka juhuslik? \u2026 Kas minevik saab jagu tulevikust?<\/p>\n<p>Raamatusse sisse vaadata saab <a href=\"https:\/\/fil.ee\/sisu\/Mineviku_haaled_esimesed_15lk.pdf\">siin<\/a>.<\/p>\n","protected":false},"excerpt":{"rendered":"<p>5. juunil 2025. a. ilmus meie kirjastuselt uus raamat Madis Kivine \u201cMineviku h\u00e4\u00e4led\u201d. Raamat on k\u00f5vade kaante ja mustvalge sisuga. Raamatu m\u00f5\u00f5dud on 148\u00d7210 mm, maht 192 lehek\u00fclge. Toimetas S. Rattiste, kaaned kujundas Liis Raadik, k\u00fcljendas Vallo Hallik Raamatu tutvustus: Kui minevikus toimunud s\u00fcndmused, ka m\u00f5rv, tulevad p\u00e4evavalgele, p\u00f6\u00f6rleb k\u00f5ik saladusse \u2013 keelatud armastus. Noored, [&hellip;]<\/p>\n","protected":false},"featured_media":2416,"comment_status":"open","ping_status":"closed","template":"","meta":[],"product_brand":[],"product_cat":[19],"product_tag":[],"class_list":{"0":"post-2415","1":"product","2":"type-product","3":"status-publish","4":"has-post-thumbnail","6":"product_cat-ilukirjandus","8":"first","9":"instock","10":"taxable","11":"shipping-taxable","12":"purchasable","13":"product-type-simple"},"_links":{"self":[{"href":"https:\/\/fil.ee\/uus\/wp-json\/wp\/v2\/product\/2415","targetHints":{"allow":["GET"]}}],"collection":[{"href":"https:\/\/fil.ee\/uus\/wp-json\/wp\/v2\/product"}],"about":[{"href":"https:\/\/fil.ee\/uus\/wp-json\/wp\/v2\/types\/product"}],"replies":[{"embeddable":true,"href":"https:\/\/fil.ee\/uus\/wp-json\/wp\/v2\/comments?post=2415"}],"wp:featuredmedia":[{"embeddable":true,"href":"https:\/\/fil.ee\/uus\/wp-json\/wp\/v2\/media\/2416"}],"wp:attachment":[{"href":"https:\/\/fil.ee\/uus\/wp-json\/wp\/v2\/media?parent=2415"}],"wp:term":[{"taxonomy":"product_brand","embeddable":true,"href":"https:\/\/fil.ee\/uus\/wp-json\/wp\/v2\/product_brand?post=2415"},{"taxonomy":"product_cat","embeddable":true,"href":"https:\/\/fil.ee\/uus\/wp-json\/wp\/v2\/product_cat?post=2415"},{"taxonomy":"product_tag","embeddable":true,"href":"https:\/\/fil.ee\/uus\/wp-json\/wp\/v2\/product_tag?post=2415"}],"curies":[{"name":"wp","href":"https:\/\/api.w.org\/{rel}","templated":true}]}}