{"id":2407,"date":"2025-05-19T17:00:54","date_gmt":"2025-05-19T14:00:54","guid":{"rendered":"https:\/\/fil.ee\/uus\/?post_type=product&#038;p=2407"},"modified":"2025-10-16T17:25:24","modified_gmt":"2025-10-16T14:25:24","slug":"elujanu","status":"publish","type":"product","link":"https:\/\/fil.ee\/uus\/toode\/elujanu\/","title":{"rendered":"Elujanu"},"content":{"rendered":"<p>20. mail 2025. a. ilmus meie kirjastuselt uus raamat Virve Saar &#8220;Elujanu&#8221;. Raamat on k\u00f5vade kaante ja mustvalge sisuga. Raamatu m\u00f5\u00f5dud on 145&#215;200 mm, maht 164 lehek\u00fclge. Toimetas S. Rattiste, kaaned kujundas Jaan Lehismets, k\u00fcljendas Vallo Hallik<\/p>\n<p style=\"text-align: justify;\"><strong>Raamatu tutvustus:<br \/>\n<\/strong>See on \u00fche noore mehe edulugu, kes peale traagilisi s\u00fcndmusi ratastooli j\u00e4\u00e4des ennast tohutu tahtej\u00f5u abil \u00fcles t\u00f6\u00f6tas, hakkas invasporti tegema, l\u00e4ks t\u00f6\u00f6le, p\u00fchendus pereelule, rajas uue kodu ja tegi maja \u00fcmberehitusel k\u00f5ike ratastoolis olles.<br \/>\nSee raamat on kui k\u00e4siraamat teistele ratastoolis inimestele \u2013 annab motivatsiooni tegutsemiseks, n\u00e4idates, mida k\u00f5ike on v\u00f5imalik saavutada eesm\u00e4rgi nimel.<\/p>\n<p>Raamatusse sisse vaadata saab<a href=\"https:\/\/fil.ee\/sisu\/Elujanu_esimesed_15lk.pdf\"> siin<\/a>.<\/p>\n","protected":false},"excerpt":{"rendered":"<p>20. mail 2025. a. ilmus meie kirjastuselt uus raamat Virve Saar &#8220;Elujanu&#8221;. Raamat on k\u00f5vade kaante ja mustvalge sisuga. Raamatu m\u00f5\u00f5dud on 145&#215;200 mm, maht 164 lehek\u00fclge. Toimetas S. Rattiste, kaaned kujundas Jaan Lehismets, k\u00fcljendas Vallo Hallik Raamatu tutvustus: See on \u00fche noore mehe edulugu, kes peale traagilisi s\u00fcndmusi ratastooli j\u00e4\u00e4des ennast tohutu tahtej\u00f5u abil [&hellip;]<\/p>\n","protected":false},"featured_media":2408,"comment_status":"open","ping_status":"closed","template":"","meta":[],"product_brand":[],"product_cat":[19],"product_tag":[],"class_list":{"0":"post-2407","1":"product","2":"type-product","3":"status-publish","4":"has-post-thumbnail","6":"product_cat-ilukirjandus","8":"first","9":"instock","10":"taxable","11":"shipping-taxable","12":"purchasable","13":"product-type-simple"},"_links":{"self":[{"href":"https:\/\/fil.ee\/uus\/wp-json\/wp\/v2\/product\/2407","targetHints":{"allow":["GET"]}}],"collection":[{"href":"https:\/\/fil.ee\/uus\/wp-json\/wp\/v2\/product"}],"about":[{"href":"https:\/\/fil.ee\/uus\/wp-json\/wp\/v2\/types\/product"}],"replies":[{"embeddable":true,"href":"https:\/\/fil.ee\/uus\/wp-json\/wp\/v2\/comments?post=2407"}],"wp:featuredmedia":[{"embeddable":true,"href":"https:\/\/fil.ee\/uus\/wp-json\/wp\/v2\/media\/2408"}],"wp:attachment":[{"href":"https:\/\/fil.ee\/uus\/wp-json\/wp\/v2\/media?parent=2407"}],"wp:term":[{"taxonomy":"product_brand","embeddable":true,"href":"https:\/\/fil.ee\/uus\/wp-json\/wp\/v2\/product_brand?post=2407"},{"taxonomy":"product_cat","embeddable":true,"href":"https:\/\/fil.ee\/uus\/wp-json\/wp\/v2\/product_cat?post=2407"},{"taxonomy":"product_tag","embeddable":true,"href":"https:\/\/fil.ee\/uus\/wp-json\/wp\/v2\/product_tag?post=2407"}],"curies":[{"name":"wp","href":"https:\/\/api.w.org\/{rel}","templated":true}]}}